{"id":8641,"date":"2023-11-30T14:38:57","date_gmt":"2023-11-30T14:38:57","guid":{"rendered":"https:\/\/resonanzio.de\/kontakt\/"},"modified":"2025-12-15T17:41:37","modified_gmt":"2025-12-15T17:41:37","slug":"contact","status":"publish","type":"page","link":"https:\/\/resonanzio.de\/en\/contact\/","title":{"rendered":"Contact"},"content":{"rendered":"\t\t<div data-elementor-type=\"wp-page\" data-elementor-id=\"8641\" class=\"elementor elementor-8641 elementor-8147\" data-elementor-post-type=\"page\">\n\t\t\t\t<div class=\"elementor-element elementor-element-eb3145b e-con-full qode_elementor_container_inner e-flex parallax_section_no e-con e-parent\" data-id=\"eb3145b\" data-element_type=\"container\" data-e-type=\"container\">\n\t\t\t\t<div class=\"elementor-element elementor-element-ae0929d elementor-widget elementor-widget-bridge_custom_font\" data-id=\"ae0929d\" data-element_type=\"widget\" data-e-type=\"widget\" data-widget_type=\"bridge_custom_font.default\">\n\t\t\t\t<div class=\"elementor-widget-container\">\n\t\t\t\t\t<div class=\"custom_font_holder \" style=\" font-style: normal; font-weight: 500; color: #E5E5E5; text-decoration: none; text-align: left; --qode-cf-font-size: 140px; --qode-cf-line-height: 140px; --qode-cf-font-size-1440: 140px; --qode-cf-line-height-1440: 140px; --qode-cf-font-size-1366: 140px; --qode-cf-line-height-1366: 140px; --qode-cf-font-size-1280: 140px; --qode-cf-line-height-1280: 140px; --qode-cf-font-size-1024: 140px; --qode-cf-line-height-1024: 140px; --qode-cf-font-size-768: 100px; --qode-cf-line-height-768: 140px; --qode-cf-font-size-680: 47px; --qode-cf-line-height-680: 140px; --qode-cf-font-size-480: 47px; --qode-cf-line-height-480: 140px;\">CONTACT<\/div>\t\t\t\t<\/div>\n\t\t\t\t<\/div>\n\t\t\t\t<\/div>\n\t\t<div class=\"elementor-element elementor-element-e7469a8 e-flex e-con-boxed parallax_section_no qode_elementor_container_no e-con e-parent\" data-id=\"e7469a8\" data-element_type=\"container\" data-e-type=\"container\">\n\t\t\t\t\t<div class=\"e-con-inner\">\n\t\t\t\t<div class=\"elementor-element elementor-element-62cae99 elementor-widget elementor-widget-image\" data-id=\"62cae99\" data-element_type=\"widget\" data-e-type=\"widget\" data-widget_type=\"image.default\">\n\t\t\t\t\t\t\t\t\t\t\t\t\t\t\t<img fetchpriority=\"high\" decoding=\"async\" width=\"1920\" height=\"890\" src=\"https:\/\/resonanzio.de\/wp-content\/uploads\/2025\/09\/Home-4.jpeg\" class=\"attachment-full size-full wp-image-8546\" alt=\"\" srcset=\"https:\/\/resonanzio.de\/wp-content\/uploads\/2025\/09\/Home-4.jpeg 1920w, https:\/\/resonanzio.de\/wp-content\/uploads\/2025\/09\/Home-4-600x278.jpeg 600w, https:\/\/resonanzio.de\/wp-content\/uploads\/2025\/09\/Home-4-300x139.jpeg 300w, https:\/\/resonanzio.de\/wp-content\/uploads\/2025\/09\/Home-4-1024x475.jpeg 1024w, https:\/\/resonanzio.de\/wp-content\/uploads\/2025\/09\/Home-4-768x356.jpeg 768w, https:\/\/resonanzio.de\/wp-content\/uploads\/2025\/09\/Home-4-1536x712.jpeg 1536w, https:\/\/resonanzio.de\/wp-content\/uploads\/2025\/09\/Home-4-700x324.jpeg 700w\" sizes=\"(max-width: 1920px) 100vw, 1920px\" \/>\t\t\t\t\t\t\t\t\t\t\t\t\t\t\t<\/div>\n\t\t\t\t\t<\/div>\n\t\t\t\t<\/div>\n\t\t<div class=\"elementor-element elementor-element-51ac8a9d e-flex e-con-boxed parallax_section_no qode_elementor_container_no e-con e-parent\" data-id=\"51ac8a9d\" data-element_type=\"container\" data-e-type=\"container\">\n\t\t\t\t\t<div class=\"e-con-inner\">\n\t\t\t\t<div class=\"elementor-element elementor-element-37afefe0 elementor-widget__width-initial elementor-widget elementor-widget-text-editor\" data-id=\"37afefe0\" data-element_type=\"widget\" data-e-type=\"widget\" data-widget_type=\"text-editor.default\">\n\t\t\t\t\t\t\t\t\t<h3><strong><span style=\"color: #c63527;\">WE LOOK<\/span> <\/strong><span style=\"color: #c63527;\"><strong>FORWARD<\/strong><\/span><\/h3><h3><span style=\"color: #c63527;\"><strong>TO HEARING<\/strong><\/span><\/h3><h3><span style=\"color: #c63527;\"><strong>FROM YOU<\/strong><\/span><\/h3><h5>\u00a0<\/h5><h5>Matthias Beltinger<\/h5><h5><a href=\"mailto:contact@resonanzio.com\">contact@resonanzio.com <\/a><\/h5><h5>+49 177 2358464<\/h5>\t\t\t\t\t\t\t\t<\/div>\n\t\t\t\t<div class=\"elementor-element elementor-element-48eeb15c elementor-widget elementor-widget-bridge_custom_font\" data-id=\"48eeb15c\" data-element_type=\"widget\" data-e-type=\"widget\" data-widget_type=\"bridge_custom_font.default\">\n\t\t\t\t<div class=\"elementor-widget-container\">\n\t\t\t\t\t<div class=\"custom_font_holder \" style=\"font-family: autosignature; font-style: normal; font-weight: 300; color: #C62527; text-decoration: none; text-align: left; --qode-cf-font-size: 60px; --qode-cf-line-height: 90px; --qode-cf-font-size-1440: 60px; --qode-cf-line-height-1440: 90px; --qode-cf-font-size-1366: 60px; --qode-cf-line-height-1366: 90px; --qode-cf-font-size-1280: 60px; --qode-cf-line-height-1280: 90px; --qode-cf-font-size-1024: 60px; --qode-cf-line-height-1024: 90px; --qode-cf-font-size-768: 60px; --qode-cf-line-height-768: 90px; --qode-cf-font-size-680: 60px; --qode-cf-line-height-680: 90px; --qode-cf-font-size-480: 60px; --qode-cf-line-height-480: 90px;\">Contact<\/div>\t\t\t\t<\/div>\n\t\t\t\t<\/div>\n\t\t\t\t\t<\/div>\n\t\t\t\t<\/div>\n\t\t<div class=\"elementor-element elementor-element-4d24c16 e-con-full qode_elementor_container_inner e-flex parallax_section_no e-con e-parent\" data-id=\"4d24c16\" data-element_type=\"container\" data-e-type=\"container\">\n\t\t\t\t<div class=\"elementor-element elementor-element-cc4f50a elementor-widget__width-initial elementor-widget elementor-widget-bridge_cf_7\" data-id=\"cc4f50a\" data-element_type=\"widget\" data-e-type=\"widget\" data-widget_type=\"bridge_cf_7.default\">\n\t\t\t\t<div class=\"elementor-widget-container\">\n\t\t\t\t\t    <div class=\"qode-contact-form-7 qode-contact-form-7-0\">\n    \n<div class=\"wpcf7 no-js\" id=\"wpcf7-f8680-o1\" lang=\"en-US\" dir=\"ltr\" data-wpcf7-id=\"8680\">\n<div class=\"screen-reader-response\"><p role=\"status\" aria-live=\"polite\" aria-atomic=\"true\"><\/p> <ul><\/ul><\/div>\n<form action=\"\/en\/wp-json\/wp\/v2\/pages\/8641#wpcf7-f8680-o1\" method=\"post\" class=\"wpcf7-form init cf7_custom_style_1\" aria-label=\"Contact form\" novalidate=\"novalidate\" data-status=\"init\">\n<fieldset class=\"hidden-fields-container\"><input type=\"hidden\" name=\"_wpcf7\" value=\"8680\" \/><input type=\"hidden\" name=\"_wpcf7_version\" value=\"6.1.5\" \/><input type=\"hidden\" name=\"_wpcf7_locale\" value=\"en_US\" \/><input type=\"hidden\" name=\"_wpcf7_unit_tag\" value=\"wpcf7-f8680-o1\" \/><input type=\"hidden\" name=\"_wpcf7_container_post\" value=\"0\" \/><input type=\"hidden\" name=\"_wpcf7_posted_data_hash\" value=\"\" \/>\n<\/fieldset>\n<div class=\"two_columns_50_50 clearfix\">\n    <div class=\"column1\">\n        <div class=\"column_inner\">\n\t<span class=\"wpcf7-form-control-wrap\" data-name=\"your-name\"><input size=\"40\" maxlength=\"400\" class=\"wpcf7-form-control wpcf7-text wpcf7-validates-as-required\" aria-required=\"true\" aria-invalid=\"false\" placeholder=\"Name\" value=\"\" type=\"text\" name=\"your-name\" \/><\/span>\n        <\/div>\n    <\/div>\n    <div class=\"column2\">\n        <div class=\"column_inner\">\n\t<span class=\"wpcf7-form-control-wrap\" data-name=\"your-email\"><input size=\"40\" maxlength=\"400\" class=\"wpcf7-form-control wpcf7-email wpcf7-validates-as-required wpcf7-text wpcf7-validates-as-email\" aria-required=\"true\" aria-invalid=\"false\" placeholder=\"Email\" value=\"\" type=\"email\" name=\"your-email\" \/><\/span>\n        <\/div>\n    <\/div>\n<\/div>\n<span class=\"wpcf7-form-control-wrap\" data-name=\"your-message\"><textarea cols=\"40\" rows=\"10\" maxlength=\"2000\" class=\"wpcf7-form-control wpcf7-textarea\" aria-invalid=\"false\" placeholder=\"Your message\" name=\"your-message\"><\/textarea><\/span>\n<input class=\"wpcf7-form-control wpcf7-submit has-spinner\" type=\"submit\" value=\"Send\" \/><div class=\"wpcf7-response-output\" aria-hidden=\"true\"><\/div>\n<\/form>\n<\/div>\n    <\/div>\n\t\t\t\t<\/div>\n\t\t\t\t<\/div>\n\t\t\t\t<\/div>\n\t\t<div class=\"elementor-element elementor-element-4084d71 e-con-full qode_elementor_container_inner e-flex parallax_section_no e-con e-parent\" data-id=\"4084d71\" data-element_type=\"container\" data-e-type=\"container\">\n\t\t\t\t<div class=\"elementor-element elementor-element-4feefba elementor-widget elementor-widget-bridge_custom_font\" data-id=\"4feefba\" data-element_type=\"widget\" data-e-type=\"widget\" data-widget_type=\"bridge_custom_font.default\">\n\t\t\t\t<div class=\"elementor-widget-container\">\n\t\t\t\t\t<div class=\"custom_font_holder \" style=\"font-family: autosignature; font-style: normal; font-weight: 300; color: #C62527; text-decoration: none; text-align: left; --qode-cf-font-size: 50px; --qode-cf-line-height: 40px; --qode-cf-font-size-1440: 50px; --qode-cf-line-height-1440: 40px; --qode-cf-font-size-1366: 50px; --qode-cf-line-height-1366: 40px; --qode-cf-font-size-1280: 50px; --qode-cf-line-height-1280: 40px; --qode-cf-font-size-1024: 50px; --qode-cf-line-height-1024: 40px; --qode-cf-font-size-768: 50px; --qode-cf-line-height-768: 40px; --qode-cf-font-size-680: 50px; --qode-cf-line-height-680: 40px; --qode-cf-font-size-480: 50px; --qode-cf-line-height-480: 40px;\">some references<\/div>\t\t\t\t<\/div>\n\t\t\t\t<\/div>\n\t\t\t\t<div class=\"elementor-element elementor-element-a85f294 elementor-widget elementor-widget-text-editor\" data-id=\"a85f294\" data-element_type=\"widget\" data-e-type=\"widget\" data-widget_type=\"text-editor.default\">\n\t\t\t\t\t\t\t\t\t<h3 class=\"qodef-m-title\">words from our friends<\/h3>\t\t\t\t\t\t\t\t<\/div>\n\t\t\t\t<div class=\"elementor-element elementor-element-3a23bbb elementor-widget elementor-widget-bridge_testimonials_carousel\" data-id=\"3a23bbb\" data-element_type=\"widget\" data-e-type=\"widget\" data-widget_type=\"bridge_testimonials_carousel.default\">\n\t\t\t\t<div class=\"elementor-widget-container\">\n\t\t\t\t\t<div class='testimonials_c_holder clearfix '><div class=\"testimonials_c testimonials_c_carousel\" data-show-navigation=\"yes\" data-animation-speed=\"\" data-auto-rotate-slides=\"15\" data-number-per-slide=\"3\"><ul class=\"slides\"><li id=\"testimonials-c-8580\" class=\"testimonial_content\"><div class=\"testimonial_content_inner\"><div class=\"testimonial_image_holder\"><img decoding=\"async\" src=\"https:\/\/resonanzio.de\/wp-content\/uploads\/2025\/09\/IMG_3353-150x150.jpeg\" \/><\/div><div class=\"testimonial_text_holder\"><div class=\"testimonial_text_inner\" style=\"\"><p >That was a great experience, I haven't enjoyed playing that much at the Barbican for years. My bass felt so free and resonant, all of the wolf notes disappeared. They really are fantastic risers!<\/p><p class=\"testimonial_author\" style=\"\">Colin Paris<span class=\"author_company_divider\"> - <\/span><span class=\"author_company\">Ehem. Solo-Kontrabassist London Symphony Orchestra<\/span><\/p><\/div><\/div><\/div><\/li><li id=\"testimonials-c-8669\" class=\"testimonial_content\"><div class=\"testimonial_content_inner\"><div class=\"testimonial_image_holder\"><img decoding=\"async\" src=\"https:\/\/resonanzio.de\/wp-content\/uploads\/2025\/09\/Simon-Hartmann-Oper-Zuerich-150x150.jpeg\" \/><\/div><div class=\"testimonial_text_holder\"><div class=\"testimonial_text_inner\" style=\"\"><p >Not only do we hear ourselves better, our instruments sound like they've been replaced, as if a 'new engine' had been installed.<\/p><p class=\"testimonial_author\" style=\"\">Simon Hartmann<span class=\"author_company_divider\"> - <\/span><span class=\"author_company\">Soloist Double Bass  Symphonic Orchestra St. Gallen<\/span><\/p><\/div><\/div><\/div><\/li><li id=\"testimonials-c-8668\" class=\"testimonial_content\"><div class=\"testimonial_content_inner\"><div class=\"testimonial_image_holder\"><img decoding=\"async\" src=\"https:\/\/resonanzio.de\/wp-content\/uploads\/2025\/09\/Alondra-de-la-Parra--150x150.jpeg\" \/><\/div><div class=\"testimonial_text_holder\"><div class=\"testimonial_text_inner\" style=\"\"><p >It's absolutely fascinating how clear and transparent the bass section now sounds! What a great invention!<\/p><p class=\"testimonial_author\" style=\"\">Alondra de la Parra<span class=\"author_company_divider\"> - <\/span><span class=\"author_company\">Conductor<\/span><\/p><\/div><\/div><\/div><\/li><li id=\"testimonials-c-8667\" class=\"testimonial_content\"><div class=\"testimonial_content_inner\"><div class=\"testimonial_image_holder\"><img decoding=\"async\" src=\"https:\/\/resonanzio.de\/wp-content\/uploads\/2025\/09\/Antonia-Schreiber-Guerzenich-Orchester-150x150.jpeg\" \/><\/div><div class=\"testimonial_text_holder\"><div class=\"testimonial_text_inner\" style=\"\"><p >What a joy to be able to play on the Resonanzio podium! My harp sounds wonderfully free and transparent!<\/p><p class=\"testimonial_author\" style=\"\">Antonia Schreiber<span class=\"author_company_divider\"> - <\/span><span class=\"author_company\">Harpist<\/span><\/p><\/div><\/div><\/div><\/li><li id=\"testimonials-c-8665\" class=\"testimonial_content\"><div class=\"testimonial_content_inner\"><div class=\"testimonial_image_holder\"><img decoding=\"async\" src=\"https:\/\/resonanzio.de\/wp-content\/uploads\/2025\/09\/Kian-Soltani--150x150.jpeg\" \/><\/div><div class=\"testimonial_text_holder\"><div class=\"testimonial_text_inner\" style=\"\"><p >Every concert hall should have a Resonanzio soloist platform!<\/p><p class=\"testimonial_author\" style=\"\">Kian Soltani<span class=\"author_company_divider\"> - <\/span><span class=\"author_company\">Cellist<\/span><\/p><\/div><\/div><\/div><\/li><\/ul><\/div><\/div>\t\t\t\t<\/div>\n\t\t\t\t<\/div>\n\t\t\t\t<\/div>\n\t\t\t\t<\/div>\n\t\t","protected":false},"excerpt":{"rendered":"<p>CONTACT WE LOOK FORWARD TO HEARING FROM YOU \u00a0 Matthias Beltinger contact@resonanzio.com +49 177 2358464 Contact some references words from our friends That was a great experience, I haven&#8217;t enjoyed playing that much at the Barbican for years. My bass felt so free and resonant, all of the wolf notes disappeared. They really are fantastic risers! Colin Paris &#8211; Ehem. Solo-Kontrabassist London Symphony Orchestra Not only do we hear ourselves better, our instruments sound like they&#8217;ve been replaced, as if a &#8216;new engine&#8217; had been installed. Simon Hartmann &#8211; Soloist Double Bass Symphonic Orchestra St. Gallen It&#8217;s absolutely fascinating how&#8230;<\/p>\n","protected":false},"author":1,"featured_media":0,"parent":0,"menu_order":0,"comment_status":"closed","ping_status":"closed","template":"full_width.php","meta":{"footnotes":""},"class_list":["post-8641","page","type-page","status-publish","hentry"],"yoast_head":"<!-- This site is optimized with the Yoast SEO plugin v27.3 - https:\/\/yoast.com\/product\/yoast-seo-wordpress\/ -->\n<title>Contact Resonanzio | The Sound Podium<\/title>\n<meta name=\"description\" content=\"For information or questions about our resonance podiums for cellos, basses and harps please contact us: contact@resonanzio.com\" \/>\n<meta name=\"robots\" content=\"index, follow, max-snippet:-1, max-image-preview:large, max-video-preview:-1\" \/>\n<link rel=\"canonical\" href=\"https:\/\/resonanzio.de\/en\/contact\/\" \/>\n<meta property=\"og:locale\" content=\"en_US\" \/>\n<meta property=\"og:type\" content=\"article\" \/>\n<meta property=\"og:title\" content=\"Contact Resonanzio | The Sound Podium\" \/>\n<meta property=\"og:description\" content=\"For information or questions about our resonance podiums for cellos, basses and harps please contact us: contact@resonanzio.com\" \/>\n<meta property=\"og:url\" content=\"https:\/\/resonanzio.de\/en\/contact\/\" \/>\n<meta property=\"og:site_name\" content=\"Resonanzio \u2013 F\u00fcr Orchester und Konzerts\u00e4le\" \/>\n<meta property=\"article:publisher\" content=\"https:\/\/www.facebook.com\/resonanzio\" \/>\n<meta property=\"article:modified_time\" content=\"2025-12-15T17:41:37+00:00\" \/>\n<meta property=\"og:image\" content=\"https:\/\/resonanzio.de\/wp-content\/uploads\/2025\/09\/Home-4.jpeg\" \/>\n\t<meta property=\"og:image:width\" content=\"1920\" \/>\n\t<meta property=\"og:image:height\" content=\"890\" \/>\n\t<meta property=\"og:image:type\" content=\"image\/jpeg\" \/>\n<meta name=\"twitter:card\" content=\"summary_large_image\" \/>\n<meta name=\"twitter:label1\" content=\"Est. reading time\" \/>\n\t<meta name=\"twitter:data1\" content=\"2 minutes\" \/>\n<script type=\"application\/ld+json\" class=\"yoast-schema-graph\">{\"@context\":\"https:\\\/\\\/schema.org\",\"@graph\":[{\"@type\":\"WebPage\",\"@id\":\"https:\\\/\\\/resonanzio.de\\\/en\\\/contact\\\/\",\"url\":\"https:\\\/\\\/resonanzio.de\\\/en\\\/contact\\\/\",\"name\":\"Contact Resonanzio | The Sound Podium\",\"isPartOf\":{\"@id\":\"https:\\\/\\\/resonanzio.de\\\/en\\\/#website\"},\"primaryImageOfPage\":{\"@id\":\"https:\\\/\\\/resonanzio.de\\\/en\\\/contact\\\/#primaryimage\"},\"image\":{\"@id\":\"https:\\\/\\\/resonanzio.de\\\/en\\\/contact\\\/#primaryimage\"},\"thumbnailUrl\":\"https:\\\/\\\/resonanzio.de\\\/wp-content\\\/uploads\\\/2025\\\/09\\\/Home-4.jpeg\",\"datePublished\":\"2023-11-30T14:38:57+00:00\",\"dateModified\":\"2025-12-15T17:41:37+00:00\",\"description\":\"For information or questions about our resonance podiums for cellos, basses and harps please contact us: contact@resonanzio.com\",\"breadcrumb\":{\"@id\":\"https:\\\/\\\/resonanzio.de\\\/en\\\/contact\\\/#breadcrumb\"},\"inLanguage\":\"en-US\",\"potentialAction\":[{\"@type\":\"ReadAction\",\"target\":[\"https:\\\/\\\/resonanzio.de\\\/en\\\/contact\\\/\"]}]},{\"@type\":\"ImageObject\",\"inLanguage\":\"en-US\",\"@id\":\"https:\\\/\\\/resonanzio.de\\\/en\\\/contact\\\/#primaryimage\",\"url\":\"https:\\\/\\\/resonanzio.de\\\/wp-content\\\/uploads\\\/2025\\\/09\\\/Home-4.jpeg\",\"contentUrl\":\"https:\\\/\\\/resonanzio.de\\\/wp-content\\\/uploads\\\/2025\\\/09\\\/Home-4.jpeg\"},{\"@type\":\"BreadcrumbList\",\"@id\":\"https:\\\/\\\/resonanzio.de\\\/en\\\/contact\\\/#breadcrumb\",\"itemListElement\":[{\"@type\":\"ListItem\",\"position\":1,\"name\":\"Startseite\",\"item\":\"https:\\\/\\\/resonanzio.de\\\/en\\\/\"},{\"@type\":\"ListItem\",\"position\":2,\"name\":\"Contact\"}]},{\"@type\":\"WebSite\",\"@id\":\"https:\\\/\\\/resonanzio.de\\\/en\\\/#website\",\"url\":\"https:\\\/\\\/resonanzio.de\\\/en\\\/\",\"name\":\"Resonanzio \u2013 F\u00fcr Orchester und Konzerts\u00e4le\",\"description\":\"Resonanz-Podeste f\u00fcr Orchester und Konzerts\u00e4le\",\"publisher\":{\"@id\":\"https:\\\/\\\/resonanzio.de\\\/en\\\/#organization\"},\"potentialAction\":[{\"@type\":\"SearchAction\",\"target\":{\"@type\":\"EntryPoint\",\"urlTemplate\":\"https:\\\/\\\/resonanzio.de\\\/en\\\/?s={search_term_string}\"},\"query-input\":{\"@type\":\"PropertyValueSpecification\",\"valueRequired\":true,\"valueName\":\"search_term_string\"}}],\"inLanguage\":\"en-US\"},{\"@type\":\"Organization\",\"@id\":\"https:\\\/\\\/resonanzio.de\\\/en\\\/#organization\",\"name\":\"Resonanzio \u2013 F\u00fcr Orchester und Konzerts\u00e4le\",\"url\":\"https:\\\/\\\/resonanzio.de\\\/en\\\/\",\"logo\":{\"@type\":\"ImageObject\",\"inLanguage\":\"en-US\",\"@id\":\"https:\\\/\\\/resonanzio.de\\\/en\\\/#\\\/schema\\\/logo\\\/image\\\/\",\"url\":\"https:\\\/\\\/resonanzio.de\\\/wp-content\\\/uploads\\\/2025\\\/11\\\/Resonanzio_klangpodest_klangpodium_cellopodest-cellopodium_soundpodium_riser.jpeg\",\"contentUrl\":\"https:\\\/\\\/resonanzio.de\\\/wp-content\\\/uploads\\\/2025\\\/11\\\/Resonanzio_klangpodest_klangpodium_cellopodest-cellopodium_soundpodium_riser.jpeg\",\"width\":390,\"height\":514,\"caption\":\"Resonanzio \u2013 F\u00fcr Orchester und Konzerts\u00e4le\"},\"image\":{\"@id\":\"https:\\\/\\\/resonanzio.de\\\/en\\\/#\\\/schema\\\/logo\\\/image\\\/\"},\"sameAs\":[\"https:\\\/\\\/www.facebook.com\\\/resonanzio\",\"https:\\\/\\\/www.instagram.com\\\/resonanzio\\\/\"]}]}<\/script>\n<!-- \/ Yoast SEO plugin. -->","yoast_head_json":{"title":"Contact Resonanzio | The Sound Podium","description":"For information or questions about our resonance podiums for cellos, basses and harps please contact us: contact@resonanzio.com","robots":{"index":"index","follow":"follow","max-snippet":"max-snippet:-1","max-image-preview":"max-image-preview:large","max-video-preview":"max-video-preview:-1"},"canonical":"https:\/\/resonanzio.de\/en\/contact\/","og_locale":"en_US","og_type":"article","og_title":"Contact Resonanzio | The Sound Podium","og_description":"For information or questions about our resonance podiums for cellos, basses and harps please contact us: contact@resonanzio.com","og_url":"https:\/\/resonanzio.de\/en\/contact\/","og_site_name":"Resonanzio \u2013 F\u00fcr Orchester und Konzerts\u00e4le","article_publisher":"https:\/\/www.facebook.com\/resonanzio","article_modified_time":"2025-12-15T17:41:37+00:00","og_image":[{"width":1920,"height":890,"url":"https:\/\/resonanzio.de\/wp-content\/uploads\/2025\/09\/Home-4.jpeg","type":"image\/jpeg"}],"twitter_card":"summary_large_image","twitter_misc":{"Est. reading time":"2 minutes"},"schema":{"@context":"https:\/\/schema.org","@graph":[{"@type":"WebPage","@id":"https:\/\/resonanzio.de\/en\/contact\/","url":"https:\/\/resonanzio.de\/en\/contact\/","name":"Contact Resonanzio | The Sound Podium","isPartOf":{"@id":"https:\/\/resonanzio.de\/en\/#website"},"primaryImageOfPage":{"@id":"https:\/\/resonanzio.de\/en\/contact\/#primaryimage"},"image":{"@id":"https:\/\/resonanzio.de\/en\/contact\/#primaryimage"},"thumbnailUrl":"https:\/\/resonanzio.de\/wp-content\/uploads\/2025\/09\/Home-4.jpeg","datePublished":"2023-11-30T14:38:57+00:00","dateModified":"2025-12-15T17:41:37+00:00","description":"For information or questions about our resonance podiums for cellos, basses and harps please contact us: contact@resonanzio.com","breadcrumb":{"@id":"https:\/\/resonanzio.de\/en\/contact\/#breadcrumb"},"inLanguage":"en-US","potentialAction":[{"@type":"ReadAction","target":["https:\/\/resonanzio.de\/en\/contact\/"]}]},{"@type":"ImageObject","inLanguage":"en-US","@id":"https:\/\/resonanzio.de\/en\/contact\/#primaryimage","url":"https:\/\/resonanzio.de\/wp-content\/uploads\/2025\/09\/Home-4.jpeg","contentUrl":"https:\/\/resonanzio.de\/wp-content\/uploads\/2025\/09\/Home-4.jpeg"},{"@type":"BreadcrumbList","@id":"https:\/\/resonanzio.de\/en\/contact\/#breadcrumb","itemListElement":[{"@type":"ListItem","position":1,"name":"Startseite","item":"https:\/\/resonanzio.de\/en\/"},{"@type":"ListItem","position":2,"name":"Contact"}]},{"@type":"WebSite","@id":"https:\/\/resonanzio.de\/en\/#website","url":"https:\/\/resonanzio.de\/en\/","name":"Resonanzio \u2013 F\u00fcr Orchester und Konzerts\u00e4le","description":"Resonanz-Podeste f\u00fcr Orchester und Konzerts\u00e4le","publisher":{"@id":"https:\/\/resonanzio.de\/en\/#organization"},"potentialAction":[{"@type":"SearchAction","target":{"@type":"EntryPoint","urlTemplate":"https:\/\/resonanzio.de\/en\/?s={search_term_string}"},"query-input":{"@type":"PropertyValueSpecification","valueRequired":true,"valueName":"search_term_string"}}],"inLanguage":"en-US"},{"@type":"Organization","@id":"https:\/\/resonanzio.de\/en\/#organization","name":"Resonanzio \u2013 F\u00fcr Orchester und Konzerts\u00e4le","url":"https:\/\/resonanzio.de\/en\/","logo":{"@type":"ImageObject","inLanguage":"en-US","@id":"https:\/\/resonanzio.de\/en\/#\/schema\/logo\/image\/","url":"https:\/\/resonanzio.de\/wp-content\/uploads\/2025\/11\/Resonanzio_klangpodest_klangpodium_cellopodest-cellopodium_soundpodium_riser.jpeg","contentUrl":"https:\/\/resonanzio.de\/wp-content\/uploads\/2025\/11\/Resonanzio_klangpodest_klangpodium_cellopodest-cellopodium_soundpodium_riser.jpeg","width":390,"height":514,"caption":"Resonanzio \u2013 F\u00fcr Orchester und Konzerts\u00e4le"},"image":{"@id":"https:\/\/resonanzio.de\/en\/#\/schema\/logo\/image\/"},"sameAs":["https:\/\/www.facebook.com\/resonanzio","https:\/\/www.instagram.com\/resonanzio\/"]}]}},"_links":{"self":[{"href":"https:\/\/resonanzio.de\/en\/wp-json\/wp\/v2\/pages\/8641","targetHints":{"allow":["GET"]}}],"collection":[{"href":"https:\/\/resonanzio.de\/en\/wp-json\/wp\/v2\/pages"}],"about":[{"href":"https:\/\/resonanzio.de\/en\/wp-json\/wp\/v2\/types\/page"}],"author":[{"embeddable":true,"href":"https:\/\/resonanzio.de\/en\/wp-json\/wp\/v2\/users\/1"}],"replies":[{"embeddable":true,"href":"https:\/\/resonanzio.de\/en\/wp-json\/wp\/v2\/comments?post=8641"}],"version-history":[{"count":15,"href":"https:\/\/resonanzio.de\/en\/wp-json\/wp\/v2\/pages\/8641\/revisions"}],"predecessor-version":[{"id":12635,"href":"https:\/\/resonanzio.de\/en\/wp-json\/wp\/v2\/pages\/8641\/revisions\/12635"}],"wp:attachment":[{"href":"https:\/\/resonanzio.de\/en\/wp-json\/wp\/v2\/media?parent=8641"}],"curies":[{"name":"wp","href":"https:\/\/api.w.org\/{rel}","templated":true}]}}