{"id":8758,"date":"2025-09-21T10:15:43","date_gmt":"2025-09-21T10:15:43","guid":{"rendered":"https:\/\/resonanzio.de\/produkt\/waende\/"},"modified":"2025-12-28T17:21:25","modified_gmt":"2025-12-28T17:21:25","slug":"acoustical-walls","status":"publish","type":"product","link":"https:\/\/resonanzio.de\/en\/produkt\/acoustical-walls\/","title":{"rendered":"Acoustical Walls"},"content":{"rendered":"\t\t<div data-elementor-type=\"wp-post\" data-elementor-id=\"8758\" class=\"elementor elementor-8758 elementor-8532\" data-elementor-post-type=\"product\">\n\t\t\t\t<div class=\"elementor-element elementor-element-5531dc92 e-flex e-con-boxed parallax_section_no qode_elementor_container_no e-con e-parent\" data-id=\"5531dc92\" data-element_type=\"container\" data-e-type=\"container\">\n\t\t\t\t\t<div class=\"e-con-inner\">\n\t\t\t\t<div class=\"elementor-element elementor-element-134f9852 elementor-widget elementor-widget-text-editor\" data-id=\"134f9852\" data-element_type=\"widget\" data-e-type=\"widget\" data-widget_type=\"text-editor.default\">\n\t\t\t\t\t\t\t\t\t<p>In concert venues that are too reverberant, our acoustic walls are particularly effective. They enable the musicians to hear each other more directly and can thus contribute to good interaction. The surface of the softwood walls is diffusing, so that the reflected sound is directed in all directions. They are equipped with wheels so that they can be moved back and forth flexibly. We also offer special open-air acoustic walls. They are very sturdily built, so that even gusts of wind cannot harm them. They are also equipped with a diffusing surface. The walls are constructed of moisture-independent material. Our acoustic partition walls are manufactured individually and precisely to meet your needs in Bremen.<\/p><p>\u00a0<\/p><p>The standard sizes of the walls are:<\/p><table style=\"width: 300px; border: 1px solid #ccc; border-collapse: collapse;\"><tbody><tr><td style=\"border: 1px solid #ccc; padding: 5px;\">Width<\/td><td style=\"border: 1px solid #ccc; padding: 5px;\">95 cm<\/td><\/tr><tr><td style=\"border: 1px solid #ccc; padding: 5px;\">Height<\/td><td style=\"border: 1px solid #ccc; padding: 5px;\">240 cm<\/td><\/tr><\/tbody><\/table><p style=\"text-align: right;\">\u00a0Credits Foto: Christoph Giese<\/p>\t\t\t\t\t\t\t\t<\/div>\n\t\t\t\t\t<\/div>\n\t\t\t\t<\/div>\n\t\t<div class=\"elementor-element elementor-element-ce4964f parallax_section_holder e-flex e-con-boxed qode_elementor_container_no e-con e-parent\" data-id=\"ce4964f\" data-element_type=\"container\" data-e-type=\"container\" data-settings=\"{&quot;background_background&quot;:&quot;classic&quot;,&quot;qode_parallax_image&quot;:{&quot;url&quot;:&quot;&quot;,&quot;id&quot;:&quot;&quot;,&quot;size&quot;:&quot;&quot;}}\">\n\t\t\t\t\t<div class=\"e-con-inner\">\n\t\t\t\t<div class=\"elementor-element elementor-element-07761a2 elementor-testimonial--layout-image_above elementor-testimonial--mobile-align-center elementor-testimonial--skin-default elementor-testimonial--align-center elementor-arrows-yes elementor-pagination-type-bullets elementor-widget elementor-widget-testimonial-carousel\" data-id=\"07761a2\" data-element_type=\"widget\" data-e-type=\"widget\" data-settings=\"{&quot;speed&quot;:1500,&quot;autoplay_speed&quot;:8000,&quot;show_arrows&quot;:&quot;yes&quot;,&quot;pagination&quot;:&quot;bullets&quot;,&quot;autoplay&quot;:&quot;yes&quot;,&quot;loop&quot;:&quot;yes&quot;,&quot;pause_on_hover&quot;:&quot;yes&quot;,&quot;pause_on_interaction&quot;:&quot;yes&quot;,&quot;space_between&quot;:{&quot;unit&quot;:&quot;px&quot;,&quot;size&quot;:10,&quot;sizes&quot;:[]},&quot;space_between_tablet&quot;:{&quot;unit&quot;:&quot;px&quot;,&quot;size&quot;:10,&quot;sizes&quot;:[]},&quot;space_between_mobile&quot;:{&quot;unit&quot;:&quot;px&quot;,&quot;size&quot;:10,&quot;sizes&quot;:[]}}\" data-widget_type=\"testimonial-carousel.default\">\n\t\t\t\t\t\t\t\t\t\t<div class=\"elementor-main-swiper swiper\" role=\"region\" aria-roledescription=\"carousel\" aria-label=\"Slider\">\n\t\t\t\t<div class=\"swiper-wrapper\">\n\t\t\t\t\t\t\t\t\t\t\t<div class=\"swiper-slide\" role=\"group\" aria-roledescription=\"slide\">\n\t\t\t\t\t\t\t\t\t<div class=\"elementor-testimonial\">\n\t\t\t\t\t\t\t<div class=\"elementor-testimonial__content\">\n\t\t\t\t\t<div class=\"elementor-testimonial__text\">\n\t\t\t\t\t\tWe, the Freiburg Baroque Orchestra, are very happy to be able to play our open-air concerts on a special resonance stage and with additional acoustic reflectors from the Bremen-based company Resonanzio! The musicians hear each other much clearer and better, and the listening pleasure is incomparably more intense for the audience than at a normal open-air concert. After we have been playing on the fantastic Resonanz podiums for our double basses and baroque cellos for years, these new acoustic elements from Resonanzio are now also a further and unusual help for the constant work on the special sound of the FBO.\t\t\t\t\t<\/div>\n\t\t\t\t\t<cite class=\"elementor-testimonial__cite\"><span class=\"elementor-testimonial__name\">Hans-Georg Kaiser<\/span><span class=\"elementor-testimonial__title\">Intendant FBO<\/span><\/cite>\t\t\t\t<\/div>\n\t\t\t\t\t\t<div class=\"elementor-testimonial__footer\">\n\t\t\t\t\t\t\t\t\t<div class=\"elementor-testimonial__image\">\n\t\t\t\t\t\t<img decoding=\"async\" src=\"https:\/\/resonanzio.de\/wp-content\/uploads\/2025\/09\/Bildschirmfoto-2025-11-11-um-22.32.36-4.jpeg\" alt=\"Hans-Georg Kaiser\">\n\t\t\t\t\t\t\t\t\t\t\t<\/div>\n\t\t\t\t\t\t\t\t\t\t\t<\/div>\n\t\t<\/div>\n\t\t\t\t\t\t\t\t<\/div>\n\t\t\t\t\t\t\t\t\t<\/div>\n\t\t\t\t\t\t\t<\/div>\n\t\t\t\t\t\t\t\t<\/div>\n\t\t\t\t\t<\/div>\n\t\t\t\t<\/div>\n\t\t\t\t<\/div>\n\t\t","protected":false},"excerpt":{"rendered":"<h4><span style=\"color: #c63527;\">Mobile sound optimization<\/span><\/h4>\n<p>&nbsp;<\/p>\n<p>The mobile and flexible Acoustical Walls by Resonanzio are a good opportunity for confining the sound in venues with the acoustical challenges. The wooden walls are manufactured to reflect the sound in all directions. This can make the life of the musicians and the listener much easier, since the sound of the instruments is more direct audible.<\/p>\n<p>The <strong>Deutsche Kammerphilharmonie Bremen<\/strong> has used these reflecting walls in their recent recordings in the Gesamtschule Ost in Bremen.<\/p>\n<p>The <strong>Freiburg Baroque Orchestra<\/strong> purchased the outdoor acoustical walls for their open air stage. These are build for the challenges of an out door event.<\/p>\n","protected":false},"featured_media":12704,"template":"","meta":[],"product_brand":[],"product_cat":[375],"product_tag":[],"class_list":{"0":"post-8758","1":"product","2":"type-product","3":"status-publish","4":"has-post-thumbnail","6":"product_cat-resonanzio","8":"first","9":"instock","10":"shipping-taxable","11":"product-type-simple"},"yoast_head":"<!-- This site is optimized with the Yoast SEO plugin v27.3 - https:\/\/yoast.com\/product\/yoast-seo-wordpress\/ -->\n<title>Acoustical walls for enhanced sound<\/title>\n<meta name=\"description\" content=\"Flexible acoustical walls for good sound reflection | Ideal for outdoor stage, churches or any venues for a more focused the sound\" \/>\n<meta name=\"robots\" content=\"index, follow, max-snippet:-1, max-image-preview:large, max-video-preview:-1\" \/>\n<link rel=\"canonical\" href=\"https:\/\/resonanzio.de\/en\/produkt\/acoustical-walls\/\" \/>\n<meta property=\"og:locale\" content=\"en_US\" \/>\n<meta property=\"og:type\" content=\"article\" \/>\n<meta property=\"og:title\" content=\"Acoustical walls for enhanced sound\" \/>\n<meta property=\"og:description\" content=\"Flexible acoustical walls for good sound reflection | Ideal for outdoor stage, churches or any venues for a more focused the sound\" \/>\n<meta property=\"og:url\" content=\"https:\/\/resonanzio.de\/en\/produkt\/acoustical-walls\/\" \/>\n<meta property=\"og:site_name\" content=\"Resonanzio \u2013 F\u00fcr Orchester und Konzerts\u00e4le\" \/>\n<meta property=\"article:publisher\" content=\"https:\/\/www.facebook.com\/resonanzio\" \/>\n<meta property=\"article:modified_time\" content=\"2025-12-28T17:21:25+00:00\" \/>\n<meta property=\"og:image\" content=\"https:\/\/resonanzio.de\/wp-content\/uploads\/2025\/09\/Akustik-Waende-Acoustical-Walls.jpg\" \/>\n\t<meta property=\"og:image:width\" content=\"750\" \/>\n\t<meta property=\"og:image:height\" content=\"750\" \/>\n\t<meta property=\"og:image:type\" content=\"image\/jpeg\" \/>\n<meta name=\"twitter:card\" content=\"summary_large_image\" \/>\n<meta name=\"twitter:label1\" content=\"Est. reading time\" \/>\n\t<meta name=\"twitter:data1\" content=\"2 minutes\" \/>\n<script type=\"application\/ld+json\" class=\"yoast-schema-graph\">{\"@context\":\"https:\\\/\\\/schema.org\",\"@graph\":[{\"@type\":\"WebPage\",\"@id\":\"https:\\\/\\\/resonanzio.de\\\/en\\\/produkt\\\/acoustical-walls\\\/\",\"url\":\"https:\\\/\\\/resonanzio.de\\\/en\\\/produkt\\\/acoustical-walls\\\/\",\"name\":\"Acoustical walls for enhanced sound\",\"isPartOf\":{\"@id\":\"https:\\\/\\\/resonanzio.de\\\/en\\\/#website\"},\"primaryImageOfPage\":{\"@id\":\"https:\\\/\\\/resonanzio.de\\\/en\\\/produkt\\\/acoustical-walls\\\/#primaryimage\"},\"image\":{\"@id\":\"https:\\\/\\\/resonanzio.de\\\/en\\\/produkt\\\/acoustical-walls\\\/#primaryimage\"},\"thumbnailUrl\":\"https:\\\/\\\/resonanzio.de\\\/wp-content\\\/uploads\\\/2025\\\/09\\\/Akustik-Waende-Acoustical-Walls.jpg\",\"datePublished\":\"2025-09-21T10:15:43+00:00\",\"dateModified\":\"2025-12-28T17:21:25+00:00\",\"description\":\"Flexible acoustical walls for good sound reflection | Ideal for outdoor stage, churches or any venues for a more focused the sound\",\"breadcrumb\":{\"@id\":\"https:\\\/\\\/resonanzio.de\\\/en\\\/produkt\\\/acoustical-walls\\\/#breadcrumb\"},\"inLanguage\":\"en-US\",\"potentialAction\":[{\"@type\":\"ReadAction\",\"target\":[\"https:\\\/\\\/resonanzio.de\\\/en\\\/produkt\\\/acoustical-walls\\\/\"]}]},{\"@type\":\"ImageObject\",\"inLanguage\":\"en-US\",\"@id\":\"https:\\\/\\\/resonanzio.de\\\/en\\\/produkt\\\/acoustical-walls\\\/#primaryimage\",\"url\":\"https:\\\/\\\/resonanzio.de\\\/wp-content\\\/uploads\\\/2025\\\/09\\\/Akustik-Waende-Acoustical-Walls.jpg\",\"contentUrl\":\"https:\\\/\\\/resonanzio.de\\\/wp-content\\\/uploads\\\/2025\\\/09\\\/Akustik-Waende-Acoustical-Walls.jpg\",\"width\":750,\"height\":750},{\"@type\":\"BreadcrumbList\",\"@id\":\"https:\\\/\\\/resonanzio.de\\\/en\\\/produkt\\\/acoustical-walls\\\/#breadcrumb\",\"itemListElement\":[{\"@type\":\"ListItem\",\"position\":1,\"name\":\"Startseite\",\"item\":\"https:\\\/\\\/resonanzio.de\\\/en\\\/\"},{\"@type\":\"ListItem\",\"position\":2,\"name\":\"Produkte default\",\"item\":\"https:\\\/\\\/resonanzio.de\\\/shop\\\/\"},{\"@type\":\"ListItem\",\"position\":3,\"name\":\"Acoustical Walls\"}]},{\"@type\":\"WebSite\",\"@id\":\"https:\\\/\\\/resonanzio.de\\\/en\\\/#website\",\"url\":\"https:\\\/\\\/resonanzio.de\\\/en\\\/\",\"name\":\"Resonanzio \u2013 F\u00fcr Orchester und Konzerts\u00e4le\",\"description\":\"Resonanz-Podeste f\u00fcr Orchester und Konzerts\u00e4le\",\"publisher\":{\"@id\":\"https:\\\/\\\/resonanzio.de\\\/en\\\/#organization\"},\"potentialAction\":[{\"@type\":\"SearchAction\",\"target\":{\"@type\":\"EntryPoint\",\"urlTemplate\":\"https:\\\/\\\/resonanzio.de\\\/en\\\/?s={search_term_string}\"},\"query-input\":{\"@type\":\"PropertyValueSpecification\",\"valueRequired\":true,\"valueName\":\"search_term_string\"}}],\"inLanguage\":\"en-US\"},{\"@type\":\"Organization\",\"@id\":\"https:\\\/\\\/resonanzio.de\\\/en\\\/#organization\",\"name\":\"Resonanzio \u2013 F\u00fcr Orchester und Konzerts\u00e4le\",\"url\":\"https:\\\/\\\/resonanzio.de\\\/en\\\/\",\"logo\":{\"@type\":\"ImageObject\",\"inLanguage\":\"en-US\",\"@id\":\"https:\\\/\\\/resonanzio.de\\\/en\\\/#\\\/schema\\\/logo\\\/image\\\/\",\"url\":\"https:\\\/\\\/resonanzio.de\\\/wp-content\\\/uploads\\\/2025\\\/11\\\/Resonanzio_klangpodest_klangpodium_cellopodest-cellopodium_soundpodium_riser.jpeg\",\"contentUrl\":\"https:\\\/\\\/resonanzio.de\\\/wp-content\\\/uploads\\\/2025\\\/11\\\/Resonanzio_klangpodest_klangpodium_cellopodest-cellopodium_soundpodium_riser.jpeg\",\"width\":390,\"height\":514,\"caption\":\"Resonanzio \u2013 F\u00fcr Orchester und Konzerts\u00e4le\"},\"image\":{\"@id\":\"https:\\\/\\\/resonanzio.de\\\/en\\\/#\\\/schema\\\/logo\\\/image\\\/\"},\"sameAs\":[\"https:\\\/\\\/www.facebook.com\\\/resonanzio\",\"https:\\\/\\\/www.instagram.com\\\/resonanzio\\\/\"]}]}<\/script>\n<!-- \/ Yoast SEO plugin. -->","yoast_head_json":{"title":"Acoustical walls for enhanced sound","description":"Flexible acoustical walls for good sound reflection | Ideal for outdoor stage, churches or any venues for a more focused the sound","robots":{"index":"index","follow":"follow","max-snippet":"max-snippet:-1","max-image-preview":"max-image-preview:large","max-video-preview":"max-video-preview:-1"},"canonical":"https:\/\/resonanzio.de\/en\/produkt\/acoustical-walls\/","og_locale":"en_US","og_type":"article","og_title":"Acoustical walls for enhanced sound","og_description":"Flexible acoustical walls for good sound reflection | Ideal for outdoor stage, churches or any venues for a more focused the sound","og_url":"https:\/\/resonanzio.de\/en\/produkt\/acoustical-walls\/","og_site_name":"Resonanzio \u2013 F\u00fcr Orchester und Konzerts\u00e4le","article_publisher":"https:\/\/www.facebook.com\/resonanzio","article_modified_time":"2025-12-28T17:21:25+00:00","og_image":[{"width":750,"height":750,"url":"https:\/\/resonanzio.de\/wp-content\/uploads\/2025\/09\/Akustik-Waende-Acoustical-Walls.jpg","type":"image\/jpeg"}],"twitter_card":"summary_large_image","twitter_misc":{"Est. reading time":"2 minutes"},"schema":{"@context":"https:\/\/schema.org","@graph":[{"@type":"WebPage","@id":"https:\/\/resonanzio.de\/en\/produkt\/acoustical-walls\/","url":"https:\/\/resonanzio.de\/en\/produkt\/acoustical-walls\/","name":"Acoustical walls for enhanced sound","isPartOf":{"@id":"https:\/\/resonanzio.de\/en\/#website"},"primaryImageOfPage":{"@id":"https:\/\/resonanzio.de\/en\/produkt\/acoustical-walls\/#primaryimage"},"image":{"@id":"https:\/\/resonanzio.de\/en\/produkt\/acoustical-walls\/#primaryimage"},"thumbnailUrl":"https:\/\/resonanzio.de\/wp-content\/uploads\/2025\/09\/Akustik-Waende-Acoustical-Walls.jpg","datePublished":"2025-09-21T10:15:43+00:00","dateModified":"2025-12-28T17:21:25+00:00","description":"Flexible acoustical walls for good sound reflection | Ideal for outdoor stage, churches or any venues for a more focused the sound","breadcrumb":{"@id":"https:\/\/resonanzio.de\/en\/produkt\/acoustical-walls\/#breadcrumb"},"inLanguage":"en-US","potentialAction":[{"@type":"ReadAction","target":["https:\/\/resonanzio.de\/en\/produkt\/acoustical-walls\/"]}]},{"@type":"ImageObject","inLanguage":"en-US","@id":"https:\/\/resonanzio.de\/en\/produkt\/acoustical-walls\/#primaryimage","url":"https:\/\/resonanzio.de\/wp-content\/uploads\/2025\/09\/Akustik-Waende-Acoustical-Walls.jpg","contentUrl":"https:\/\/resonanzio.de\/wp-content\/uploads\/2025\/09\/Akustik-Waende-Acoustical-Walls.jpg","width":750,"height":750},{"@type":"BreadcrumbList","@id":"https:\/\/resonanzio.de\/en\/produkt\/acoustical-walls\/#breadcrumb","itemListElement":[{"@type":"ListItem","position":1,"name":"Startseite","item":"https:\/\/resonanzio.de\/en\/"},{"@type":"ListItem","position":2,"name":"Produkte default","item":"https:\/\/resonanzio.de\/shop\/"},{"@type":"ListItem","position":3,"name":"Acoustical Walls"}]},{"@type":"WebSite","@id":"https:\/\/resonanzio.de\/en\/#website","url":"https:\/\/resonanzio.de\/en\/","name":"Resonanzio \u2013 F\u00fcr Orchester und Konzerts\u00e4le","description":"Resonanz-Podeste f\u00fcr Orchester und Konzerts\u00e4le","publisher":{"@id":"https:\/\/resonanzio.de\/en\/#organization"},"potentialAction":[{"@type":"SearchAction","target":{"@type":"EntryPoint","urlTemplate":"https:\/\/resonanzio.de\/en\/?s={search_term_string}"},"query-input":{"@type":"PropertyValueSpecification","valueRequired":true,"valueName":"search_term_string"}}],"inLanguage":"en-US"},{"@type":"Organization","@id":"https:\/\/resonanzio.de\/en\/#organization","name":"Resonanzio \u2013 F\u00fcr Orchester und Konzerts\u00e4le","url":"https:\/\/resonanzio.de\/en\/","logo":{"@type":"ImageObject","inLanguage":"en-US","@id":"https:\/\/resonanzio.de\/en\/#\/schema\/logo\/image\/","url":"https:\/\/resonanzio.de\/wp-content\/uploads\/2025\/11\/Resonanzio_klangpodest_klangpodium_cellopodest-cellopodium_soundpodium_riser.jpeg","contentUrl":"https:\/\/resonanzio.de\/wp-content\/uploads\/2025\/11\/Resonanzio_klangpodest_klangpodium_cellopodest-cellopodium_soundpodium_riser.jpeg","width":390,"height":514,"caption":"Resonanzio \u2013 F\u00fcr Orchester und Konzerts\u00e4le"},"image":{"@id":"https:\/\/resonanzio.de\/en\/#\/schema\/logo\/image\/"},"sameAs":["https:\/\/www.facebook.com\/resonanzio","https:\/\/www.instagram.com\/resonanzio\/"]}]}},"_links":{"self":[{"href":"https:\/\/resonanzio.de\/en\/wp-json\/wp\/v2\/product\/8758","targetHints":{"allow":["GET"]}}],"collection":[{"href":"https:\/\/resonanzio.de\/en\/wp-json\/wp\/v2\/product"}],"about":[{"href":"https:\/\/resonanzio.de\/en\/wp-json\/wp\/v2\/types\/product"}],"version-history":[{"count":1,"href":"https:\/\/resonanzio.de\/en\/wp-json\/wp\/v2\/product\/8758\/revisions"}],"predecessor-version":[{"id":12720,"href":"https:\/\/resonanzio.de\/en\/wp-json\/wp\/v2\/product\/8758\/revisions\/12720"}],"wp:featuredmedia":[{"embeddable":true,"href":"https:\/\/resonanzio.de\/en\/wp-json\/wp\/v2\/media\/12704"}],"wp:attachment":[{"href":"https:\/\/resonanzio.de\/en\/wp-json\/wp\/v2\/media?parent=8758"}],"wp:term":[{"taxonomy":"product_brand","embeddable":true,"href":"https:\/\/resonanzio.de\/en\/wp-json\/wp\/v2\/product_brand?post=8758"},{"taxonomy":"product_cat","embeddable":true,"href":"https:\/\/resonanzio.de\/en\/wp-json\/wp\/v2\/product_cat?post=8758"},{"taxonomy":"product_tag","embeddable":true,"href":"https:\/\/resonanzio.de\/en\/wp-json\/wp\/v2\/product_tag?post=8758"}],"curies":[{"name":"wp","href":"https:\/\/api.w.org\/{rel}","templated":true}]}}