{"id":13201,"date":"2023-11-30T14:38:57","date_gmt":"2023-11-30T14:38:57","guid":{"rendered":"https:\/\/resonanzio.de\/contacto\/"},"modified":"2026-05-06T20:49:15","modified_gmt":"2026-05-06T20:49:15","slug":"contacto","status":"publish","type":"page","link":"https:\/\/resonanzio.de\/es\/contacto\/","title":{"rendered":"Contacto"},"content":{"rendered":"\t\t<div data-elementor-type=\"wp-page\" data-elementor-id=\"13201\" class=\"elementor elementor-13201 elementor-8147\" data-elementor-post-type=\"page\">\n\t\t\t\t<div class=\"elementor-element elementor-element-eb3145b e-con-full qode_elementor_container_inner e-flex parallax_section_no e-con e-parent\" data-id=\"eb3145b\" data-element_type=\"container\" data-e-type=\"container\">\n\t\t\t\t<div class=\"elementor-element elementor-element-ae0929d elementor-widget elementor-widget-bridge_custom_font\" data-id=\"ae0929d\" data-element_type=\"widget\" data-e-type=\"widget\" data-widget_type=\"bridge_custom_font.default\">\n\t\t\t\t<div class=\"elementor-widget-container\">\n\t\t\t\t\t<div class=\"custom_font_holder \" style=\" font-style: normal; font-weight: 500; color: #E5E5E5; text-decoration: none; text-align: left; --qode-cf-font-size: 140px; --qode-cf-line-height: 140px; --qode-cf-font-size-1440: 140px; --qode-cf-line-height-1440: 140px; --qode-cf-font-size-1366: 140px; --qode-cf-line-height-1366: 140px; --qode-cf-font-size-1280: 140px; --qode-cf-line-height-1280: 140px; --qode-cf-font-size-1024: 140px; --qode-cf-line-height-1024: 140px; --qode-cf-font-size-768: 100px; --qode-cf-line-height-768: 140px; --qode-cf-font-size-680: 47px; --qode-cf-line-height-680: 140px; --qode-cf-font-size-480: 47px; --qode-cf-line-height-480: 140px;\">CONTACTO<\/div>\t\t\t\t<\/div>\n\t\t\t\t<\/div>\n\t\t\t\t<\/div>\n\t\t<div class=\"elementor-element elementor-element-899bc1f e-con-full e-flex parallax_section_no qode_elementor_container_no e-con e-parent\" data-id=\"899bc1f\" data-element_type=\"container\" data-e-type=\"container\">\n\t\t\t\t<div class=\"elementor-element elementor-element-bf79762 elementor-widget elementor-widget-image\" data-id=\"bf79762\" data-element_type=\"widget\" data-e-type=\"widget\" data-widget_type=\"image.default\">\n\t\t\t\t\t\t\t\t\t\t\t\t\t\t\t<img fetchpriority=\"high\" decoding=\"async\" width=\"1920\" height=\"890\" src=\"https:\/\/resonanzio.de\/wp-content\/uploads\/2025\/09\/Home-4.jpeg\" class=\"attachment-full size-full wp-image-13204\" alt=\"\" srcset=\"https:\/\/resonanzio.de\/wp-content\/uploads\/2025\/09\/Home-4.jpeg 1920w, https:\/\/resonanzio.de\/wp-content\/uploads\/2025\/09\/Home-4-600x278.jpeg 600w, https:\/\/resonanzio.de\/wp-content\/uploads\/2025\/09\/Home-4-300x139.jpeg 300w, https:\/\/resonanzio.de\/wp-content\/uploads\/2025\/09\/Home-4-1024x475.jpeg 1024w, https:\/\/resonanzio.de\/wp-content\/uploads\/2025\/09\/Home-4-768x356.jpeg 768w, https:\/\/resonanzio.de\/wp-content\/uploads\/2025\/09\/Home-4-1536x712.jpeg 1536w, https:\/\/resonanzio.de\/wp-content\/uploads\/2025\/09\/Home-4-700x324.jpeg 700w\" sizes=\"(max-width: 1920px) 100vw, 1920px\" \/>\t\t\t\t\t\t\t\t\t\t\t\t\t\t\t<\/div>\n\t\t\t\t<\/div>\n\t\t<div class=\"elementor-element elementor-element-51ac8a9d e-con-full e-flex parallax_section_no qode_elementor_container_no e-con e-parent\" data-id=\"51ac8a9d\" data-element_type=\"container\" data-e-type=\"container\">\n\t\t\t\t<div class=\"elementor-element elementor-element-48eeb15c elementor-widget elementor-widget-bridge_custom_font\" data-id=\"48eeb15c\" data-element_type=\"widget\" data-e-type=\"widget\" data-widget_type=\"bridge_custom_font.default\">\n\t\t\t\t<div class=\"elementor-widget-container\">\n\t\t\t\t\t<div class=\"custom_font_holder \" style=\"font-family: autosignature; font-style: normal; font-weight: 300; color: #C63527; text-decoration: none; text-align: left; --qode-cf-font-size: 60px; --qode-cf-line-height: 90px; --qode-cf-font-size-1440: 60px; --qode-cf-line-height-1440: 90px; --qode-cf-font-size-1366: 60px; --qode-cf-line-height-1366: 90px; --qode-cf-font-size-1280: 60px; --qode-cf-line-height-1280: 90px; --qode-cf-font-size-1024: 60px; --qode-cf-line-height-1024: 90px; --qode-cf-font-size-768: 60px; --qode-cf-line-height-768: 90px; --qode-cf-font-size-680: 60px; --qode-cf-line-height-680: 90px; --qode-cf-font-size-480: 60px; --qode-cf-line-height-480: 90px;\">Contacto<\/div>\t\t\t\t<\/div>\n\t\t\t\t<\/div>\n\t\t\t\t<div class=\"elementor-element elementor-element-37afefe0 elementor-widget elementor-widget-text-editor\" data-id=\"37afefe0\" data-element_type=\"widget\" data-e-type=\"widget\" data-widget_type=\"text-editor.default\">\n\t\t\t\t\t\t\t\t\t<h3><span style=\"color: #c63527;\">Esperamos <br \/>tu mensaje<\/span><\/h3><p>\u00a0<\/p><h5><span style=\"color: #000000;\">Matthias Beltinger<\/span><\/h5><p>\u00a0<\/p><p><a href=\"mailto:kontakt@resonanzio.de\">kontakt@resonanzio.de<\/a><\/p><p><a href=\"tel:+491772358464\">+49 177 2358464<\/a><\/p>\t\t\t\t\t\t\t\t<\/div>\n\t\t\t\t<\/div>\n\t\t<div class=\"elementor-element elementor-element-4084d71 e-con-full qode_elementor_container_inner e-flex parallax_section_no e-con e-parent\" data-id=\"4084d71\" data-element_type=\"container\" data-e-type=\"container\">\n\t\t\t\t<div class=\"elementor-element elementor-element-4feefba elementor-widget elementor-widget-bridge_custom_font\" data-id=\"4feefba\" data-element_type=\"widget\" data-e-type=\"widget\" data-widget_type=\"bridge_custom_font.default\">\n\t\t\t\t<div class=\"elementor-widget-container\">\n\t\t\t\t\t<div class=\"custom_font_holder \" style=\"font-family: autosignature; font-style: normal; font-weight: 300; color: #C63527; text-decoration: none; text-align: left; --qode-cf-font-size: 50px; --qode-cf-line-height: 40px; --qode-cf-font-size-1440: 50px; --qode-cf-line-height-1440: 40px; --qode-cf-font-size-1366: 50px; --qode-cf-line-height-1366: 40px; --qode-cf-font-size-1280: 50px; --qode-cf-line-height-1280: 40px; --qode-cf-font-size-1024: 50px; --qode-cf-line-height-1024: 40px; --qode-cf-font-size-768: 50px; --qode-cf-line-height-768: 40px; --qode-cf-font-size-680: 50px; --qode-cf-line-height-680: 40px; --qode-cf-font-size-480: 50px; --qode-cf-line-height-480: 40px;\">Referencias<\/div>\t\t\t\t<\/div>\n\t\t\t\t<\/div>\n\t\t\t\t<div class=\"elementor-element elementor-element-a85f294 elementor-widget elementor-widget-text-editor\" data-id=\"a85f294\" data-element_type=\"widget\" data-e-type=\"widget\" data-widget_type=\"text-editor.default\">\n\t\t\t\t\t\t\t\t\t<h2><strong>Lo que dicen nuestros fans<\/strong><\/h2>\t\t\t\t\t\t\t\t<\/div>\n\t\t\t\t<\/div>\n\t\t\t\t<\/div>\n\t\t","protected":false},"excerpt":{"rendered":"<p>CONTACTO Contacto Esperamos tu mensaje \u00a0 Matthias Beltinger \u00a0 kontakt@resonanzio.de +49 177 2358464 Referencias Lo que dicen nuestros fans<\/p>\n","protected":false},"author":1,"featured_media":0,"parent":0,"menu_order":0,"comment_status":"closed","ping_status":"closed","template":"full_width.php","meta":{"footnotes":""},"class_list":["post-13201","page","type-page","status-publish","hentry"],"yoast_head":"<!-- This site is optimized with the Yoast SEO plugin v27.5 - https:\/\/yoast.com\/product\/yoast-seo-wordpress\/ -->\n<title>Contacto Resonanzio - Podios para m\u00fasicos<\/title>\n<meta name=\"description\" content=\"Para informaci\u00f3n o preguntas sobre nuestros podios de resonancia para violonchelo, contrabajo y arpa, escr\u00edbenos a: kontakt@resonanzio.de\" \/>\n<meta name=\"robots\" content=\"index, follow, max-snippet:-1, max-image-preview:large, max-video-preview:-1\" \/>\n<link rel=\"canonical\" href=\"https:\/\/resonanzio.de\/es\/contacto\/\" \/>\n<meta property=\"og:locale\" content=\"es_ES\" \/>\n<meta property=\"og:type\" content=\"article\" \/>\n<meta property=\"og:title\" content=\"Contacto Resonanzio - Podios para m\u00fasicos\" \/>\n<meta property=\"og:description\" content=\"Para informaci\u00f3n o preguntas sobre nuestros podios de resonancia para violonchelo, contrabajo y arpa, escr\u00edbenos a: kontakt@resonanzio.de\" \/>\n<meta property=\"og:url\" content=\"https:\/\/resonanzio.de\/es\/contacto\/\" \/>\n<meta property=\"og:site_name\" content=\"Resonanzio \u2013 F\u00fcr Orchester und Konzerts\u00e4le\" \/>\n<meta property=\"article:publisher\" content=\"https:\/\/www.facebook.com\/resonanzio\" \/>\n<meta property=\"article:modified_time\" content=\"2026-05-06T20:49:15+00:00\" \/>\n<meta property=\"og:image\" content=\"https:\/\/resonanzio.de\/wp-content\/uploads\/2025\/09\/Home-4.jpeg\" \/>\n\t<meta property=\"og:image:width\" content=\"1920\" \/>\n\t<meta property=\"og:image:height\" content=\"890\" \/>\n\t<meta property=\"og:image:type\" content=\"image\/jpeg\" \/>\n<meta name=\"twitter:card\" content=\"summary_large_image\" \/>\n<meta name=\"twitter:label1\" content=\"Tiempo de lectura\" \/>\n\t<meta name=\"twitter:data1\" content=\"1 minuto\" \/>\n<script type=\"application\/ld+json\" class=\"yoast-schema-graph\">{\"@context\":\"https:\\\/\\\/schema.org\",\"@graph\":[{\"@type\":\"WebPage\",\"@id\":\"https:\\\/\\\/resonanzio.de\\\/es\\\/contacto\\\/\",\"url\":\"https:\\\/\\\/resonanzio.de\\\/es\\\/contacto\\\/\",\"name\":\"Contacto Resonanzio - Podios para m\u00fasicos\",\"isPartOf\":{\"@id\":\"https:\\\/\\\/resonanzio.de\\\/en\\\/#website\"},\"primaryImageOfPage\":{\"@id\":\"https:\\\/\\\/resonanzio.de\\\/es\\\/contacto\\\/#primaryimage\"},\"image\":{\"@id\":\"https:\\\/\\\/resonanzio.de\\\/es\\\/contacto\\\/#primaryimage\"},\"thumbnailUrl\":\"https:\\\/\\\/resonanzio.de\\\/wp-content\\\/uploads\\\/2025\\\/09\\\/Home-4.jpeg\",\"datePublished\":\"2023-11-30T14:38:57+00:00\",\"dateModified\":\"2026-05-06T20:49:15+00:00\",\"description\":\"Para informaci\u00f3n o preguntas sobre nuestros podios de resonancia para violonchelo, contrabajo y arpa, escr\u00edbenos a: kontakt@resonanzio.de\",\"breadcrumb\":{\"@id\":\"https:\\\/\\\/resonanzio.de\\\/es\\\/contacto\\\/#breadcrumb\"},\"inLanguage\":\"es\",\"potentialAction\":[{\"@type\":\"ReadAction\",\"target\":[\"https:\\\/\\\/resonanzio.de\\\/es\\\/contacto\\\/\"]}]},{\"@type\":\"ImageObject\",\"inLanguage\":\"es\",\"@id\":\"https:\\\/\\\/resonanzio.de\\\/es\\\/contacto\\\/#primaryimage\",\"url\":\"https:\\\/\\\/resonanzio.de\\\/wp-content\\\/uploads\\\/2025\\\/09\\\/Home-4.jpeg\",\"contentUrl\":\"https:\\\/\\\/resonanzio.de\\\/wp-content\\\/uploads\\\/2025\\\/09\\\/Home-4.jpeg\"},{\"@type\":\"BreadcrumbList\",\"@id\":\"https:\\\/\\\/resonanzio.de\\\/es\\\/contacto\\\/#breadcrumb\",\"itemListElement\":[{\"@type\":\"ListItem\",\"position\":1,\"name\":\"Startseite\",\"item\":\"https:\\\/\\\/resonanzio.de\\\/es\\\/\"},{\"@type\":\"ListItem\",\"position\":2,\"name\":\"Contacto\"}]},{\"@type\":\"WebSite\",\"@id\":\"https:\\\/\\\/resonanzio.de\\\/en\\\/#website\",\"url\":\"https:\\\/\\\/resonanzio.de\\\/en\\\/\",\"name\":\"Resonanzio \u2013 F\u00fcr Orchester und Konzerts\u00e4le\",\"description\":\"Resonanz-Podeste f\u00fcr Orchester und Konzerts\u00e4le\",\"publisher\":{\"@id\":\"https:\\\/\\\/resonanzio.de\\\/en\\\/#organization\"},\"potentialAction\":[{\"@type\":\"SearchAction\",\"target\":{\"@type\":\"EntryPoint\",\"urlTemplate\":\"https:\\\/\\\/resonanzio.de\\\/en\\\/?s={search_term_string}\"},\"query-input\":{\"@type\":\"PropertyValueSpecification\",\"valueRequired\":true,\"valueName\":\"search_term_string\"}}],\"inLanguage\":\"es\"},{\"@type\":\"Organization\",\"@id\":\"https:\\\/\\\/resonanzio.de\\\/en\\\/#organization\",\"name\":\"Resonanzio \u2013 F\u00fcr Orchester und Konzerts\u00e4le\",\"url\":\"https:\\\/\\\/resonanzio.de\\\/en\\\/\",\"logo\":{\"@type\":\"ImageObject\",\"inLanguage\":\"es\",\"@id\":\"https:\\\/\\\/resonanzio.de\\\/en\\\/#\\\/schema\\\/logo\\\/image\\\/\",\"url\":\"https:\\\/\\\/resonanzio.de\\\/wp-content\\\/uploads\\\/2025\\\/11\\\/Resonanzio_klangpodest_klangpodium_cellopodest-cellopodium_soundpodium_riser.jpeg\",\"contentUrl\":\"https:\\\/\\\/resonanzio.de\\\/wp-content\\\/uploads\\\/2025\\\/11\\\/Resonanzio_klangpodest_klangpodium_cellopodest-cellopodium_soundpodium_riser.jpeg\",\"width\":390,\"height\":514,\"caption\":\"Resonanzio \u2013 F\u00fcr Orchester und Konzerts\u00e4le\"},\"image\":{\"@id\":\"https:\\\/\\\/resonanzio.de\\\/en\\\/#\\\/schema\\\/logo\\\/image\\\/\"},\"sameAs\":[\"https:\\\/\\\/www.facebook.com\\\/resonanzio\",\"https:\\\/\\\/www.instagram.com\\\/resonanzio\\\/\"]}]}<\/script>\n<!-- \/ Yoast SEO plugin. -->","yoast_head_json":{"title":"Contacto Resonanzio - Podios para m\u00fasicos","description":"Para informaci\u00f3n o preguntas sobre nuestros podios de resonancia para violonchelo, contrabajo y arpa, escr\u00edbenos a: kontakt@resonanzio.de","robots":{"index":"index","follow":"follow","max-snippet":"max-snippet:-1","max-image-preview":"max-image-preview:large","max-video-preview":"max-video-preview:-1"},"canonical":"https:\/\/resonanzio.de\/es\/contacto\/","og_locale":"es_ES","og_type":"article","og_title":"Contacto Resonanzio - Podios para m\u00fasicos","og_description":"Para informaci\u00f3n o preguntas sobre nuestros podios de resonancia para violonchelo, contrabajo y arpa, escr\u00edbenos a: kontakt@resonanzio.de","og_url":"https:\/\/resonanzio.de\/es\/contacto\/","og_site_name":"Resonanzio \u2013 F\u00fcr Orchester und Konzerts\u00e4le","article_publisher":"https:\/\/www.facebook.com\/resonanzio","article_modified_time":"2026-05-06T20:49:15+00:00","og_image":[{"width":1920,"height":890,"url":"https:\/\/resonanzio.de\/wp-content\/uploads\/2025\/09\/Home-4.jpeg","type":"image\/jpeg"}],"twitter_card":"summary_large_image","twitter_misc":{"Tiempo de lectura":"1 minuto"},"schema":{"@context":"https:\/\/schema.org","@graph":[{"@type":"WebPage","@id":"https:\/\/resonanzio.de\/es\/contacto\/","url":"https:\/\/resonanzio.de\/es\/contacto\/","name":"Contacto Resonanzio - Podios para m\u00fasicos","isPartOf":{"@id":"https:\/\/resonanzio.de\/en\/#website"},"primaryImageOfPage":{"@id":"https:\/\/resonanzio.de\/es\/contacto\/#primaryimage"},"image":{"@id":"https:\/\/resonanzio.de\/es\/contacto\/#primaryimage"},"thumbnailUrl":"https:\/\/resonanzio.de\/wp-content\/uploads\/2025\/09\/Home-4.jpeg","datePublished":"2023-11-30T14:38:57+00:00","dateModified":"2026-05-06T20:49:15+00:00","description":"Para informaci\u00f3n o preguntas sobre nuestros podios de resonancia para violonchelo, contrabajo y arpa, escr\u00edbenos a: kontakt@resonanzio.de","breadcrumb":{"@id":"https:\/\/resonanzio.de\/es\/contacto\/#breadcrumb"},"inLanguage":"es","potentialAction":[{"@type":"ReadAction","target":["https:\/\/resonanzio.de\/es\/contacto\/"]}]},{"@type":"ImageObject","inLanguage":"es","@id":"https:\/\/resonanzio.de\/es\/contacto\/#primaryimage","url":"https:\/\/resonanzio.de\/wp-content\/uploads\/2025\/09\/Home-4.jpeg","contentUrl":"https:\/\/resonanzio.de\/wp-content\/uploads\/2025\/09\/Home-4.jpeg"},{"@type":"BreadcrumbList","@id":"https:\/\/resonanzio.de\/es\/contacto\/#breadcrumb","itemListElement":[{"@type":"ListItem","position":1,"name":"Startseite","item":"https:\/\/resonanzio.de\/es\/"},{"@type":"ListItem","position":2,"name":"Contacto"}]},{"@type":"WebSite","@id":"https:\/\/resonanzio.de\/en\/#website","url":"https:\/\/resonanzio.de\/en\/","name":"Resonanzio \u2013 F\u00fcr Orchester und Konzerts\u00e4le","description":"Resonanz-Podeste f\u00fcr Orchester und Konzerts\u00e4le","publisher":{"@id":"https:\/\/resonanzio.de\/en\/#organization"},"potentialAction":[{"@type":"SearchAction","target":{"@type":"EntryPoint","urlTemplate":"https:\/\/resonanzio.de\/en\/?s={search_term_string}"},"query-input":{"@type":"PropertyValueSpecification","valueRequired":true,"valueName":"search_term_string"}}],"inLanguage":"es"},{"@type":"Organization","@id":"https:\/\/resonanzio.de\/en\/#organization","name":"Resonanzio \u2013 F\u00fcr Orchester und Konzerts\u00e4le","url":"https:\/\/resonanzio.de\/en\/","logo":{"@type":"ImageObject","inLanguage":"es","@id":"https:\/\/resonanzio.de\/en\/#\/schema\/logo\/image\/","url":"https:\/\/resonanzio.de\/wp-content\/uploads\/2025\/11\/Resonanzio_klangpodest_klangpodium_cellopodest-cellopodium_soundpodium_riser.jpeg","contentUrl":"https:\/\/resonanzio.de\/wp-content\/uploads\/2025\/11\/Resonanzio_klangpodest_klangpodium_cellopodest-cellopodium_soundpodium_riser.jpeg","width":390,"height":514,"caption":"Resonanzio \u2013 F\u00fcr Orchester und Konzerts\u00e4le"},"image":{"@id":"https:\/\/resonanzio.de\/en\/#\/schema\/logo\/image\/"},"sameAs":["https:\/\/www.facebook.com\/resonanzio","https:\/\/www.instagram.com\/resonanzio\/"]}]}},"_links":{"self":[{"href":"https:\/\/resonanzio.de\/es\/wp-json\/wp\/v2\/pages\/13201","targetHints":{"allow":["GET"]}}],"collection":[{"href":"https:\/\/resonanzio.de\/es\/wp-json\/wp\/v2\/pages"}],"about":[{"href":"https:\/\/resonanzio.de\/es\/wp-json\/wp\/v2\/types\/page"}],"author":[{"embeddable":true,"href":"https:\/\/resonanzio.de\/es\/wp-json\/wp\/v2\/users\/1"}],"replies":[{"embeddable":true,"href":"https:\/\/resonanzio.de\/es\/wp-json\/wp\/v2\/comments?post=13201"}],"version-history":[{"count":22,"href":"https:\/\/resonanzio.de\/es\/wp-json\/wp\/v2\/pages\/13201\/revisions"}],"predecessor-version":[{"id":13261,"href":"https:\/\/resonanzio.de\/es\/wp-json\/wp\/v2\/pages\/13201\/revisions\/13261"}],"wp:attachment":[{"href":"https:\/\/resonanzio.de\/es\/wp-json\/wp\/v2\/media?parent=13201"}],"curies":[{"name":"wp","href":"https:\/\/api.w.org\/{rel}","templated":true}]}}