{"id":12830,"date":"2025-09-20T09:17:03","date_gmt":"2025-09-20T09:17:03","guid":{"rendered":"https:\/\/resonanzio.de\/produkt\/flight-cases\/"},"modified":"2026-03-28T21:54:07","modified_gmt":"2026-03-28T21:54:07","slug":"fundas-de-vuelo","status":"publish","type":"product","link":"https:\/\/resonanzio.de\/es\/produkt\/fundas-de-vuelo\/","title":{"rendered":"Fundas de vuelo"},"content":{"rendered":"\t\t<div data-elementor-type=\"wp-post\" data-elementor-id=\"12830\" class=\"elementor elementor-12830 elementor-8515\" data-elementor-post-type=\"product\">\n\t\t\t\t<div class=\"elementor-element elementor-element-2eb0f45 e-flex e-con-boxed parallax_section_no qode_elementor_container_no e-con e-parent\" data-id=\"2eb0f45\" data-element_type=\"container\" data-e-type=\"container\">\n\t\t\t\t\t<div class=\"e-con-inner\">\n\t\t\t\t<div class=\"elementor-element elementor-element-7f600f8 elementor-widget elementor-widget-text-editor\" data-id=\"7f600f8\" data-element_type=\"widget\" data-e-type=\"widget\" data-widget_type=\"text-editor.default\">\n\t\t\t\t\t\t\t\t\t<p>Permiten guardar y transportar los podios de forma segura y sin esfuerzo. Las cajas est\u00e1n fabricadas en madera revestida y equipadas con protecciones de esquinas, herrajes y ruedas giratorias, optimizadas para transportar hasta seis podios.A petici\u00f3n, se pueden suministrar insertos interiores de espuma especial absorbente de impactos de 150 mm.<\/p>\t\t\t\t\t\t\t\t<\/div>\n\t\t\t\t\t<\/div>\n\t\t\t\t<\/div>\n\t\t<div class=\"elementor-element elementor-element-0de6306 parallax_section_holder e-flex e-con-boxed qode_elementor_container_no e-con e-parent\" data-id=\"0de6306\" data-element_type=\"container\" data-e-type=\"container\" data-settings=\"{&quot;background_background&quot;:&quot;classic&quot;,&quot;qode_parallax_image&quot;:{&quot;url&quot;:&quot;&quot;,&quot;id&quot;:&quot;&quot;,&quot;size&quot;:&quot;&quot;}}\">\n\t\t\t\t\t<div class=\"e-con-inner\">\n\t\t\t\t<div class=\"elementor-element elementor-element-1382622 elementor-testimonial--layout-image_above elementor-testimonial--mobile-align-center elementor-testimonial--skin-default elementor-testimonial--align-center elementor-arrows-yes elementor-pagination-type-bullets elementor-widget elementor-widget-testimonial-carousel\" data-id=\"1382622\" data-element_type=\"widget\" data-e-type=\"widget\" data-settings=\"{&quot;speed&quot;:1500,&quot;autoplay_speed&quot;:8000,&quot;show_arrows&quot;:&quot;yes&quot;,&quot;pagination&quot;:&quot;bullets&quot;,&quot;autoplay&quot;:&quot;yes&quot;,&quot;loop&quot;:&quot;yes&quot;,&quot;pause_on_hover&quot;:&quot;yes&quot;,&quot;pause_on_interaction&quot;:&quot;yes&quot;,&quot;space_between&quot;:{&quot;unit&quot;:&quot;px&quot;,&quot;size&quot;:10,&quot;sizes&quot;:[]},&quot;space_between_tablet&quot;:{&quot;unit&quot;:&quot;px&quot;,&quot;size&quot;:10,&quot;sizes&quot;:[]},&quot;space_between_mobile&quot;:{&quot;unit&quot;:&quot;px&quot;,&quot;size&quot;:10,&quot;sizes&quot;:[]}}\" data-widget_type=\"testimonial-carousel.default\">\n\t\t\t\t\t\t\t\t\t\t<div class=\"elementor-main-swiper swiper\" role=\"region\" aria-roledescription=\"carousel\" aria-label=\"Slider\">\n\t\t\t\t<div class=\"swiper-wrapper\">\n\t\t\t\t\t\t\t\t\t\t\t<div class=\"swiper-slide\" role=\"group\" aria-roledescription=\"slide\">\n\t\t\t\t\t\t\t\t\t<div class=\"elementor-testimonial\">\n\t\t\t\t\t\t\t<div class=\"elementor-testimonial__content\">\n\t\t\t\t\t<div class=\"elementor-testimonial__text\">\n\t\t\t\t\t\tResonanzio plataformas de orquesta\t\t\t\t\t<\/div>\n\t\t\t\t\t<cite class=\"elementor-testimonial__cite\"><span class=\"elementor-testimonial__name\">Konzerthaus Berlin<\/span><\/cite>\t\t\t\t<\/div>\n\t\t\t\t\t\t<div class=\"elementor-testimonial__footer\">\n\t\t\t\t\t\t\t\t\t<div class=\"elementor-testimonial__image\">\n\t\t\t\t\t\t<img decoding=\"async\" src=\"https:\/\/resonanzio.de\/wp-content\/uploads\/2025\/09\/IMG_6924-1.jpeg\" alt=\"Konzerthaus Berlin\">\n\t\t\t\t\t\t\t\t\t\t\t<\/div>\n\t\t\t\t\t\t\t\t\t\t\t<\/div>\n\t\t<\/div>\n\t\t\t\t\t\t\t\t<\/div>\n\t\t\t\t\t\t\t\t\t\t\t<div class=\"swiper-slide\" role=\"group\" aria-roledescription=\"slide\">\n\t\t\t\t\t\t\t\t\t<div class=\"elementor-testimonial\">\n\t\t\t\t\t\t\t<div class=\"elementor-testimonial__content\">\n\t\t\t\t\t<div class=\"elementor-testimonial__text\">\n\t\t\t\t\t\tP\u00f3dium Classic para contrabajo en estuches de transporte para la Filarm\u00f3nica de Nueva York\t\t\t\t\t<\/div>\n\t\t\t\t\t<cite class=\"elementor-testimonial__cite\"><span class=\"elementor-testimonial__name\">New York Philharmonic<\/span><\/cite>\t\t\t\t<\/div>\n\t\t\t\t\t\t<div class=\"elementor-testimonial__footer\">\n\t\t\t\t\t\t\t\t\t<div class=\"elementor-testimonial__image\">\n\t\t\t\t\t\t<img decoding=\"async\" src=\"https:\/\/resonanzio.de\/wp-content\/uploads\/2025\/09\/IMG-20190214-WA0006-1.jpeg\" alt=\"New York Philharmonic\">\n\t\t\t\t\t\t\t\t\t\t\t<\/div>\n\t\t\t\t\t\t\t\t\t\t\t<\/div>\n\t\t<\/div>\n\t\t\t\t\t\t\t\t<\/div>\n\t\t\t\t\t\t\t\t\t\t\t<div class=\"swiper-slide\" role=\"group\" aria-roledescription=\"slide\">\n\t\t\t\t\t\t\t\t\t<div class=\"elementor-testimonial\">\n\t\t\t\t\t\t\t<div class=\"elementor-testimonial__content\">\n\t\t\t\t\t<div class=\"elementor-testimonial__text\">\n\t\t\t\t\t\t\nP\u00f3diums Classic para contrabajo de la Orquesta Filarm\u00f3nica de Oslo llevan grabado el logotipo de la orquesta\t\t\t\t\t<\/div>\n\t\t\t\t\t<cite class=\"elementor-testimonial__cite\"><span class=\"elementor-testimonial__name\">Oslo Philharmonic Orchestra<\/span><\/cite>\t\t\t\t<\/div>\n\t\t\t\t\t\t<div class=\"elementor-testimonial__footer\">\n\t\t\t\t\t\t\t\t\t<div class=\"elementor-testimonial__image\">\n\t\t\t\t\t\t<img decoding=\"async\" src=\"https:\/\/resonanzio.de\/wp-content\/uploads\/2025\/09\/IMG_6284-1.jpeg\" alt=\"Oslo Philharmonic Orchestra\">\n\t\t\t\t\t\t\t\t\t\t\t<\/div>\n\t\t\t\t\t\t\t\t\t\t\t<\/div>\n\t\t<\/div>\n\t\t\t\t\t\t\t\t<\/div>\n\t\t\t\t\t\t\t\t\t<\/div>\n\t\t\t\t\t\t\t\t\t\t\t\t\t\t\t<div class=\"elementor-swiper-button elementor-swiper-button-prev\" role=\"button\" tabindex=\"0\" aria-label=\"Previous\">\n\t\t\t\t\t\t\t<svg aria-hidden=\"true\" class=\"e-font-icon-svg e-eicon-chevron-left\" viewBox=\"0 0 1000 1000\" xmlns=\"http:\/\/www.w3.org\/2000\/svg\"><path d=\"M646 125C629 125 613 133 604 142L308 442C296 454 292 471 292 487 292 504 296 521 308 533L604 854C617 867 629 875 646 875 663 875 679 871 692 858 704 846 713 829 713 812 713 796 708 779 692 767L438 487 692 225C700 217 708 204 708 187 708 171 704 154 692 142 675 129 663 125 646 125Z\"><\/path><\/svg>\t\t\t\t\t\t<\/div>\n\t\t\t\t\t\t<div class=\"elementor-swiper-button elementor-swiper-button-next\" role=\"button\" tabindex=\"0\" aria-label=\"Next\">\n\t\t\t\t\t\t\t<svg aria-hidden=\"true\" class=\"e-font-icon-svg e-eicon-chevron-right\" viewBox=\"0 0 1000 1000\" xmlns=\"http:\/\/www.w3.org\/2000\/svg\"><path d=\"M696 533C708 521 713 504 713 487 713 471 708 454 696 446L400 146C388 133 375 125 354 125 338 125 325 129 313 142 300 154 292 171 292 187 292 204 296 221 308 233L563 492 304 771C292 783 288 800 288 817 288 833 296 850 308 863 321 871 338 875 354 875 371 875 388 867 400 854L696 533Z\"><\/path><\/svg>\t\t\t\t\t\t<\/div>\n\t\t\t\t\t\t\t\t\t\t\t\t\t\t\t\t<div class=\"swiper-pagination\"><\/div>\n\t\t\t\t\t\t\t\t\t\t\t\t<\/div>\n\t\t\t\t\t\t\t\t<\/div>\n\t\t\t\t\t<\/div>\n\t\t\t\t<\/div>\n\t\t\t\t<\/div>\n\t\t","protected":false},"excerpt":{"rendered":"<h4><\/h4>\n<h4><span style=\"color: #c63527;\">Fabricaci\u00f3n a medida<br \/>\n<\/span><\/h4>\n<p>&nbsp;<\/p>\n<p>Nuestras fundas de vuelo son las compa\u00f1eras de viaje ideales para sus podios Resonanzio. Cada caja se fabrica individualmente y a medida en Bremen, en cooperaci\u00f3n con un especialista en tecnolog\u00eda esc\u00e9nica y de conciertos <\/p>\n","protected":false},"featured_media":12824,"template":"","meta":[],"product_brand":[],"product_cat":[384],"product_tag":[],"class_list":{"0":"post-12830","1":"product","2":"type-product","3":"status-publish","4":"has-post-thumbnail","6":"product_cat-resonanzio","8":"first","9":"instock","10":"shipping-taxable","11":"product-type-simple"},"yoast_head":"<!-- This site is optimized with the Yoast SEO plugin v27.3 - https:\/\/yoast.com\/product\/yoast-seo-wordpress\/ -->\n<title>Transportkisten f\u00fcr Resonanzio-Produkte<\/title>\n<meta name=\"description\" content=\"passgenaue Transportkisten f\u00fcr Resonanzio Podeste | Individuell angefertigt | Robust und praktisch | Durch F\u00fchrungs-Schienen sehr leicht handhabbar\" \/>\n<meta name=\"robots\" content=\"index, follow, max-snippet:-1, max-image-preview:large, max-video-preview:-1\" \/>\n<link rel=\"canonical\" href=\"https:\/\/resonanzio.de\/es\/produkt\/fundas-de-vuelo\/\" \/>\n<meta property=\"og:locale\" content=\"es_ES\" \/>\n<meta property=\"og:type\" content=\"article\" \/>\n<meta property=\"og:title\" content=\"Transportkisten f\u00fcr Resonanzio-Produkte\" \/>\n<meta property=\"og:description\" content=\"passgenaue Transportkisten f\u00fcr Resonanzio Podeste | Individuell angefertigt | Robust und praktisch | Durch F\u00fchrungs-Schienen sehr leicht handhabbar\" \/>\n<meta property=\"og:url\" content=\"https:\/\/resonanzio.de\/es\/produkt\/fundas-de-vuelo\/\" \/>\n<meta property=\"og:site_name\" content=\"Resonanzio \u2013 F\u00fcr Orchester und Konzerts\u00e4le\" \/>\n<meta property=\"article:publisher\" content=\"https:\/\/www.facebook.com\/resonanzio\" \/>\n<meta property=\"article:modified_time\" content=\"2026-03-28T21:54:07+00:00\" \/>\n<meta property=\"og:image\" content=\"https:\/\/resonanzio.de\/wp-content\/uploads\/2025\/09\/Klangpodest-Case.jpeg\" \/>\n\t<meta property=\"og:image:width\" content=\"500\" \/>\n\t<meta property=\"og:image:height\" content=\"500\" \/>\n\t<meta property=\"og:image:type\" content=\"image\/jpeg\" \/>\n<meta name=\"twitter:card\" content=\"summary_large_image\" \/>\n<meta name=\"twitter:label1\" content=\"Tiempo de lectura\" \/>\n\t<meta name=\"twitter:data1\" content=\"2 minutos\" \/>\n<script type=\"application\/ld+json\" class=\"yoast-schema-graph\">{\"@context\":\"https:\\\/\\\/schema.org\",\"@graph\":[{\"@type\":\"WebPage\",\"@id\":\"https:\\\/\\\/resonanzio.de\\\/es\\\/produkt\\\/fundas-de-vuelo\\\/\",\"url\":\"https:\\\/\\\/resonanzio.de\\\/es\\\/produkt\\\/fundas-de-vuelo\\\/\",\"name\":\"Transportkisten f\u00fcr Resonanzio-Produkte\",\"isPartOf\":{\"@id\":\"https:\\\/\\\/resonanzio.de\\\/en\\\/#website\"},\"primaryImageOfPage\":{\"@id\":\"https:\\\/\\\/resonanzio.de\\\/es\\\/produkt\\\/fundas-de-vuelo\\\/#primaryimage\"},\"image\":{\"@id\":\"https:\\\/\\\/resonanzio.de\\\/es\\\/produkt\\\/fundas-de-vuelo\\\/#primaryimage\"},\"thumbnailUrl\":\"https:\\\/\\\/resonanzio.de\\\/wp-content\\\/uploads\\\/2025\\\/09\\\/Klangpodest-Case.jpeg\",\"datePublished\":\"2025-09-20T09:17:03+00:00\",\"dateModified\":\"2026-03-28T21:54:07+00:00\",\"description\":\"passgenaue Transportkisten f\u00fcr Resonanzio Podeste | Individuell angefertigt | Robust und praktisch | Durch F\u00fchrungs-Schienen sehr leicht handhabbar\",\"breadcrumb\":{\"@id\":\"https:\\\/\\\/resonanzio.de\\\/es\\\/produkt\\\/fundas-de-vuelo\\\/#breadcrumb\"},\"inLanguage\":\"es\",\"potentialAction\":[{\"@type\":\"ReadAction\",\"target\":[\"https:\\\/\\\/resonanzio.de\\\/es\\\/produkt\\\/fundas-de-vuelo\\\/\"]}]},{\"@type\":\"ImageObject\",\"inLanguage\":\"es\",\"@id\":\"https:\\\/\\\/resonanzio.de\\\/es\\\/produkt\\\/fundas-de-vuelo\\\/#primaryimage\",\"url\":\"https:\\\/\\\/resonanzio.de\\\/wp-content\\\/uploads\\\/2025\\\/09\\\/Klangpodest-Case.jpeg\",\"contentUrl\":\"https:\\\/\\\/resonanzio.de\\\/wp-content\\\/uploads\\\/2025\\\/09\\\/Klangpodest-Case.jpeg\",\"width\":500,\"height\":500},{\"@type\":\"BreadcrumbList\",\"@id\":\"https:\\\/\\\/resonanzio.de\\\/es\\\/produkt\\\/fundas-de-vuelo\\\/#breadcrumb\",\"itemListElement\":[{\"@type\":\"ListItem\",\"position\":1,\"name\":\"Startseite\",\"item\":\"https:\\\/\\\/resonanzio.de\\\/es\\\/\"},{\"@type\":\"ListItem\",\"position\":2,\"name\":\"Produkte default\",\"item\":\"https:\\\/\\\/resonanzio.de\\\/shop\\\/\"},{\"@type\":\"ListItem\",\"position\":3,\"name\":\"Fundas de vuelo\"}]},{\"@type\":\"WebSite\",\"@id\":\"https:\\\/\\\/resonanzio.de\\\/en\\\/#website\",\"url\":\"https:\\\/\\\/resonanzio.de\\\/en\\\/\",\"name\":\"Resonanzio \u2013 F\u00fcr Orchester und Konzerts\u00e4le\",\"description\":\"Resonanz-Podeste f\u00fcr Orchester und Konzerts\u00e4le\",\"publisher\":{\"@id\":\"https:\\\/\\\/resonanzio.de\\\/en\\\/#organization\"},\"potentialAction\":[{\"@type\":\"SearchAction\",\"target\":{\"@type\":\"EntryPoint\",\"urlTemplate\":\"https:\\\/\\\/resonanzio.de\\\/en\\\/?s={search_term_string}\"},\"query-input\":{\"@type\":\"PropertyValueSpecification\",\"valueRequired\":true,\"valueName\":\"search_term_string\"}}],\"inLanguage\":\"es\"},{\"@type\":\"Organization\",\"@id\":\"https:\\\/\\\/resonanzio.de\\\/en\\\/#organization\",\"name\":\"Resonanzio \u2013 F\u00fcr Orchester und Konzerts\u00e4le\",\"url\":\"https:\\\/\\\/resonanzio.de\\\/en\\\/\",\"logo\":{\"@type\":\"ImageObject\",\"inLanguage\":\"es\",\"@id\":\"https:\\\/\\\/resonanzio.de\\\/en\\\/#\\\/schema\\\/logo\\\/image\\\/\",\"url\":\"https:\\\/\\\/resonanzio.de\\\/wp-content\\\/uploads\\\/2025\\\/11\\\/Resonanzio_klangpodest_klangpodium_cellopodest-cellopodium_soundpodium_riser.jpeg\",\"contentUrl\":\"https:\\\/\\\/resonanzio.de\\\/wp-content\\\/uploads\\\/2025\\\/11\\\/Resonanzio_klangpodest_klangpodium_cellopodest-cellopodium_soundpodium_riser.jpeg\",\"width\":390,\"height\":514,\"caption\":\"Resonanzio \u2013 F\u00fcr Orchester und Konzerts\u00e4le\"},\"image\":{\"@id\":\"https:\\\/\\\/resonanzio.de\\\/en\\\/#\\\/schema\\\/logo\\\/image\\\/\"},\"sameAs\":[\"https:\\\/\\\/www.facebook.com\\\/resonanzio\",\"https:\\\/\\\/www.instagram.com\\\/resonanzio\\\/\"]}]}<\/script>\n<!-- \/ Yoast SEO plugin. -->","yoast_head_json":{"title":"Transportkisten f\u00fcr Resonanzio-Produkte","description":"passgenaue Transportkisten f\u00fcr Resonanzio Podeste | Individuell angefertigt | Robust und praktisch | Durch F\u00fchrungs-Schienen sehr leicht handhabbar","robots":{"index":"index","follow":"follow","max-snippet":"max-snippet:-1","max-image-preview":"max-image-preview:large","max-video-preview":"max-video-preview:-1"},"canonical":"https:\/\/resonanzio.de\/es\/produkt\/fundas-de-vuelo\/","og_locale":"es_ES","og_type":"article","og_title":"Transportkisten f\u00fcr Resonanzio-Produkte","og_description":"passgenaue Transportkisten f\u00fcr Resonanzio Podeste | Individuell angefertigt | Robust und praktisch | Durch F\u00fchrungs-Schienen sehr leicht handhabbar","og_url":"https:\/\/resonanzio.de\/es\/produkt\/fundas-de-vuelo\/","og_site_name":"Resonanzio \u2013 F\u00fcr Orchester und Konzerts\u00e4le","article_publisher":"https:\/\/www.facebook.com\/resonanzio","article_modified_time":"2026-03-28T21:54:07+00:00","og_image":[{"width":500,"height":500,"url":"https:\/\/resonanzio.de\/wp-content\/uploads\/2025\/09\/Klangpodest-Case.jpeg","type":"image\/jpeg"}],"twitter_card":"summary_large_image","twitter_misc":{"Tiempo de lectura":"2 minutos"},"schema":{"@context":"https:\/\/schema.org","@graph":[{"@type":"WebPage","@id":"https:\/\/resonanzio.de\/es\/produkt\/fundas-de-vuelo\/","url":"https:\/\/resonanzio.de\/es\/produkt\/fundas-de-vuelo\/","name":"Transportkisten f\u00fcr Resonanzio-Produkte","isPartOf":{"@id":"https:\/\/resonanzio.de\/en\/#website"},"primaryImageOfPage":{"@id":"https:\/\/resonanzio.de\/es\/produkt\/fundas-de-vuelo\/#primaryimage"},"image":{"@id":"https:\/\/resonanzio.de\/es\/produkt\/fundas-de-vuelo\/#primaryimage"},"thumbnailUrl":"https:\/\/resonanzio.de\/wp-content\/uploads\/2025\/09\/Klangpodest-Case.jpeg","datePublished":"2025-09-20T09:17:03+00:00","dateModified":"2026-03-28T21:54:07+00:00","description":"passgenaue Transportkisten f\u00fcr Resonanzio Podeste | Individuell angefertigt | Robust und praktisch | Durch F\u00fchrungs-Schienen sehr leicht handhabbar","breadcrumb":{"@id":"https:\/\/resonanzio.de\/es\/produkt\/fundas-de-vuelo\/#breadcrumb"},"inLanguage":"es","potentialAction":[{"@type":"ReadAction","target":["https:\/\/resonanzio.de\/es\/produkt\/fundas-de-vuelo\/"]}]},{"@type":"ImageObject","inLanguage":"es","@id":"https:\/\/resonanzio.de\/es\/produkt\/fundas-de-vuelo\/#primaryimage","url":"https:\/\/resonanzio.de\/wp-content\/uploads\/2025\/09\/Klangpodest-Case.jpeg","contentUrl":"https:\/\/resonanzio.de\/wp-content\/uploads\/2025\/09\/Klangpodest-Case.jpeg","width":500,"height":500},{"@type":"BreadcrumbList","@id":"https:\/\/resonanzio.de\/es\/produkt\/fundas-de-vuelo\/#breadcrumb","itemListElement":[{"@type":"ListItem","position":1,"name":"Startseite","item":"https:\/\/resonanzio.de\/es\/"},{"@type":"ListItem","position":2,"name":"Produkte default","item":"https:\/\/resonanzio.de\/shop\/"},{"@type":"ListItem","position":3,"name":"Fundas de vuelo"}]},{"@type":"WebSite","@id":"https:\/\/resonanzio.de\/en\/#website","url":"https:\/\/resonanzio.de\/en\/","name":"Resonanzio \u2013 F\u00fcr Orchester und Konzerts\u00e4le","description":"Resonanz-Podeste f\u00fcr Orchester und Konzerts\u00e4le","publisher":{"@id":"https:\/\/resonanzio.de\/en\/#organization"},"potentialAction":[{"@type":"SearchAction","target":{"@type":"EntryPoint","urlTemplate":"https:\/\/resonanzio.de\/en\/?s={search_term_string}"},"query-input":{"@type":"PropertyValueSpecification","valueRequired":true,"valueName":"search_term_string"}}],"inLanguage":"es"},{"@type":"Organization","@id":"https:\/\/resonanzio.de\/en\/#organization","name":"Resonanzio \u2013 F\u00fcr Orchester und Konzerts\u00e4le","url":"https:\/\/resonanzio.de\/en\/","logo":{"@type":"ImageObject","inLanguage":"es","@id":"https:\/\/resonanzio.de\/en\/#\/schema\/logo\/image\/","url":"https:\/\/resonanzio.de\/wp-content\/uploads\/2025\/11\/Resonanzio_klangpodest_klangpodium_cellopodest-cellopodium_soundpodium_riser.jpeg","contentUrl":"https:\/\/resonanzio.de\/wp-content\/uploads\/2025\/11\/Resonanzio_klangpodest_klangpodium_cellopodest-cellopodium_soundpodium_riser.jpeg","width":390,"height":514,"caption":"Resonanzio \u2013 F\u00fcr Orchester und Konzerts\u00e4le"},"image":{"@id":"https:\/\/resonanzio.de\/en\/#\/schema\/logo\/image\/"},"sameAs":["https:\/\/www.facebook.com\/resonanzio","https:\/\/www.instagram.com\/resonanzio\/"]}]}},"_links":{"self":[{"href":"https:\/\/resonanzio.de\/es\/wp-json\/wp\/v2\/product\/12830","targetHints":{"allow":["GET"]}}],"collection":[{"href":"https:\/\/resonanzio.de\/es\/wp-json\/wp\/v2\/product"}],"about":[{"href":"https:\/\/resonanzio.de\/es\/wp-json\/wp\/v2\/types\/product"}],"version-history":[{"count":10,"href":"https:\/\/resonanzio.de\/es\/wp-json\/wp\/v2\/product\/12830\/revisions"}],"predecessor-version":[{"id":13073,"href":"https:\/\/resonanzio.de\/es\/wp-json\/wp\/v2\/product\/12830\/revisions\/13073"}],"wp:featuredmedia":[{"embeddable":true,"href":"https:\/\/resonanzio.de\/es\/wp-json\/wp\/v2\/media\/12824"}],"wp:attachment":[{"href":"https:\/\/resonanzio.de\/es\/wp-json\/wp\/v2\/media?parent=12830"}],"wp:term":[{"taxonomy":"product_brand","embeddable":true,"href":"https:\/\/resonanzio.de\/es\/wp-json\/wp\/v2\/product_brand?post=12830"},{"taxonomy":"product_cat","embeddable":true,"href":"https:\/\/resonanzio.de\/es\/wp-json\/wp\/v2\/product_cat?post=12830"},{"taxonomy":"product_tag","embeddable":true,"href":"https:\/\/resonanzio.de\/es\/wp-json\/wp\/v2\/product_tag?post=12830"}],"curies":[{"name":"wp","href":"https:\/\/api.w.org\/{rel}","templated":true}]}}