{"id":12853,"date":"2025-09-21T10:15:43","date_gmt":"2025-09-21T10:15:43","guid":{"rendered":"https:\/\/resonanzio.de\/produkt\/akustik-waende\/"},"modified":"2026-03-28T21:49:48","modified_gmt":"2026-03-28T21:49:48","slug":"paredes-acusticas","status":"publish","type":"product","link":"https:\/\/resonanzio.de\/es\/produkt\/paredes-acusticas\/","title":{"rendered":"Paredes ac\u00fasticas"},"content":{"rendered":"\t\t<div data-elementor-type=\"wp-post\" data-elementor-id=\"12853\" class=\"elementor elementor-12853 elementor-8532\" data-elementor-post-type=\"product\">\n\t\t\t\t<div class=\"elementor-element elementor-element-5531dc92 e-flex e-con-boxed parallax_section_no qode_elementor_container_no e-con e-parent\" data-id=\"5531dc92\" data-element_type=\"container\" data-e-type=\"container\">\n\t\t\t\t\t<div class=\"e-con-inner\">\n\t\t\t\t<div class=\"elementor-element elementor-element-134f9852 elementor-widget elementor-widget-text-editor\" data-id=\"134f9852\" data-element_type=\"widget\" data-e-type=\"widget\" data-widget_type=\"text-editor.default\">\n\t\t\t\t\t\t\t\t\t<p>En salas con demasiada reverberaci\u00f3n, nuestras paredes ac\u00fasticas resultan especialmente eficaces. Facilitan un mejor entendimiento entre los m\u00fasicos y favorecen una interpretaci\u00f3n conjunta m\u00e1s precisa. La superficie de madera blanda es difusora, de modo que el sonido reflejado se dispersa en todas las direcciones. Las paredes est\u00e1n equipadas con ruedas, lo que permite desplazarlas con facilidad. Tambi\u00e9n ofrecemos paredes ac\u00fasticas especiales para exteriores, muy estables y resistentes al viento, fabricadas con materiales resistentes a la humedad. Nuestras paredes ac\u00fasticas se fabrican de manera individual y a medida en Bremen.<\/p><p dir=\"ltr\" tabindex=\"-1\" role=\"text\" data-placeholder=\"Translation\" data-ved=\"2ahUKEwjA45-ar8OTAxUwUqQEHUsNJBkQ3ewLegQIDBAX\" aria-label=\"Translated text: Las dimensiones est\u00e1ndar de las paredes son:\">\u00a0<\/p><p id=\"tw-target-text\" class=\"tw-data-text tw-text-large tw-ta\" dir=\"ltr\" tabindex=\"-1\" role=\"text\" data-placeholder=\"Translation\" data-ved=\"2ahUKEwjA45-ar8OTAxUwUqQEHUsNJBkQ3ewLegQIDBAX\" aria-label=\"Translated text: Las dimensiones est\u00e1ndar de las paredes son:\"><span class=\"Y2IQFc\" lang=\"es\">Las dimensiones est\u00e1ndar de las paredes son:<\/span><\/p><p>\u00a0<\/p><table style=\"width: 300px; border: 1px solid #ccc; border-collapse: collapse;\"><tbody><tr><td style=\"border: 1px solid #ccc; padding: 5px;\">Longitud<\/td><td style=\"border: 1px solid #ccc; padding: 5px;\">95 cm<\/td><\/tr><tr><td style=\"border: 1px solid #ccc; padding: 5px;\">Ancho<\/td><td style=\"border: 1px solid #ccc; padding: 5px;\">240 cm<\/td><\/tr><\/tbody><\/table><p style=\"text-align: right;\">Foto: Christoph Giese<\/p>\t\t\t\t\t\t\t\t<\/div>\n\t\t\t\t\t<\/div>\n\t\t\t\t<\/div>\n\t\t<div class=\"elementor-element elementor-element-ce4964f parallax_section_holder e-flex e-con-boxed qode_elementor_container_no e-con e-parent\" data-id=\"ce4964f\" data-element_type=\"container\" data-e-type=\"container\" data-settings=\"{&quot;background_background&quot;:&quot;classic&quot;,&quot;qode_parallax_image&quot;:{&quot;url&quot;:&quot;&quot;,&quot;id&quot;:&quot;&quot;,&quot;size&quot;:&quot;&quot;}}\">\n\t\t\t\t\t<div class=\"e-con-inner\">\n\t\t\t\t<div class=\"elementor-element elementor-element-0979073 elementor-testimonial--layout-image_above elementor-testimonial--mobile-align-center elementor-testimonial--skin-default elementor-testimonial--align-center elementor-arrows-yes elementor-pagination-type-bullets elementor-widget elementor-widget-testimonial-carousel\" data-id=\"0979073\" data-element_type=\"widget\" data-e-type=\"widget\" data-settings=\"{&quot;speed&quot;:1500,&quot;autoplay_speed&quot;:8000,&quot;show_arrows&quot;:&quot;yes&quot;,&quot;pagination&quot;:&quot;bullets&quot;,&quot;autoplay&quot;:&quot;yes&quot;,&quot;loop&quot;:&quot;yes&quot;,&quot;pause_on_hover&quot;:&quot;yes&quot;,&quot;pause_on_interaction&quot;:&quot;yes&quot;,&quot;space_between&quot;:{&quot;unit&quot;:&quot;px&quot;,&quot;size&quot;:10,&quot;sizes&quot;:[]},&quot;space_between_tablet&quot;:{&quot;unit&quot;:&quot;px&quot;,&quot;size&quot;:10,&quot;sizes&quot;:[]},&quot;space_between_mobile&quot;:{&quot;unit&quot;:&quot;px&quot;,&quot;size&quot;:10,&quot;sizes&quot;:[]}}\" data-widget_type=\"testimonial-carousel.default\">\n\t\t\t\t\t\t\t\t\t\t<div class=\"elementor-main-swiper swiper\" role=\"region\" aria-roledescription=\"carousel\" aria-label=\"Slider\">\n\t\t\t\t<div class=\"swiper-wrapper\">\n\t\t\t\t\t\t\t\t\t\t\t<div class=\"swiper-slide\" role=\"group\" aria-roledescription=\"slide\">\n\t\t\t\t\t\t\t\t\t<div class=\"elementor-testimonial\">\n\t\t\t\t\t\t\t<div class=\"elementor-testimonial__content\">\n\t\t\t\t\t<div class=\"elementor-testimonial__text\">\n\t\t\t\t\t\tNosotros, la Orquesta Barroca de Friburgo, tenemos la inmensa fortuna de poder ofrecer ahora nuestros conciertos al aire libre en un escenario de resonancia especial con reflectores ac\u00fasticos adicionales de la empresa Resonanzio, con sede en Bremen. Los m\u00fasicos pueden escucharse con mucha m\u00e1s claridad y eficacia, y la experiencia auditiva para el p\u00fablico es incomparablemente m\u00e1s intensa que en un concierto al aire libre convencional.\n\nTras a\u00f1os tocando en las fant\u00e1sticas plataformas de resonancia para nuestros contrabajos y violonchelos barrocos, estos nuevos elementos ac\u00fasticos de Resonanzio representan una ayuda \u00fanica y valiosa en nuestro continuo trabajo por perfeccionar el sonido caracter\u00edstico de la Orquesta Barroca de Friburgo.\t\t\t\t\t<\/div>\n\t\t\t\t\t<cite class=\"elementor-testimonial__cite\"><span class=\"elementor-testimonial__name\">Hans-Georg Kaiser<\/span><span class=\"elementor-testimonial__title\">Intendant FBO<\/span><\/cite>\t\t\t\t<\/div>\n\t\t\t\t\t\t<div class=\"elementor-testimonial__footer\">\n\t\t\t\t\t\t\t\t\t<div class=\"elementor-testimonial__image\">\n\t\t\t\t\t\t<img decoding=\"async\" src=\"https:\/\/resonanzio.de\/wp-content\/uploads\/2025\/12\/Bildschirmfoto-2025-11-11-um-22.32.36-4.jpeg\" alt=\"Hans-Georg Kaiser\">\n\t\t\t\t\t\t\t\t\t\t\t<\/div>\n\t\t\t\t\t\t\t\t\t\t\t<\/div>\n\t\t<\/div>\n\t\t\t\t\t\t\t\t<\/div>\n\t\t\t\t\t\t\t\t\t\t\t<div class=\"swiper-slide\" role=\"group\" aria-roledescription=\"slide\">\n\t\t\t\t\t\t\t\t\t<div class=\"elementor-testimonial\">\n\t\t\t\t\t\t\t<div class=\"elementor-testimonial__content\">\n\t\t\t\t\t<div class=\"elementor-testimonial__text\">\n\t\t\t\t\t\t\u00a1Tuvimos una experiencia fant\u00e1stica tocando en nuestros conciertos al aire libre sobre el escenario m\u00f3vil Resonanz! Nos permiti\u00f3 a los m\u00fasicos escucharnos mucho mejor, facilitando enormemente la interpretaci\u00f3n en conjunto. Soy un gran admirador de las plataformas de sonido para violonchelo de Resonanzio desde hace a\u00f1os, y estoy muy entusiasmado con el desarrollo futuro de este concepto resonanz.\t\t\t\t\t<\/div>\n\t\t\t\t\t<cite class=\"elementor-testimonial__cite\"><span class=\"elementor-testimonial__name\">Guido Larisch<\/span><span class=\"elementor-testimonial__title\">Solo-Cellist Freiburger Barockorchester<\/span><\/cite>\t\t\t\t<\/div>\n\t\t\t\t\t\t<div class=\"elementor-testimonial__footer\">\n\t\t\t\t\t\t\t\t\t<div class=\"elementor-testimonial__image\">\n\t\t\t\t\t\t<img decoding=\"async\" src=\"https:\/\/resonanzio.de\/wp-content\/uploads\/2025\/12\/IMG_1750-3.jpeg\" alt=\"Guido Larisch\">\n\t\t\t\t\t\t\t\t\t\t\t<\/div>\n\t\t\t\t\t\t\t\t\t\t\t<\/div>\n\t\t<\/div>\n\t\t\t\t\t\t\t\t<\/div>\n\t\t\t\t\t\t\t\t\t<\/div>\n\t\t\t\t\t\t\t\t\t\t\t\t\t\t\t<div class=\"elementor-swiper-button elementor-swiper-button-prev\" role=\"button\" tabindex=\"0\" aria-label=\"Previous\">\n\t\t\t\t\t\t\t<svg aria-hidden=\"true\" class=\"e-font-icon-svg e-eicon-chevron-left\" viewBox=\"0 0 1000 1000\" xmlns=\"http:\/\/www.w3.org\/2000\/svg\"><path d=\"M646 125C629 125 613 133 604 142L308 442C296 454 292 471 292 487 292 504 296 521 308 533L604 854C617 867 629 875 646 875 663 875 679 871 692 858 704 846 713 829 713 812 713 796 708 779 692 767L438 487 692 225C700 217 708 204 708 187 708 171 704 154 692 142 675 129 663 125 646 125Z\"><\/path><\/svg>\t\t\t\t\t\t<\/div>\n\t\t\t\t\t\t<div class=\"elementor-swiper-button elementor-swiper-button-next\" role=\"button\" tabindex=\"0\" aria-label=\"Next\">\n\t\t\t\t\t\t\t<svg aria-hidden=\"true\" class=\"e-font-icon-svg e-eicon-chevron-right\" viewBox=\"0 0 1000 1000\" xmlns=\"http:\/\/www.w3.org\/2000\/svg\"><path d=\"M696 533C708 521 713 504 713 487 713 471 708 454 696 446L400 146C388 133 375 125 354 125 338 125 325 129 313 142 300 154 292 171 292 187 292 204 296 221 308 233L563 492 304 771C292 783 288 800 288 817 288 833 296 850 308 863 321 871 338 875 354 875 371 875 388 867 400 854L696 533Z\"><\/path><\/svg>\t\t\t\t\t\t<\/div>\n\t\t\t\t\t\t\t\t\t\t\t\t\t\t\t\t<div class=\"swiper-pagination\"><\/div>\n\t\t\t\t\t\t\t\t\t\t\t\t<\/div>\n\t\t\t\t\t\t\t\t<\/div>\n\t\t\t\t\t<\/div>\n\t\t\t\t<\/div>\n\t\t\t\t<\/div>\n\t\t","protected":false},"excerpt":{"rendered":"<p>&nbsp;<\/p>\n<h4><span style=\"color: #c63527;\">Sonido en todas las direcciones<\/span><\/h4>\n<p>&nbsp;<\/p>\n<p>Con el caracter\u00edstico dise\u00f1o moderno de Resonanzio, ofrecemos tambi\u00e9n paredes ac\u00fasticas reflectantes especiales. Estas permiten que los m\u00fasicos se escuchen de forma m\u00e1s inmediata y evitan que el sonido se pierda hacia atr\u00e1s. Las paredes son f\u00e1ciles de instalar y pueden adaptarse  seg\u00fan las necesidades ac\u00fasticas <\/p>\n","protected":false},"featured_media":12855,"template":"","meta":[],"product_brand":[],"product_cat":[384],"product_tag":[],"class_list":{"0":"post-12853","1":"product","2":"type-product","3":"status-publish","4":"has-post-thumbnail","6":"product_cat-resonanzio","8":"first","9":"instock","10":"shipping-taxable","11":"product-type-simple"},"yoast_head":"<!-- This site is optimized with the Yoast SEO plugin v27.3 - https:\/\/yoast.com\/product\/yoast-seo-wordpress\/ -->\n<title>Akustik-W\u00e4nde f\u00fcr Konzertbetrieb<\/title>\n<meta name=\"description\" content=\"Akustik-Elemente f\u00fcr Konzerthallen, Kirchen oder andere Veranstaltungsorte | Ideal geeignet f\u00fcr Openair-B\u00fchnen | gute Akustik | Transparenter Klang\" \/>\n<meta name=\"robots\" content=\"index, follow, max-snippet:-1, max-image-preview:large, max-video-preview:-1\" \/>\n<link rel=\"canonical\" href=\"https:\/\/resonanzio.de\/es\/produkt\/paredes-acusticas\/\" \/>\n<meta property=\"og:locale\" content=\"es_ES\" \/>\n<meta property=\"og:type\" content=\"article\" \/>\n<meta property=\"og:title\" content=\"Akustik-W\u00e4nde f\u00fcr Konzertbetrieb\" \/>\n<meta property=\"og:description\" content=\"Akustik-Elemente f\u00fcr Konzerthallen, Kirchen oder andere Veranstaltungsorte | Ideal geeignet f\u00fcr Openair-B\u00fchnen | gute Akustik | Transparenter Klang\" \/>\n<meta property=\"og:url\" content=\"https:\/\/resonanzio.de\/es\/produkt\/paredes-acusticas\/\" \/>\n<meta property=\"og:site_name\" content=\"Resonanzio \u2013 F\u00fcr Orchester und Konzerts\u00e4le\" \/>\n<meta property=\"article:publisher\" content=\"https:\/\/www.facebook.com\/resonanzio\" \/>\n<meta property=\"article:modified_time\" content=\"2026-03-28T21:49:48+00:00\" \/>\n<meta property=\"og:image\" content=\"https:\/\/resonanzio.de\/wp-content\/uploads\/2025\/09\/Akustik-Waende-Acoustical-Walls.jpg\" \/>\n\t<meta property=\"og:image:width\" content=\"750\" \/>\n\t<meta property=\"og:image:height\" content=\"750\" \/>\n\t<meta property=\"og:image:type\" content=\"image\/jpeg\" \/>\n<meta name=\"twitter:card\" content=\"summary_large_image\" \/>\n<meta name=\"twitter:label1\" content=\"Tiempo de lectura\" \/>\n\t<meta name=\"twitter:data1\" content=\"3 minutos\" \/>\n<script type=\"application\/ld+json\" class=\"yoast-schema-graph\">{\"@context\":\"https:\\\/\\\/schema.org\",\"@graph\":[{\"@type\":\"WebPage\",\"@id\":\"https:\\\/\\\/resonanzio.de\\\/es\\\/produkt\\\/paredes-acusticas\\\/\",\"url\":\"https:\\\/\\\/resonanzio.de\\\/es\\\/produkt\\\/paredes-acusticas\\\/\",\"name\":\"Akustik-W\u00e4nde f\u00fcr Konzertbetrieb\",\"isPartOf\":{\"@id\":\"https:\\\/\\\/resonanzio.de\\\/en\\\/#website\"},\"primaryImageOfPage\":{\"@id\":\"https:\\\/\\\/resonanzio.de\\\/es\\\/produkt\\\/paredes-acusticas\\\/#primaryimage\"},\"image\":{\"@id\":\"https:\\\/\\\/resonanzio.de\\\/es\\\/produkt\\\/paredes-acusticas\\\/#primaryimage\"},\"thumbnailUrl\":\"https:\\\/\\\/resonanzio.de\\\/wp-content\\\/uploads\\\/2025\\\/09\\\/Akustik-Waende-Acoustical-Walls.jpg\",\"datePublished\":\"2025-09-21T10:15:43+00:00\",\"dateModified\":\"2026-03-28T21:49:48+00:00\",\"description\":\"Akustik-Elemente f\u00fcr Konzerthallen, Kirchen oder andere Veranstaltungsorte | Ideal geeignet f\u00fcr Openair-B\u00fchnen | gute Akustik | Transparenter Klang\",\"breadcrumb\":{\"@id\":\"https:\\\/\\\/resonanzio.de\\\/es\\\/produkt\\\/paredes-acusticas\\\/#breadcrumb\"},\"inLanguage\":\"es\",\"potentialAction\":[{\"@type\":\"ReadAction\",\"target\":[\"https:\\\/\\\/resonanzio.de\\\/es\\\/produkt\\\/paredes-acusticas\\\/\"]}]},{\"@type\":\"ImageObject\",\"inLanguage\":\"es\",\"@id\":\"https:\\\/\\\/resonanzio.de\\\/es\\\/produkt\\\/paredes-acusticas\\\/#primaryimage\",\"url\":\"https:\\\/\\\/resonanzio.de\\\/wp-content\\\/uploads\\\/2025\\\/09\\\/Akustik-Waende-Acoustical-Walls.jpg\",\"contentUrl\":\"https:\\\/\\\/resonanzio.de\\\/wp-content\\\/uploads\\\/2025\\\/09\\\/Akustik-Waende-Acoustical-Walls.jpg\",\"width\":750,\"height\":750},{\"@type\":\"BreadcrumbList\",\"@id\":\"https:\\\/\\\/resonanzio.de\\\/es\\\/produkt\\\/paredes-acusticas\\\/#breadcrumb\",\"itemListElement\":[{\"@type\":\"ListItem\",\"position\":1,\"name\":\"Startseite\",\"item\":\"https:\\\/\\\/resonanzio.de\\\/es\\\/\"},{\"@type\":\"ListItem\",\"position\":2,\"name\":\"Produkte default\",\"item\":\"https:\\\/\\\/resonanzio.de\\\/shop\\\/\"},{\"@type\":\"ListItem\",\"position\":3,\"name\":\"Paredes ac\u00fasticas\"}]},{\"@type\":\"WebSite\",\"@id\":\"https:\\\/\\\/resonanzio.de\\\/en\\\/#website\",\"url\":\"https:\\\/\\\/resonanzio.de\\\/en\\\/\",\"name\":\"Resonanzio \u2013 F\u00fcr Orchester und Konzerts\u00e4le\",\"description\":\"Resonanz-Podeste f\u00fcr Orchester und Konzerts\u00e4le\",\"publisher\":{\"@id\":\"https:\\\/\\\/resonanzio.de\\\/en\\\/#organization\"},\"potentialAction\":[{\"@type\":\"SearchAction\",\"target\":{\"@type\":\"EntryPoint\",\"urlTemplate\":\"https:\\\/\\\/resonanzio.de\\\/en\\\/?s={search_term_string}\"},\"query-input\":{\"@type\":\"PropertyValueSpecification\",\"valueRequired\":true,\"valueName\":\"search_term_string\"}}],\"inLanguage\":\"es\"},{\"@type\":\"Organization\",\"@id\":\"https:\\\/\\\/resonanzio.de\\\/en\\\/#organization\",\"name\":\"Resonanzio \u2013 F\u00fcr Orchester und Konzerts\u00e4le\",\"url\":\"https:\\\/\\\/resonanzio.de\\\/en\\\/\",\"logo\":{\"@type\":\"ImageObject\",\"inLanguage\":\"es\",\"@id\":\"https:\\\/\\\/resonanzio.de\\\/en\\\/#\\\/schema\\\/logo\\\/image\\\/\",\"url\":\"https:\\\/\\\/resonanzio.de\\\/wp-content\\\/uploads\\\/2025\\\/11\\\/Resonanzio_klangpodest_klangpodium_cellopodest-cellopodium_soundpodium_riser.jpeg\",\"contentUrl\":\"https:\\\/\\\/resonanzio.de\\\/wp-content\\\/uploads\\\/2025\\\/11\\\/Resonanzio_klangpodest_klangpodium_cellopodest-cellopodium_soundpodium_riser.jpeg\",\"width\":390,\"height\":514,\"caption\":\"Resonanzio \u2013 F\u00fcr Orchester und Konzerts\u00e4le\"},\"image\":{\"@id\":\"https:\\\/\\\/resonanzio.de\\\/en\\\/#\\\/schema\\\/logo\\\/image\\\/\"},\"sameAs\":[\"https:\\\/\\\/www.facebook.com\\\/resonanzio\",\"https:\\\/\\\/www.instagram.com\\\/resonanzio\\\/\"]}]}<\/script>\n<!-- \/ Yoast SEO plugin. -->","yoast_head_json":{"title":"Akustik-W\u00e4nde f\u00fcr Konzertbetrieb","description":"Akustik-Elemente f\u00fcr Konzerthallen, Kirchen oder andere Veranstaltungsorte | Ideal geeignet f\u00fcr Openair-B\u00fchnen | gute Akustik | Transparenter Klang","robots":{"index":"index","follow":"follow","max-snippet":"max-snippet:-1","max-image-preview":"max-image-preview:large","max-video-preview":"max-video-preview:-1"},"canonical":"https:\/\/resonanzio.de\/es\/produkt\/paredes-acusticas\/","og_locale":"es_ES","og_type":"article","og_title":"Akustik-W\u00e4nde f\u00fcr Konzertbetrieb","og_description":"Akustik-Elemente f\u00fcr Konzerthallen, Kirchen oder andere Veranstaltungsorte | Ideal geeignet f\u00fcr Openair-B\u00fchnen | gute Akustik | Transparenter Klang","og_url":"https:\/\/resonanzio.de\/es\/produkt\/paredes-acusticas\/","og_site_name":"Resonanzio \u2013 F\u00fcr Orchester und Konzerts\u00e4le","article_publisher":"https:\/\/www.facebook.com\/resonanzio","article_modified_time":"2026-03-28T21:49:48+00:00","og_image":[{"width":750,"height":750,"url":"https:\/\/resonanzio.de\/wp-content\/uploads\/2025\/09\/Akustik-Waende-Acoustical-Walls.jpg","type":"image\/jpeg"}],"twitter_card":"summary_large_image","twitter_misc":{"Tiempo de lectura":"3 minutos"},"schema":{"@context":"https:\/\/schema.org","@graph":[{"@type":"WebPage","@id":"https:\/\/resonanzio.de\/es\/produkt\/paredes-acusticas\/","url":"https:\/\/resonanzio.de\/es\/produkt\/paredes-acusticas\/","name":"Akustik-W\u00e4nde f\u00fcr Konzertbetrieb","isPartOf":{"@id":"https:\/\/resonanzio.de\/en\/#website"},"primaryImageOfPage":{"@id":"https:\/\/resonanzio.de\/es\/produkt\/paredes-acusticas\/#primaryimage"},"image":{"@id":"https:\/\/resonanzio.de\/es\/produkt\/paredes-acusticas\/#primaryimage"},"thumbnailUrl":"https:\/\/resonanzio.de\/wp-content\/uploads\/2025\/09\/Akustik-Waende-Acoustical-Walls.jpg","datePublished":"2025-09-21T10:15:43+00:00","dateModified":"2026-03-28T21:49:48+00:00","description":"Akustik-Elemente f\u00fcr Konzerthallen, Kirchen oder andere Veranstaltungsorte | Ideal geeignet f\u00fcr Openair-B\u00fchnen | gute Akustik | Transparenter Klang","breadcrumb":{"@id":"https:\/\/resonanzio.de\/es\/produkt\/paredes-acusticas\/#breadcrumb"},"inLanguage":"es","potentialAction":[{"@type":"ReadAction","target":["https:\/\/resonanzio.de\/es\/produkt\/paredes-acusticas\/"]}]},{"@type":"ImageObject","inLanguage":"es","@id":"https:\/\/resonanzio.de\/es\/produkt\/paredes-acusticas\/#primaryimage","url":"https:\/\/resonanzio.de\/wp-content\/uploads\/2025\/09\/Akustik-Waende-Acoustical-Walls.jpg","contentUrl":"https:\/\/resonanzio.de\/wp-content\/uploads\/2025\/09\/Akustik-Waende-Acoustical-Walls.jpg","width":750,"height":750},{"@type":"BreadcrumbList","@id":"https:\/\/resonanzio.de\/es\/produkt\/paredes-acusticas\/#breadcrumb","itemListElement":[{"@type":"ListItem","position":1,"name":"Startseite","item":"https:\/\/resonanzio.de\/es\/"},{"@type":"ListItem","position":2,"name":"Produkte default","item":"https:\/\/resonanzio.de\/shop\/"},{"@type":"ListItem","position":3,"name":"Paredes ac\u00fasticas"}]},{"@type":"WebSite","@id":"https:\/\/resonanzio.de\/en\/#website","url":"https:\/\/resonanzio.de\/en\/","name":"Resonanzio \u2013 F\u00fcr Orchester und Konzerts\u00e4le","description":"Resonanz-Podeste f\u00fcr Orchester und Konzerts\u00e4le","publisher":{"@id":"https:\/\/resonanzio.de\/en\/#organization"},"potentialAction":[{"@type":"SearchAction","target":{"@type":"EntryPoint","urlTemplate":"https:\/\/resonanzio.de\/en\/?s={search_term_string}"},"query-input":{"@type":"PropertyValueSpecification","valueRequired":true,"valueName":"search_term_string"}}],"inLanguage":"es"},{"@type":"Organization","@id":"https:\/\/resonanzio.de\/en\/#organization","name":"Resonanzio \u2013 F\u00fcr Orchester und Konzerts\u00e4le","url":"https:\/\/resonanzio.de\/en\/","logo":{"@type":"ImageObject","inLanguage":"es","@id":"https:\/\/resonanzio.de\/en\/#\/schema\/logo\/image\/","url":"https:\/\/resonanzio.de\/wp-content\/uploads\/2025\/11\/Resonanzio_klangpodest_klangpodium_cellopodest-cellopodium_soundpodium_riser.jpeg","contentUrl":"https:\/\/resonanzio.de\/wp-content\/uploads\/2025\/11\/Resonanzio_klangpodest_klangpodium_cellopodest-cellopodium_soundpodium_riser.jpeg","width":390,"height":514,"caption":"Resonanzio \u2013 F\u00fcr Orchester und Konzerts\u00e4le"},"image":{"@id":"https:\/\/resonanzio.de\/en\/#\/schema\/logo\/image\/"},"sameAs":["https:\/\/www.facebook.com\/resonanzio","https:\/\/www.instagram.com\/resonanzio\/"]}]}},"_links":{"self":[{"href":"https:\/\/resonanzio.de\/es\/wp-json\/wp\/v2\/product\/12853","targetHints":{"allow":["GET"]}}],"collection":[{"href":"https:\/\/resonanzio.de\/es\/wp-json\/wp\/v2\/product"}],"about":[{"href":"https:\/\/resonanzio.de\/es\/wp-json\/wp\/v2\/types\/product"}],"version-history":[{"count":8,"href":"https:\/\/resonanzio.de\/es\/wp-json\/wp\/v2\/product\/12853\/revisions"}],"predecessor-version":[{"id":13070,"href":"https:\/\/resonanzio.de\/es\/wp-json\/wp\/v2\/product\/12853\/revisions\/13070"}],"wp:featuredmedia":[{"embeddable":true,"href":"https:\/\/resonanzio.de\/es\/wp-json\/wp\/v2\/media\/12855"}],"wp:attachment":[{"href":"https:\/\/resonanzio.de\/es\/wp-json\/wp\/v2\/media?parent=12853"}],"wp:term":[{"taxonomy":"product_brand","embeddable":true,"href":"https:\/\/resonanzio.de\/es\/wp-json\/wp\/v2\/product_brand?post=12853"},{"taxonomy":"product_cat","embeddable":true,"href":"https:\/\/resonanzio.de\/es\/wp-json\/wp\/v2\/product_cat?post=12853"},{"taxonomy":"product_tag","embeddable":true,"href":"https:\/\/resonanzio.de\/es\/wp-json\/wp\/v2\/product_tag?post=12853"}],"curies":[{"name":"wp","href":"https:\/\/api.w.org\/{rel}","templated":true}]}}