{"id":12873,"date":"2025-09-22T10:14:18","date_gmt":"2025-09-22T10:14:18","guid":{"rendered":"https:\/\/resonanzio.de\/produkt\/resonanz-buehne\/"},"modified":"2026-03-28T21:31:45","modified_gmt":"2026-03-28T21:31:45","slug":"escenario-de-resonancia","status":"publish","type":"product","link":"https:\/\/resonanzio.de\/es\/produkt\/escenario-de-resonancia\/","title":{"rendered":"Escenario de resonancia"},"content":{"rendered":"\t\t<div data-elementor-type=\"wp-post\" data-elementor-id=\"12873\" class=\"elementor elementor-12873 elementor-8530\" data-elementor-post-type=\"product\">\n\t\t\t\t<div class=\"elementor-element elementor-element-627a8d13 e-flex e-con-boxed parallax_section_no qode_elementor_container_no e-con e-parent\" data-id=\"627a8d13\" data-element_type=\"container\" data-e-type=\"container\">\n\t\t\t\t\t<div class=\"e-con-inner\">\n\t\t\t\t<div class=\"elementor-element elementor-element-6b6cf263 elementor-widget elementor-widget-text-editor\" data-id=\"6b6cf263\" data-element_type=\"widget\" data-e-type=\"widget\" data-widget_type=\"text-editor.default\">\n\t\t\t\t\t\t\t\t\t<p>Gracias a un sistema de ensamblaje simple pero muy eficaz, el montaje es muy sencillo y dura aproximadamente 20 minutos. El almacenamiento tambi\u00e9n es eficiente y ocupa poco espacio.<br \/><br \/>Sobre el suelo esc\u00e9nico liso y continuo resultante, los m\u00fasicos pueden moverse y tocar libremente. El efecto ac\u00fastico para el p\u00fablico es un sonido m\u00e1s libre y presente; para los m\u00fasicos, una mejor percepci\u00f3n mutua.<\/p><p>Para la Freiburger Barockorchester fabricamos un escenario al aire libre de 9 \u00d7 6 metros. Las placas individuales, de forma rectangular, miden 90 \u00d7 135 cm.<br \/>Gracias al sistema de uni\u00f3n, se pueden combinar tantas placas como se desee, permitiendo definir libremente el tama\u00f1o del escenario de resonancia.<br \/><br \/><\/p>\t\t\t\t\t\t\t\t<\/div>\n\t\t\t\t\t<\/div>\n\t\t\t\t<\/div>\n\t\t<div class=\"elementor-element elementor-element-5c62caa parallax_section_holder e-flex e-con-boxed qode_elementor_container_no e-con e-parent\" data-id=\"5c62caa\" data-element_type=\"container\" data-e-type=\"container\" data-settings=\"{&quot;background_background&quot;:&quot;classic&quot;,&quot;qode_parallax_image&quot;:{&quot;url&quot;:&quot;&quot;,&quot;id&quot;:&quot;&quot;,&quot;size&quot;:&quot;&quot;}}\">\n\t\t\t\t\t<div class=\"e-con-inner\">\n\t\t\t\t<div class=\"elementor-element elementor-element-d5f8cc3 elementor-testimonial--layout-image_above elementor-testimonial--mobile-align-center elementor-testimonial--skin-default elementor-testimonial--align-center elementor-arrows-yes elementor-pagination-type-bullets elementor-widget elementor-widget-testimonial-carousel\" data-id=\"d5f8cc3\" data-element_type=\"widget\" data-e-type=\"widget\" data-settings=\"{&quot;speed&quot;:1500,&quot;autoplay_speed&quot;:8000,&quot;show_arrows&quot;:&quot;yes&quot;,&quot;pagination&quot;:&quot;bullets&quot;,&quot;autoplay&quot;:&quot;yes&quot;,&quot;loop&quot;:&quot;yes&quot;,&quot;pause_on_hover&quot;:&quot;yes&quot;,&quot;pause_on_interaction&quot;:&quot;yes&quot;,&quot;space_between&quot;:{&quot;unit&quot;:&quot;px&quot;,&quot;size&quot;:10,&quot;sizes&quot;:[]},&quot;space_between_tablet&quot;:{&quot;unit&quot;:&quot;px&quot;,&quot;size&quot;:10,&quot;sizes&quot;:[]},&quot;space_between_mobile&quot;:{&quot;unit&quot;:&quot;px&quot;,&quot;size&quot;:10,&quot;sizes&quot;:[]}}\" data-widget_type=\"testimonial-carousel.default\">\n\t\t\t\t\t\t\t\t\t\t<div class=\"elementor-main-swiper swiper\" role=\"region\" aria-roledescription=\"carousel\" aria-label=\"Slider\">\n\t\t\t\t<div class=\"swiper-wrapper\">\n\t\t\t\t\t\t\t\t\t\t\t<div class=\"swiper-slide\" role=\"group\" aria-roledescription=\"slide\">\n\t\t\t\t\t\t\t\t\t<div class=\"elementor-testimonial\">\n\t\t\t\t\t\t\t<div class=\"elementor-testimonial__content\">\n\t\t\t\t\t<div class=\"elementor-testimonial__text\">\n\t\t\t\t\t\tNosotros, la Orquesta Barroca de Friburgo, estamos encantados de poder ofrecer nuestros conciertos al aire libre en el escenario especial Resonance a partir de ahora. Los m\u00fasicos pueden escucharse con mucha m\u00e1s claridad y eficacia, y la experiencia auditiva para el p\u00fablico es incomparablemente m\u00e1s intensa que en un concierto al aire libre convencional. Estos nuevos elementos ac\u00fasticos de Resonanzio brindan un apoyo invaluable a nuestro trabajo continuo para lograr el sonido distintivo de la FBO.\t\t\t\t\t<\/div>\n\t\t\t\t\t<cite class=\"elementor-testimonial__cite\"><span class=\"elementor-testimonial__name\">Hans-Georg Kaiser<\/span><span class=\"elementor-testimonial__title\">Intendant FBO<\/span><\/cite>\t\t\t\t<\/div>\n\t\t\t\t\t\t<div class=\"elementor-testimonial__footer\">\n\t\t\t\t\t\t\t\t\t<div class=\"elementor-testimonial__image\">\n\t\t\t\t\t\t<img decoding=\"async\" src=\"https:\/\/resonanzio.de\/wp-content\/uploads\/2025\/09\/Bildschirmfoto-2025-11-11-um-22.32.36-4.jpeg\" alt=\"Hans-Georg Kaiser\">\n\t\t\t\t\t\t\t\t\t\t\t<\/div>\n\t\t\t\t\t\t\t\t\t\t\t<\/div>\n\t\t<\/div>\n\t\t\t\t\t\t\t\t<\/div>\n\t\t\t\t\t\t\t\t\t\t\t<div class=\"swiper-slide\" role=\"group\" aria-roledescription=\"slide\">\n\t\t\t\t\t\t\t\t\t<div class=\"elementor-testimonial\">\n\t\t\t\t\t\t\t<div class=\"elementor-testimonial__content\">\n\t\t\t\t\t<div class=\"elementor-testimonial__text\">\n\t\t\t\t\t\t\u00a1Tuvimos una experiencia fant\u00e1stica tocando en nuestros conciertos al aire libre sobre el escenario m\u00f3vil Resonanz! Nos permiti\u00f3 a los m\u00fasicos escucharnos mucho mejor, facilitando enormemente la interpretaci\u00f3n en conjunto. Soy un gran admirador de las plataformas de sonido para violonchelo de Resonanzio desde hace a\u00f1os, y estoy muy entusiasmado con el desarrollo futuro de este concepto resonanz.\t\t\t\t\t<\/div>\n\t\t\t\t\t<cite class=\"elementor-testimonial__cite\"><span class=\"elementor-testimonial__name\">Guido Larisch<\/span><span class=\"elementor-testimonial__title\">Solo-Cellist Freiburger Barockorchester<\/span><\/cite>\t\t\t\t<\/div>\n\t\t\t\t\t\t<div class=\"elementor-testimonial__footer\">\n\t\t\t\t\t\t\t\t\t<div class=\"elementor-testimonial__image\">\n\t\t\t\t\t\t<img decoding=\"async\" src=\"https:\/\/resonanzio.de\/wp-content\/uploads\/2025\/09\/IMG_1750-3.jpeg\" alt=\"Guido Larisch\">\n\t\t\t\t\t\t\t\t\t\t\t<\/div>\n\t\t\t\t\t\t\t\t\t\t\t<\/div>\n\t\t<\/div>\n\t\t\t\t\t\t\t\t<\/div>\n\t\t\t\t\t\t\t\t\t<\/div>\n\t\t\t\t\t\t\t\t\t\t\t\t\t\t\t<div class=\"elementor-swiper-button elementor-swiper-button-prev\" role=\"button\" tabindex=\"0\" aria-label=\"Previous\">\n\t\t\t\t\t\t\t<svg aria-hidden=\"true\" class=\"e-font-icon-svg e-eicon-chevron-left\" viewBox=\"0 0 1000 1000\" xmlns=\"http:\/\/www.w3.org\/2000\/svg\"><path d=\"M646 125C629 125 613 133 604 142L308 442C296 454 292 471 292 487 292 504 296 521 308 533L604 854C617 867 629 875 646 875 663 875 679 871 692 858 704 846 713 829 713 812 713 796 708 779 692 767L438 487 692 225C700 217 708 204 708 187 708 171 704 154 692 142 675 129 663 125 646 125Z\"><\/path><\/svg>\t\t\t\t\t\t<\/div>\n\t\t\t\t\t\t<div class=\"elementor-swiper-button elementor-swiper-button-next\" role=\"button\" tabindex=\"0\" aria-label=\"Next\">\n\t\t\t\t\t\t\t<svg aria-hidden=\"true\" class=\"e-font-icon-svg e-eicon-chevron-right\" viewBox=\"0 0 1000 1000\" xmlns=\"http:\/\/www.w3.org\/2000\/svg\"><path d=\"M696 533C708 521 713 504 713 487 713 471 708 454 696 446L400 146C388 133 375 125 354 125 338 125 325 129 313 142 300 154 292 171 292 187 292 204 296 221 308 233L563 492 304 771C292 783 288 800 288 817 288 833 296 850 308 863 321 871 338 875 354 875 371 875 388 867 400 854L696 533Z\"><\/path><\/svg>\t\t\t\t\t\t<\/div>\n\t\t\t\t\t\t\t\t\t\t\t\t\t\t\t\t<div class=\"swiper-pagination\"><\/div>\n\t\t\t\t\t\t\t\t\t\t\t\t<\/div>\n\t\t\t\t\t\t\t\t<\/div>\n\t\t\t\t\t<\/div>\n\t\t\t\t<\/div>\n\t\t\t\t<\/div>\n\t\t","protected":false},"excerpt":{"rendered":"<h4><\/h4>\n<h4><span style=\"color: #c63527;\">Resonancia a gran escala, m\u00f3vil y flexible<\/span><\/h4>\n<p>&nbsp;<\/p>\n<p>Nuevo en el cat\u00e1logo de Resonanzio: un escenario completo equipado con suelos de resonancia.Compuesto por numerosas placas individuales que, mediante un sencillo sistema de ensamblaje, forman una superficie continua, esta soluci\u00f3n ampl\u00eda de manera flexible nuestra idea de resonancia.<\/p>\n<p>Desarrollamos el primer escenario Resonanzio m\u00f3vil exclusivamente para la Freiburger Barockorchester. Basado en nuestro exitoso principio de placas de resonancia, puede ampliarse o reducirse seg\u00fan las necesidades.<\/p>\n","protected":false},"featured_media":12822,"template":"","meta":[],"product_brand":[],"product_cat":[384],"product_tag":[],"class_list":{"0":"post-12873","1":"product","2":"type-product","3":"status-publish","4":"has-post-thumbnail","6":"product_cat-resonanzio","8":"first","9":"instock","10":"shipping-taxable","11":"product-type-simple"},"yoast_head":"<!-- This site is optimized with the Yoast SEO plugin v27.3 - https:\/\/yoast.com\/product\/yoast-seo-wordpress\/ -->\n<title>Resonanz-B\u00fchne f\u00fcr Orchester<\/title>\n<meta name=\"description\" content=\"Resonanz-B\u00fchnen f\u00fcr einen transparenten Klang | Flexible B\u00fchnenelemente | leichter Aufbau | Openair-B\u00fchne f\u00fcr das Freiburger Barockorchester |\" \/>\n<meta name=\"robots\" content=\"index, follow, max-snippet:-1, max-image-preview:large, max-video-preview:-1\" \/>\n<link rel=\"canonical\" href=\"https:\/\/resonanzio.de\/es\/produkt\/escenario-de-resonancia\/\" \/>\n<meta property=\"og:locale\" content=\"es_ES\" \/>\n<meta property=\"og:type\" content=\"article\" \/>\n<meta property=\"og:title\" content=\"Resonanz-B\u00fchne f\u00fcr Orchester\" \/>\n<meta property=\"og:description\" content=\"Resonanz-B\u00fchnen f\u00fcr einen transparenten Klang | Flexible B\u00fchnenelemente | leichter Aufbau | Openair-B\u00fchne f\u00fcr das Freiburger Barockorchester |\" \/>\n<meta property=\"og:url\" content=\"https:\/\/resonanzio.de\/es\/produkt\/escenario-de-resonancia\/\" \/>\n<meta property=\"og:site_name\" content=\"Resonanzio \u2013 F\u00fcr Orchester und Konzerts\u00e4le\" \/>\n<meta property=\"article:publisher\" content=\"https:\/\/www.facebook.com\/resonanzio\" \/>\n<meta property=\"article:modified_time\" content=\"2026-03-28T21:31:45+00:00\" \/>\n<meta property=\"og:image\" content=\"https:\/\/resonanzio.de\/wp-content\/uploads\/2025\/09\/Resonanzbuehne.jpeg\" \/>\n\t<meta property=\"og:image:width\" content=\"500\" \/>\n\t<meta property=\"og:image:height\" content=\"500\" \/>\n\t<meta property=\"og:image:type\" content=\"image\/jpeg\" \/>\n<meta name=\"twitter:card\" content=\"summary_large_image\" \/>\n<meta name=\"twitter:label1\" content=\"Tiempo de lectura\" \/>\n\t<meta name=\"twitter:data1\" content=\"3 minutos\" \/>\n<script type=\"application\/ld+json\" class=\"yoast-schema-graph\">{\"@context\":\"https:\\\/\\\/schema.org\",\"@graph\":[{\"@type\":\"WebPage\",\"@id\":\"https:\\\/\\\/resonanzio.de\\\/es\\\/produkt\\\/escenario-de-resonancia\\\/\",\"url\":\"https:\\\/\\\/resonanzio.de\\\/es\\\/produkt\\\/escenario-de-resonancia\\\/\",\"name\":\"Resonanz-B\u00fchne f\u00fcr Orchester\",\"isPartOf\":{\"@id\":\"https:\\\/\\\/resonanzio.de\\\/en\\\/#website\"},\"primaryImageOfPage\":{\"@id\":\"https:\\\/\\\/resonanzio.de\\\/es\\\/produkt\\\/escenario-de-resonancia\\\/#primaryimage\"},\"image\":{\"@id\":\"https:\\\/\\\/resonanzio.de\\\/es\\\/produkt\\\/escenario-de-resonancia\\\/#primaryimage\"},\"thumbnailUrl\":\"https:\\\/\\\/resonanzio.de\\\/wp-content\\\/uploads\\\/2025\\\/09\\\/Resonanzbuehne.jpeg\",\"datePublished\":\"2025-09-22T10:14:18+00:00\",\"dateModified\":\"2026-03-28T21:31:45+00:00\",\"description\":\"Resonanz-B\u00fchnen f\u00fcr einen transparenten Klang | Flexible B\u00fchnenelemente | leichter Aufbau | Openair-B\u00fchne f\u00fcr das Freiburger Barockorchester |\",\"breadcrumb\":{\"@id\":\"https:\\\/\\\/resonanzio.de\\\/es\\\/produkt\\\/escenario-de-resonancia\\\/#breadcrumb\"},\"inLanguage\":\"es\",\"potentialAction\":[{\"@type\":\"ReadAction\",\"target\":[\"https:\\\/\\\/resonanzio.de\\\/es\\\/produkt\\\/escenario-de-resonancia\\\/\"]}]},{\"@type\":\"ImageObject\",\"inLanguage\":\"es\",\"@id\":\"https:\\\/\\\/resonanzio.de\\\/es\\\/produkt\\\/escenario-de-resonancia\\\/#primaryimage\",\"url\":\"https:\\\/\\\/resonanzio.de\\\/wp-content\\\/uploads\\\/2025\\\/09\\\/Resonanzbuehne.jpeg\",\"contentUrl\":\"https:\\\/\\\/resonanzio.de\\\/wp-content\\\/uploads\\\/2025\\\/09\\\/Resonanzbuehne.jpeg\",\"width\":500,\"height\":500},{\"@type\":\"BreadcrumbList\",\"@id\":\"https:\\\/\\\/resonanzio.de\\\/es\\\/produkt\\\/escenario-de-resonancia\\\/#breadcrumb\",\"itemListElement\":[{\"@type\":\"ListItem\",\"position\":1,\"name\":\"Startseite\",\"item\":\"https:\\\/\\\/resonanzio.de\\\/es\\\/\"},{\"@type\":\"ListItem\",\"position\":2,\"name\":\"Produkte default\",\"item\":\"https:\\\/\\\/resonanzio.de\\\/shop\\\/\"},{\"@type\":\"ListItem\",\"position\":3,\"name\":\"Escenario de resonancia\"}]},{\"@type\":\"WebSite\",\"@id\":\"https:\\\/\\\/resonanzio.de\\\/en\\\/#website\",\"url\":\"https:\\\/\\\/resonanzio.de\\\/en\\\/\",\"name\":\"Resonanzio \u2013 F\u00fcr Orchester und Konzerts\u00e4le\",\"description\":\"Resonanz-Podeste f\u00fcr Orchester und Konzerts\u00e4le\",\"publisher\":{\"@id\":\"https:\\\/\\\/resonanzio.de\\\/en\\\/#organization\"},\"potentialAction\":[{\"@type\":\"SearchAction\",\"target\":{\"@type\":\"EntryPoint\",\"urlTemplate\":\"https:\\\/\\\/resonanzio.de\\\/en\\\/?s={search_term_string}\"},\"query-input\":{\"@type\":\"PropertyValueSpecification\",\"valueRequired\":true,\"valueName\":\"search_term_string\"}}],\"inLanguage\":\"es\"},{\"@type\":\"Organization\",\"@id\":\"https:\\\/\\\/resonanzio.de\\\/en\\\/#organization\",\"name\":\"Resonanzio \u2013 F\u00fcr Orchester und Konzerts\u00e4le\",\"url\":\"https:\\\/\\\/resonanzio.de\\\/en\\\/\",\"logo\":{\"@type\":\"ImageObject\",\"inLanguage\":\"es\",\"@id\":\"https:\\\/\\\/resonanzio.de\\\/en\\\/#\\\/schema\\\/logo\\\/image\\\/\",\"url\":\"https:\\\/\\\/resonanzio.de\\\/wp-content\\\/uploads\\\/2025\\\/11\\\/Resonanzio_klangpodest_klangpodium_cellopodest-cellopodium_soundpodium_riser.jpeg\",\"contentUrl\":\"https:\\\/\\\/resonanzio.de\\\/wp-content\\\/uploads\\\/2025\\\/11\\\/Resonanzio_klangpodest_klangpodium_cellopodest-cellopodium_soundpodium_riser.jpeg\",\"width\":390,\"height\":514,\"caption\":\"Resonanzio \u2013 F\u00fcr Orchester und Konzerts\u00e4le\"},\"image\":{\"@id\":\"https:\\\/\\\/resonanzio.de\\\/en\\\/#\\\/schema\\\/logo\\\/image\\\/\"},\"sameAs\":[\"https:\\\/\\\/www.facebook.com\\\/resonanzio\",\"https:\\\/\\\/www.instagram.com\\\/resonanzio\\\/\"]}]}<\/script>\n<!-- \/ Yoast SEO plugin. -->","yoast_head_json":{"title":"Resonanz-B\u00fchne f\u00fcr Orchester","description":"Resonanz-B\u00fchnen f\u00fcr einen transparenten Klang | Flexible B\u00fchnenelemente | leichter Aufbau | Openair-B\u00fchne f\u00fcr das Freiburger Barockorchester |","robots":{"index":"index","follow":"follow","max-snippet":"max-snippet:-1","max-image-preview":"max-image-preview:large","max-video-preview":"max-video-preview:-1"},"canonical":"https:\/\/resonanzio.de\/es\/produkt\/escenario-de-resonancia\/","og_locale":"es_ES","og_type":"article","og_title":"Resonanz-B\u00fchne f\u00fcr Orchester","og_description":"Resonanz-B\u00fchnen f\u00fcr einen transparenten Klang | Flexible B\u00fchnenelemente | leichter Aufbau | Openair-B\u00fchne f\u00fcr das Freiburger Barockorchester |","og_url":"https:\/\/resonanzio.de\/es\/produkt\/escenario-de-resonancia\/","og_site_name":"Resonanzio \u2013 F\u00fcr Orchester und Konzerts\u00e4le","article_publisher":"https:\/\/www.facebook.com\/resonanzio","article_modified_time":"2026-03-28T21:31:45+00:00","og_image":[{"width":500,"height":500,"url":"https:\/\/resonanzio.de\/wp-content\/uploads\/2025\/09\/Resonanzbuehne.jpeg","type":"image\/jpeg"}],"twitter_card":"summary_large_image","twitter_misc":{"Tiempo de lectura":"3 minutos"},"schema":{"@context":"https:\/\/schema.org","@graph":[{"@type":"WebPage","@id":"https:\/\/resonanzio.de\/es\/produkt\/escenario-de-resonancia\/","url":"https:\/\/resonanzio.de\/es\/produkt\/escenario-de-resonancia\/","name":"Resonanz-B\u00fchne f\u00fcr Orchester","isPartOf":{"@id":"https:\/\/resonanzio.de\/en\/#website"},"primaryImageOfPage":{"@id":"https:\/\/resonanzio.de\/es\/produkt\/escenario-de-resonancia\/#primaryimage"},"image":{"@id":"https:\/\/resonanzio.de\/es\/produkt\/escenario-de-resonancia\/#primaryimage"},"thumbnailUrl":"https:\/\/resonanzio.de\/wp-content\/uploads\/2025\/09\/Resonanzbuehne.jpeg","datePublished":"2025-09-22T10:14:18+00:00","dateModified":"2026-03-28T21:31:45+00:00","description":"Resonanz-B\u00fchnen f\u00fcr einen transparenten Klang | Flexible B\u00fchnenelemente | leichter Aufbau | Openair-B\u00fchne f\u00fcr das Freiburger Barockorchester |","breadcrumb":{"@id":"https:\/\/resonanzio.de\/es\/produkt\/escenario-de-resonancia\/#breadcrumb"},"inLanguage":"es","potentialAction":[{"@type":"ReadAction","target":["https:\/\/resonanzio.de\/es\/produkt\/escenario-de-resonancia\/"]}]},{"@type":"ImageObject","inLanguage":"es","@id":"https:\/\/resonanzio.de\/es\/produkt\/escenario-de-resonancia\/#primaryimage","url":"https:\/\/resonanzio.de\/wp-content\/uploads\/2025\/09\/Resonanzbuehne.jpeg","contentUrl":"https:\/\/resonanzio.de\/wp-content\/uploads\/2025\/09\/Resonanzbuehne.jpeg","width":500,"height":500},{"@type":"BreadcrumbList","@id":"https:\/\/resonanzio.de\/es\/produkt\/escenario-de-resonancia\/#breadcrumb","itemListElement":[{"@type":"ListItem","position":1,"name":"Startseite","item":"https:\/\/resonanzio.de\/es\/"},{"@type":"ListItem","position":2,"name":"Produkte default","item":"https:\/\/resonanzio.de\/shop\/"},{"@type":"ListItem","position":3,"name":"Escenario de resonancia"}]},{"@type":"WebSite","@id":"https:\/\/resonanzio.de\/en\/#website","url":"https:\/\/resonanzio.de\/en\/","name":"Resonanzio \u2013 F\u00fcr Orchester und Konzerts\u00e4le","description":"Resonanz-Podeste f\u00fcr Orchester und Konzerts\u00e4le","publisher":{"@id":"https:\/\/resonanzio.de\/en\/#organization"},"potentialAction":[{"@type":"SearchAction","target":{"@type":"EntryPoint","urlTemplate":"https:\/\/resonanzio.de\/en\/?s={search_term_string}"},"query-input":{"@type":"PropertyValueSpecification","valueRequired":true,"valueName":"search_term_string"}}],"inLanguage":"es"},{"@type":"Organization","@id":"https:\/\/resonanzio.de\/en\/#organization","name":"Resonanzio \u2013 F\u00fcr Orchester und Konzerts\u00e4le","url":"https:\/\/resonanzio.de\/en\/","logo":{"@type":"ImageObject","inLanguage":"es","@id":"https:\/\/resonanzio.de\/en\/#\/schema\/logo\/image\/","url":"https:\/\/resonanzio.de\/wp-content\/uploads\/2025\/11\/Resonanzio_klangpodest_klangpodium_cellopodest-cellopodium_soundpodium_riser.jpeg","contentUrl":"https:\/\/resonanzio.de\/wp-content\/uploads\/2025\/11\/Resonanzio_klangpodest_klangpodium_cellopodest-cellopodium_soundpodium_riser.jpeg","width":390,"height":514,"caption":"Resonanzio \u2013 F\u00fcr Orchester und Konzerts\u00e4le"},"image":{"@id":"https:\/\/resonanzio.de\/en\/#\/schema\/logo\/image\/"},"sameAs":["https:\/\/www.facebook.com\/resonanzio","https:\/\/www.instagram.com\/resonanzio\/"]}]}},"_links":{"self":[{"href":"https:\/\/resonanzio.de\/es\/wp-json\/wp\/v2\/product\/12873","targetHints":{"allow":["GET"]}}],"collection":[{"href":"https:\/\/resonanzio.de\/es\/wp-json\/wp\/v2\/product"}],"about":[{"href":"https:\/\/resonanzio.de\/es\/wp-json\/wp\/v2\/types\/product"}],"version-history":[{"count":8,"href":"https:\/\/resonanzio.de\/es\/wp-json\/wp\/v2\/product\/12873\/revisions"}],"predecessor-version":[{"id":13063,"href":"https:\/\/resonanzio.de\/es\/wp-json\/wp\/v2\/product\/12873\/revisions\/13063"}],"wp:featuredmedia":[{"embeddable":true,"href":"https:\/\/resonanzio.de\/es\/wp-json\/wp\/v2\/media\/12822"}],"wp:attachment":[{"href":"https:\/\/resonanzio.de\/es\/wp-json\/wp\/v2\/media?parent=12873"}],"wp:term":[{"taxonomy":"product_brand","embeddable":true,"href":"https:\/\/resonanzio.de\/es\/wp-json\/wp\/v2\/product_brand?post=12873"},{"taxonomy":"product_cat","embeddable":true,"href":"https:\/\/resonanzio.de\/es\/wp-json\/wp\/v2\/product_cat?post=12873"},{"taxonomy":"product_tag","embeddable":true,"href":"https:\/\/resonanzio.de\/es\/wp-json\/wp\/v2\/product_tag?post=12873"}],"curies":[{"name":"wp","href":"https:\/\/api.w.org\/{rel}","templated":true}]}}