{"id":12892,"date":"2025-09-23T10:10:29","date_gmt":"2025-09-23T10:10:29","guid":{"rendered":"https:\/\/resonanzio.de\/produkt\/black-edition\/"},"modified":"2026-03-28T21:23:17","modified_gmt":"2026-03-28T21:23:17","slug":"black-edition","status":"publish","type":"product","link":"https:\/\/resonanzio.de\/es\/produkt\/black-edition\/","title":{"rendered":"Black Edition"},"content":{"rendered":"\t\t<div data-elementor-type=\"wp-post\" data-elementor-id=\"12892\" class=\"elementor elementor-12892 elementor-8526\" data-elementor-post-type=\"product\">\n\t\t\t\t<div class=\"elementor-element elementor-element-76c66e8 e-flex e-con-boxed parallax_section_no qode_elementor_container_no e-con e-parent\" data-id=\"76c66e8\" data-element_type=\"container\" data-e-type=\"container\">\n\t\t\t\t\t<div class=\"e-con-inner\">\n\t\t\t\t<div class=\"elementor-element elementor-element-7b169f3 elementor-widget elementor-widget-text-editor\" data-id=\"7b169f3\" data-element_type=\"widget\" data-e-type=\"widget\" data-widget_type=\"text-editor.default\">\n\t\t\t\t\t\t\t\t\t<p>A petici\u00f3n, entregamos los podios sin tratar, para que el cliente pueda te\u00f1irlos en el color deseado.<br \/>Nuestro carpintero ofrece asesoramiento y apoyo durante este proceso. Adem\u00e1s del dise\u00f1o en madera natural, Resonanzio ofrece todos los podios en Black Edition, ideal especialmente para fosos de orquesta y escenarios de suelos oscuros.<\/p><p>\u00a0<\/p><p>Ofrecemos la edici\u00f3n negra para el podio Classic en dos tama\u00f1os est\u00e1ndar:<\/p><table style=\"width: 300px; border: 1px solid #ccc; border-collapse: collapse;\"><tbody><tr><th style=\"border: 1px solid #ccc; padding: 5px;\">\u00a0<\/th><th style=\"border: 1px solid #ccc; padding: 5px;\">Tama\u00f1o 1<\/th><th style=\"border: 1px solid #ccc; padding: 5px;\">Tama\u00f1o 2<\/th><\/tr><tr><td style=\"border: 1px solid #ccc; padding: 5px;\">Longitud<\/td><td style=\"border: 1px solid #ccc; padding: 5px;\">137 cm<\/td><td style=\"border: 1px solid #ccc; padding: 5px;\">127 cm<\/td><\/tr><tr><td style=\"border: 1px solid #ccc; padding: 5px;\">Ancho frente<\/td><td style=\"border: 1px solid #ccc; padding: 5px;\">84 cm<\/td><td style=\"border: 1px solid #ccc; padding: 5px;\">76 cm<\/td><\/tr><tr><td style=\"border: 1px solid #ccc; padding: 5px;\">Ancho trasero<\/td><td style=\"border: 1px solid #ccc; padding: 5px;\">104 cm<\/td><td style=\"border: 1px solid #ccc; padding: 5px;\">94 cm<\/td><\/tr><\/tbody><\/table><p dir=\"ltr\" tabindex=\"-1\" role=\"text\" data-placeholder=\"Translation\" data-ved=\"2ahUKEwjA45-ar8OTAxUwUqQEHUsNJBkQ3ewLegQIDBAX\" aria-label=\"Translated text: Tambi\u00e9n fabricamos tama\u00f1os personalizados bajo pedido.\">\u00a0<\/p><p id=\"tw-target-text\" class=\"tw-data-text tw-text-large tw-ta\" dir=\"ltr\" tabindex=\"-1\" role=\"text\" data-placeholder=\"Translation\" data-ved=\"2ahUKEwjA45-ar8OTAxUwUqQEHUsNJBkQ3ewLegQIDBAX\" aria-label=\"Translated text: Tambi\u00e9n fabricamos tama\u00f1os personalizados bajo pedido.\"><span class=\"Y2IQFc\" lang=\"es\">Tambi\u00e9n fabricamos tama\u00f1os personalizados bajo pedido.<\/span><\/p><p>La altura de los pedestales Classic es variable; la altura m\u00ednima es de 12 cm.<\/p><p id=\"tw-target-text\" class=\"tw-data-text tw-text-large tw-ta\" dir=\"ltr\" tabindex=\"-1\" role=\"text\" data-placeholder=\"Translation\" data-ved=\"2ahUKEwjA45-ar8OTAxUwUqQEHUsNJBkQ3ewLegQIDBAX\" aria-label=\"Translated text: La edici\u00f3n Black Edition tambi\u00e9n est\u00e1 disponible en tama\u00f1os personalizados para soportes b\u00e1sicos de viol\u00edn\/viola, por ejemplo, en el siguiente tama\u00f1o:\"><span class=\"Y2IQFc\" lang=\"es\">La edici\u00f3n Black Edition tambi\u00e9n est\u00e1 disponible en tama\u00f1os personalizados para soportes b\u00e1sicos de viol\u00edn\/viola, por ejemplo, en el siguiente tama\u00f1o:<\/span><\/p><table style=\"width: 300px; border: 1px solid #ccc; border-collapse: collapse;\"><tbody><tr><td style=\"border: 1px solid #ccc; padding: 5px;\"><p>Longitud<\/p><\/td><td style=\"border: 1px solid #ccc; padding: 5px;\"><p>110 cm<\/p><\/td><\/tr><tr><td style=\"border: 1px solid #ccc; padding: 5px;\"><p>Ancho frente<\/p><\/td><td style=\"border: 1px solid #ccc; padding: 5px;\"><p>60 cm<\/p><\/td><\/tr><tr><td style=\"border: 1px solid #ccc; padding: 5px;\"><p>Ancho frente<\/p><\/td><td style=\"border: 1px solid #ccc; padding: 5px;\"><p>70 cm<\/p><\/td><\/tr><tr><td style=\"border: 1px solid #ccc; padding: 5px;\"><p id=\"tw-target-text\" class=\"tw-data-text tw-text-large tw-ta\" dir=\"ltr\" tabindex=\"-1\" role=\"text\" data-placeholder=\"Translation\" data-ved=\"2ahUKEwjA45-ar8OTAxUwUqQEHUsNJBkQ3ewLegQIDBAX\" aria-label=\"Translated text: altura desde\"><span class=\"Y2IQFc\" lang=\"es\">Altura desde<\/span><\/p><\/td><td style=\"border: 1px solid #ccc; padding: 5px;\"><p>12 cm<\/p><\/td><\/tr><\/tbody><\/table><p dir=\"ltr\" tabindex=\"-1\" role=\"text\" data-placeholder=\"Translation\" data-ved=\"2ahUKEwjA45-ar8OTAxUwUqQEHUsNJBkQ3ewLegQIDBAX\" aria-label=\"Translated text: La altura de las plataformas b\u00e1sicas es variable; la altura m\u00ednima es de 12 cm.\">\u00a0<\/p><p id=\"tw-target-text\" class=\"tw-data-text tw-text-large tw-ta\" dir=\"ltr\" tabindex=\"-1\" role=\"text\" data-placeholder=\"Translation\" data-ved=\"2ahUKEwjA45-ar8OTAxUwUqQEHUsNJBkQ3ewLegQIDBAX\" aria-label=\"Translated text: La altura de las plataformas b\u00e1sicas es variable; la altura m\u00ednima es de 12 cm.\"><span class=\"Y2IQFc\" lang=\"es\">La altura de las plataformas b\u00e1sicas es variable; la altura m\u00ednima es de 12 cm.<\/span><\/p><p id=\"tw-target-text\" class=\"tw-data-text tw-text-large tw-ta\" dir=\"ltr\" tabindex=\"-1\" role=\"text\" data-placeholder=\"Translation\" data-ved=\"2ahUKEwjA45-ar8OTAxUwUqQEHUsNJBkQ3ewLegQIDBAX\" aria-label=\"Translated text: Todos los pedestales de la edici\u00f3n Black Edition son apilables.\"><span class=\"Y2IQFc\" lang=\"es\">Todos los pedestales de la edici\u00f3n Black Edition son apilables.<\/span><\/p>\t\t\t\t\t\t\t\t<\/div>\n\t\t\t\t\t<\/div>\n\t\t\t\t<\/div>\n\t\t<div class=\"elementor-element elementor-element-afb6726 parallax_section_holder e-flex e-con-boxed qode_elementor_container_no e-con e-parent\" data-id=\"afb6726\" data-element_type=\"container\" data-e-type=\"container\" data-settings=\"{&quot;background_background&quot;:&quot;classic&quot;,&quot;qode_parallax_image&quot;:{&quot;url&quot;:&quot;&quot;,&quot;id&quot;:&quot;&quot;,&quot;size&quot;:&quot;&quot;}}\">\n\t\t\t\t\t<div class=\"e-con-inner\">\n\t\t\t\t<div class=\"elementor-element elementor-element-246df04 elementor-testimonial--layout-image_above elementor-testimonial--mobile-align-center elementor-testimonial--skin-default elementor-testimonial--align-center elementor-arrows-yes elementor-pagination-type-bullets elementor-widget elementor-widget-testimonial-carousel\" data-id=\"246df04\" data-element_type=\"widget\" data-e-type=\"widget\" data-settings=\"{&quot;speed&quot;:1500,&quot;autoplay_speed&quot;:8000,&quot;show_arrows&quot;:&quot;yes&quot;,&quot;pagination&quot;:&quot;bullets&quot;,&quot;autoplay&quot;:&quot;yes&quot;,&quot;loop&quot;:&quot;yes&quot;,&quot;pause_on_hover&quot;:&quot;yes&quot;,&quot;pause_on_interaction&quot;:&quot;yes&quot;,&quot;space_between&quot;:{&quot;unit&quot;:&quot;px&quot;,&quot;size&quot;:10,&quot;sizes&quot;:[]},&quot;space_between_tablet&quot;:{&quot;unit&quot;:&quot;px&quot;,&quot;size&quot;:10,&quot;sizes&quot;:[]},&quot;space_between_mobile&quot;:{&quot;unit&quot;:&quot;px&quot;,&quot;size&quot;:10,&quot;sizes&quot;:[]}}\" data-widget_type=\"testimonial-carousel.default\">\n\t\t\t\t\t\t\t\t\t\t<div class=\"elementor-main-swiper swiper\" role=\"region\" aria-roledescription=\"carousel\" aria-label=\"Slider\">\n\t\t\t\t<div class=\"swiper-wrapper\">\n\t\t\t\t\t\t\t\t\t\t\t<div class=\"swiper-slide\" role=\"group\" aria-roledescription=\"slide\">\n\t\t\t\t\t\t\t\t\t<div class=\"elementor-testimonial\">\n\t\t\t\t\t\t\t<div class=\"elementor-testimonial__content\">\n\t\t\t\t\t<div class=\"elementor-testimonial__text\">\n\t\t\t\t\t\tGrupo de contrabajos en Resonanzio Black Edition\t\t\t\t\t<\/div>\n\t\t\t\t\t<cite class=\"elementor-testimonial__cite\"><span class=\"elementor-testimonial__name\">ORQUESTA SINF\u00d3NICA DE TENERIFE <\/span><\/cite>\t\t\t\t<\/div>\n\t\t\t\t\t\t<div class=\"elementor-testimonial__footer\">\n\t\t\t\t\t\t\t\t\t<div class=\"elementor-testimonial__image\">\n\t\t\t\t\t\t<img decoding=\"async\" src=\"https:\/\/resonanzio.de\/wp-content\/uploads\/2025\/09\/FOTO.-Sinfonica-de-Tenerife-2025.jpg-Kopie-2.jpeg\" alt=\"ORQUESTA SINF\u00d3NICA DE TENERIFE \">\n\t\t\t\t\t\t\t\t\t\t\t<\/div>\n\t\t\t\t\t\t\t\t\t\t\t<\/div>\n\t\t<\/div>\n\t\t\t\t\t\t\t\t<\/div>\n\t\t\t\t\t\t\t\t\t\t\t<div class=\"swiper-slide\" role=\"group\" aria-roledescription=\"slide\">\n\t\t\t\t\t\t\t\t\t<div class=\"elementor-testimonial\">\n\t\t\t\t\t\t\t<div class=\"elementor-testimonial__content\">\n\t\t\t\t\t<div class=\"elementor-testimonial__text\">\n\t\t\t\t\t\tPodio de solista en Bad Elster en edici\u00f3n negra\t\t\t\t\t<\/div>\n\t\t\t\t\t<cite class=\"elementor-testimonial__cite\"><span class=\"elementor-testimonial__name\">Churs\u00e4chsiche Philharmonie<\/span><\/cite>\t\t\t\t<\/div>\n\t\t\t\t\t\t<div class=\"elementor-testimonial__footer\">\n\t\t\t\t\t\t\t\t\t<div class=\"elementor-testimonial__image\">\n\t\t\t\t\t\t<img decoding=\"async\" src=\"https:\/\/resonanzio.de\/wp-content\/uploads\/2025\/09\/Chursaechsische-Philharmonie-Solistenpodest-1.jpeg\" alt=\"Churs\u00e4chsiche Philharmonie\">\n\t\t\t\t\t\t\t\t\t\t\t<\/div>\n\t\t\t\t\t\t\t\t\t\t\t<\/div>\n\t\t<\/div>\n\t\t\t\t\t\t\t\t<\/div>\n\t\t\t\t\t\t\t\t\t\t\t<div class=\"swiper-slide\" role=\"group\" aria-roledescription=\"slide\">\n\t\t\t\t\t\t\t\t\t<div class=\"elementor-testimonial\">\n\t\t\t\t\t\t\t<div class=\"elementor-testimonial__content\">\n\t\t\t\t\t<div class=\"elementor-testimonial__text\">\n\t\t\t\t\t\t\nLas plataformas Resonanzio son de gran ayuda en nuestra sala de conciertos provisional. \u00a1Ahora se puede escuchar al grupo y a uno mismo con mucha m\u00e1s claridad y transparencia!\t\t\t\t\t<\/div>\n\t\t\t\t\t<cite class=\"elementor-testimonial__cite\"><span class=\"elementor-testimonial__name\">Johannes Seidl<\/span><span class=\"elementor-testimonial__title\">Solo-Kontrabassist G\u00fcrzenich Orchester K\u00f6ln<\/span><\/cite>\t\t\t\t<\/div>\n\t\t\t\t\t\t<div class=\"elementor-testimonial__footer\">\n\t\t\t\t\t\t\t\t\t<div class=\"elementor-testimonial__image\">\n\t\t\t\t\t\t<img decoding=\"async\" src=\"https:\/\/resonanzio.de\/wp-content\/uploads\/2025\/12\/Johannes-Seidl-Guerzenich-Orchester-Koeln-jpeg.jpeg\" alt=\"Johannes Seidl\">\n\t\t\t\t\t\t\t\t\t\t\t<\/div>\n\t\t\t\t\t\t\t\t\t\t\t<\/div>\n\t\t<\/div>\n\t\t\t\t\t\t\t\t<\/div>\n\t\t\t\t\t\t\t\t\t\t\t<div class=\"swiper-slide\" role=\"group\" aria-roledescription=\"slide\">\n\t\t\t\t\t\t\t\t\t<div class=\"elementor-testimonial\">\n\t\t\t\t\t\t\t<div class=\"elementor-testimonial__content\">\n\t\t\t\t\t<div class=\"elementor-testimonial__text\">\n\t\t\t\t\t\tLos instrumentos suenan como si los hubieran reemplazado, \u00a1como si les hubieran instalado un motor nuevo!\t\t\t\t\t<\/div>\n\t\t\t\t\t<cite class=\"elementor-testimonial__cite\"><span class=\"elementor-testimonial__name\">Simon Hartmann<\/span><span class=\"elementor-testimonial__title\">Solo-Kontrabass Oper Z\u00fcrich<\/span><\/cite>\t\t\t\t<\/div>\n\t\t\t\t\t\t<div class=\"elementor-testimonial__footer\">\n\t\t\t\t\t\t\t\t\t<div class=\"elementor-testimonial__image\">\n\t\t\t\t\t\t<img decoding=\"async\" src=\"https:\/\/resonanzio.de\/wp-content\/uploads\/2025\/12\/hartmann_web_dsc3239-1.jpeg\" alt=\"Simon Hartmann\">\n\t\t\t\t\t\t\t\t\t\t\t<\/div>\n\t\t\t\t\t\t\t\t\t\t\t<\/div>\n\t\t<\/div>\n\t\t\t\t\t\t\t\t<\/div>\n\t\t\t\t\t\t\t\t\t<\/div>\n\t\t\t\t\t\t\t\t\t\t\t\t\t\t\t<div class=\"elementor-swiper-button elementor-swiper-button-prev\" role=\"button\" tabindex=\"0\" aria-label=\"Previous\">\n\t\t\t\t\t\t\t<svg aria-hidden=\"true\" class=\"e-font-icon-svg e-eicon-chevron-left\" viewBox=\"0 0 1000 1000\" xmlns=\"http:\/\/www.w3.org\/2000\/svg\"><path d=\"M646 125C629 125 613 133 604 142L308 442C296 454 292 471 292 487 292 504 296 521 308 533L604 854C617 867 629 875 646 875 663 875 679 871 692 858 704 846 713 829 713 812 713 796 708 779 692 767L438 487 692 225C700 217 708 204 708 187 708 171 704 154 692 142 675 129 663 125 646 125Z\"><\/path><\/svg>\t\t\t\t\t\t<\/div>\n\t\t\t\t\t\t<div class=\"elementor-swiper-button elementor-swiper-button-next\" role=\"button\" tabindex=\"0\" aria-label=\"Next\">\n\t\t\t\t\t\t\t<svg aria-hidden=\"true\" class=\"e-font-icon-svg e-eicon-chevron-right\" viewBox=\"0 0 1000 1000\" xmlns=\"http:\/\/www.w3.org\/2000\/svg\"><path d=\"M696 533C708 521 713 504 713 487 713 471 708 454 696 446L400 146C388 133 375 125 354 125 338 125 325 129 313 142 300 154 292 171 292 187 292 204 296 221 308 233L563 492 304 771C292 783 288 800 288 817 288 833 296 850 308 863 321 871 338 875 354 875 371 875 388 867 400 854L696 533Z\"><\/path><\/svg>\t\t\t\t\t\t<\/div>\n\t\t\t\t\t\t\t\t\t\t\t\t\t\t\t\t<div class=\"swiper-pagination\"><\/div>\n\t\t\t\t\t\t\t\t\t\t\t\t<\/div>\n\t\t\t\t\t\t\t\t<\/div>\n\t\t\t\t\t<\/div>\n\t\t\t\t<\/div>\n\t\t\t\t<\/div>\n\t\t","protected":false},"excerpt":{"rendered":"<p>&nbsp;<\/p>\n<h4><span style=\"color: #c63527;\">Discreto y elegante<\/span><\/h4>\n<p>&nbsp;<\/p>\n<p>Especialmente pensada para fosos de orquesta y escenarios oscuros: todos los podios Resonanzio Classic, Arpa, Premium y Basic tambi\u00e9n est\u00e1n disponibles en tonos de madera oscuros.<\/p>\n","protected":false},"featured_media":12894,"template":"","meta":[],"product_brand":[],"product_cat":[384],"product_tag":[],"class_list":{"0":"post-12892","1":"product","2":"type-product","3":"status-publish","4":"has-post-thumbnail","6":"product_cat-resonanzio","8":"first","9":"instock","10":"shipping-taxable","11":"product-type-simple"},"yoast_head":"<!-- This site is optimized with the Yoast SEO plugin v27.5 - https:\/\/yoast.com\/product\/yoast-seo-wordpress\/ -->\n<title>Resonanzio Klangpodest | Black Edition<\/title>\n<meta name=\"description\" content=\"Resonanzio Klangpodeste in Schwarz | Edles Design | Ideal f\u00fcr Orchestergr\u00e4ben oder dunkle Konzertb\u00fchnen | Solistenpodest |\" \/>\n<meta name=\"robots\" content=\"index, follow, max-snippet:-1, max-image-preview:large, max-video-preview:-1\" \/>\n<link rel=\"canonical\" href=\"https:\/\/resonanzio.de\/es\/produkt\/black-edition\/\" \/>\n<meta property=\"og:locale\" content=\"es_ES\" \/>\n<meta property=\"og:type\" content=\"article\" \/>\n<meta property=\"og:title\" content=\"Resonanzio Klangpodest | Black Edition\" \/>\n<meta property=\"og:description\" content=\"Resonanzio Klangpodeste in Schwarz | Edles Design | Ideal f\u00fcr Orchestergr\u00e4ben oder dunkle Konzertb\u00fchnen | Solistenpodest |\" \/>\n<meta property=\"og:url\" content=\"https:\/\/resonanzio.de\/es\/produkt\/black-edition\/\" \/>\n<meta property=\"og:site_name\" content=\"Resonanzio \u2013 F\u00fcr Orchester und Konzerts\u00e4le\" \/>\n<meta property=\"article:publisher\" content=\"https:\/\/www.facebook.com\/resonanzio\" \/>\n<meta property=\"article:modified_time\" content=\"2026-03-28T21:23:17+00:00\" \/>\n<meta property=\"og:image\" content=\"https:\/\/resonanzio.de\/wp-content\/uploads\/2025\/09\/Cello-Podium-Steinway-Cello-Podest-1.jpg\" \/>\n\t<meta property=\"og:image:width\" content=\"750\" \/>\n\t<meta property=\"og:image:height\" content=\"750\" \/>\n\t<meta property=\"og:image:type\" content=\"image\/jpeg\" \/>\n<meta name=\"twitter:card\" content=\"summary_large_image\" \/>\n<meta name=\"twitter:label1\" content=\"Tiempo de lectura\" \/>\n\t<meta name=\"twitter:data1\" content=\"3 minutos\" \/>\n<script type=\"application\/ld+json\" class=\"yoast-schema-graph\">{\"@context\":\"https:\\\/\\\/schema.org\",\"@graph\":[{\"@type\":\"WebPage\",\"@id\":\"https:\\\/\\\/resonanzio.de\\\/es\\\/produkt\\\/black-edition\\\/\",\"url\":\"https:\\\/\\\/resonanzio.de\\\/es\\\/produkt\\\/black-edition\\\/\",\"name\":\"Resonanzio Klangpodest | Black Edition\",\"isPartOf\":{\"@id\":\"https:\\\/\\\/resonanzio.de\\\/en\\\/#website\"},\"primaryImageOfPage\":{\"@id\":\"https:\\\/\\\/resonanzio.de\\\/es\\\/produkt\\\/black-edition\\\/#primaryimage\"},\"image\":{\"@id\":\"https:\\\/\\\/resonanzio.de\\\/es\\\/produkt\\\/black-edition\\\/#primaryimage\"},\"thumbnailUrl\":\"https:\\\/\\\/resonanzio.de\\\/wp-content\\\/uploads\\\/2025\\\/09\\\/Cello-Podium-Steinway-Cello-Podest-1.jpg\",\"datePublished\":\"2025-09-23T10:10:29+00:00\",\"dateModified\":\"2026-03-28T21:23:17+00:00\",\"description\":\"Resonanzio Klangpodeste in Schwarz | Edles Design | Ideal f\u00fcr Orchestergr\u00e4ben oder dunkle Konzertb\u00fchnen | Solistenpodest |\",\"breadcrumb\":{\"@id\":\"https:\\\/\\\/resonanzio.de\\\/es\\\/produkt\\\/black-edition\\\/#breadcrumb\"},\"inLanguage\":\"es\",\"potentialAction\":[{\"@type\":\"ReadAction\",\"target\":[\"https:\\\/\\\/resonanzio.de\\\/es\\\/produkt\\\/black-edition\\\/\"]}]},{\"@type\":\"ImageObject\",\"inLanguage\":\"es\",\"@id\":\"https:\\\/\\\/resonanzio.de\\\/es\\\/produkt\\\/black-edition\\\/#primaryimage\",\"url\":\"https:\\\/\\\/resonanzio.de\\\/wp-content\\\/uploads\\\/2025\\\/09\\\/Cello-Podium-Steinway-Cello-Podest-1.jpg\",\"contentUrl\":\"https:\\\/\\\/resonanzio.de\\\/wp-content\\\/uploads\\\/2025\\\/09\\\/Cello-Podium-Steinway-Cello-Podest-1.jpg\",\"width\":750,\"height\":750},{\"@type\":\"BreadcrumbList\",\"@id\":\"https:\\\/\\\/resonanzio.de\\\/es\\\/produkt\\\/black-edition\\\/#breadcrumb\",\"itemListElement\":[{\"@type\":\"ListItem\",\"position\":1,\"name\":\"Startseite\",\"item\":\"https:\\\/\\\/resonanzio.de\\\/es\\\/\"},{\"@type\":\"ListItem\",\"position\":2,\"name\":\"Produkte default\",\"item\":\"https:\\\/\\\/resonanzio.de\\\/shop\\\/\"},{\"@type\":\"ListItem\",\"position\":3,\"name\":\"Black Edition\"}]},{\"@type\":\"WebSite\",\"@id\":\"https:\\\/\\\/resonanzio.de\\\/en\\\/#website\",\"url\":\"https:\\\/\\\/resonanzio.de\\\/en\\\/\",\"name\":\"Resonanzio \u2013 F\u00fcr Orchester und Konzerts\u00e4le\",\"description\":\"Resonanz-Podeste f\u00fcr Orchester und Konzerts\u00e4le\",\"publisher\":{\"@id\":\"https:\\\/\\\/resonanzio.de\\\/en\\\/#organization\"},\"potentialAction\":[{\"@type\":\"SearchAction\",\"target\":{\"@type\":\"EntryPoint\",\"urlTemplate\":\"https:\\\/\\\/resonanzio.de\\\/en\\\/?s={search_term_string}\"},\"query-input\":{\"@type\":\"PropertyValueSpecification\",\"valueRequired\":true,\"valueName\":\"search_term_string\"}}],\"inLanguage\":\"es\"},{\"@type\":\"Organization\",\"@id\":\"https:\\\/\\\/resonanzio.de\\\/en\\\/#organization\",\"name\":\"Resonanzio \u2013 F\u00fcr Orchester und Konzerts\u00e4le\",\"url\":\"https:\\\/\\\/resonanzio.de\\\/en\\\/\",\"logo\":{\"@type\":\"ImageObject\",\"inLanguage\":\"es\",\"@id\":\"https:\\\/\\\/resonanzio.de\\\/en\\\/#\\\/schema\\\/logo\\\/image\\\/\",\"url\":\"https:\\\/\\\/resonanzio.de\\\/wp-content\\\/uploads\\\/2025\\\/11\\\/Resonanzio_klangpodest_klangpodium_cellopodest-cellopodium_soundpodium_riser.jpeg\",\"contentUrl\":\"https:\\\/\\\/resonanzio.de\\\/wp-content\\\/uploads\\\/2025\\\/11\\\/Resonanzio_klangpodest_klangpodium_cellopodest-cellopodium_soundpodium_riser.jpeg\",\"width\":390,\"height\":514,\"caption\":\"Resonanzio \u2013 F\u00fcr Orchester und Konzerts\u00e4le\"},\"image\":{\"@id\":\"https:\\\/\\\/resonanzio.de\\\/en\\\/#\\\/schema\\\/logo\\\/image\\\/\"},\"sameAs\":[\"https:\\\/\\\/www.facebook.com\\\/resonanzio\",\"https:\\\/\\\/www.instagram.com\\\/resonanzio\\\/\"]}]}<\/script>\n<!-- \/ Yoast SEO plugin. -->","yoast_head_json":{"title":"Resonanzio Klangpodest | Black Edition","description":"Resonanzio Klangpodeste in Schwarz | Edles Design | Ideal f\u00fcr Orchestergr\u00e4ben oder dunkle Konzertb\u00fchnen | Solistenpodest |","robots":{"index":"index","follow":"follow","max-snippet":"max-snippet:-1","max-image-preview":"max-image-preview:large","max-video-preview":"max-video-preview:-1"},"canonical":"https:\/\/resonanzio.de\/es\/produkt\/black-edition\/","og_locale":"es_ES","og_type":"article","og_title":"Resonanzio Klangpodest | Black Edition","og_description":"Resonanzio Klangpodeste in Schwarz | Edles Design | Ideal f\u00fcr Orchestergr\u00e4ben oder dunkle Konzertb\u00fchnen | Solistenpodest |","og_url":"https:\/\/resonanzio.de\/es\/produkt\/black-edition\/","og_site_name":"Resonanzio \u2013 F\u00fcr Orchester und Konzerts\u00e4le","article_publisher":"https:\/\/www.facebook.com\/resonanzio","article_modified_time":"2026-03-28T21:23:17+00:00","og_image":[{"width":750,"height":750,"url":"https:\/\/resonanzio.de\/wp-content\/uploads\/2025\/09\/Cello-Podium-Steinway-Cello-Podest-1.jpg","type":"image\/jpeg"}],"twitter_card":"summary_large_image","twitter_misc":{"Tiempo de lectura":"3 minutos"},"schema":{"@context":"https:\/\/schema.org","@graph":[{"@type":"WebPage","@id":"https:\/\/resonanzio.de\/es\/produkt\/black-edition\/","url":"https:\/\/resonanzio.de\/es\/produkt\/black-edition\/","name":"Resonanzio Klangpodest | Black Edition","isPartOf":{"@id":"https:\/\/resonanzio.de\/en\/#website"},"primaryImageOfPage":{"@id":"https:\/\/resonanzio.de\/es\/produkt\/black-edition\/#primaryimage"},"image":{"@id":"https:\/\/resonanzio.de\/es\/produkt\/black-edition\/#primaryimage"},"thumbnailUrl":"https:\/\/resonanzio.de\/wp-content\/uploads\/2025\/09\/Cello-Podium-Steinway-Cello-Podest-1.jpg","datePublished":"2025-09-23T10:10:29+00:00","dateModified":"2026-03-28T21:23:17+00:00","description":"Resonanzio Klangpodeste in Schwarz | Edles Design | Ideal f\u00fcr Orchestergr\u00e4ben oder dunkle Konzertb\u00fchnen | Solistenpodest |","breadcrumb":{"@id":"https:\/\/resonanzio.de\/es\/produkt\/black-edition\/#breadcrumb"},"inLanguage":"es","potentialAction":[{"@type":"ReadAction","target":["https:\/\/resonanzio.de\/es\/produkt\/black-edition\/"]}]},{"@type":"ImageObject","inLanguage":"es","@id":"https:\/\/resonanzio.de\/es\/produkt\/black-edition\/#primaryimage","url":"https:\/\/resonanzio.de\/wp-content\/uploads\/2025\/09\/Cello-Podium-Steinway-Cello-Podest-1.jpg","contentUrl":"https:\/\/resonanzio.de\/wp-content\/uploads\/2025\/09\/Cello-Podium-Steinway-Cello-Podest-1.jpg","width":750,"height":750},{"@type":"BreadcrumbList","@id":"https:\/\/resonanzio.de\/es\/produkt\/black-edition\/#breadcrumb","itemListElement":[{"@type":"ListItem","position":1,"name":"Startseite","item":"https:\/\/resonanzio.de\/es\/"},{"@type":"ListItem","position":2,"name":"Produkte default","item":"https:\/\/resonanzio.de\/shop\/"},{"@type":"ListItem","position":3,"name":"Black Edition"}]},{"@type":"WebSite","@id":"https:\/\/resonanzio.de\/en\/#website","url":"https:\/\/resonanzio.de\/en\/","name":"Resonanzio \u2013 F\u00fcr Orchester und Konzerts\u00e4le","description":"Resonanz-Podeste f\u00fcr Orchester und Konzerts\u00e4le","publisher":{"@id":"https:\/\/resonanzio.de\/en\/#organization"},"potentialAction":[{"@type":"SearchAction","target":{"@type":"EntryPoint","urlTemplate":"https:\/\/resonanzio.de\/en\/?s={search_term_string}"},"query-input":{"@type":"PropertyValueSpecification","valueRequired":true,"valueName":"search_term_string"}}],"inLanguage":"es"},{"@type":"Organization","@id":"https:\/\/resonanzio.de\/en\/#organization","name":"Resonanzio \u2013 F\u00fcr Orchester und Konzerts\u00e4le","url":"https:\/\/resonanzio.de\/en\/","logo":{"@type":"ImageObject","inLanguage":"es","@id":"https:\/\/resonanzio.de\/en\/#\/schema\/logo\/image\/","url":"https:\/\/resonanzio.de\/wp-content\/uploads\/2025\/11\/Resonanzio_klangpodest_klangpodium_cellopodest-cellopodium_soundpodium_riser.jpeg","contentUrl":"https:\/\/resonanzio.de\/wp-content\/uploads\/2025\/11\/Resonanzio_klangpodest_klangpodium_cellopodest-cellopodium_soundpodium_riser.jpeg","width":390,"height":514,"caption":"Resonanzio \u2013 F\u00fcr Orchester und Konzerts\u00e4le"},"image":{"@id":"https:\/\/resonanzio.de\/en\/#\/schema\/logo\/image\/"},"sameAs":["https:\/\/www.facebook.com\/resonanzio","https:\/\/www.instagram.com\/resonanzio\/"]}]}},"_links":{"self":[{"href":"https:\/\/resonanzio.de\/es\/wp-json\/wp\/v2\/product\/12892","targetHints":{"allow":["GET"]}}],"collection":[{"href":"https:\/\/resonanzio.de\/es\/wp-json\/wp\/v2\/product"}],"about":[{"href":"https:\/\/resonanzio.de\/es\/wp-json\/wp\/v2\/types\/product"}],"version-history":[{"count":8,"href":"https:\/\/resonanzio.de\/es\/wp-json\/wp\/v2\/product\/12892\/revisions"}],"predecessor-version":[{"id":13060,"href":"https:\/\/resonanzio.de\/es\/wp-json\/wp\/v2\/product\/12892\/revisions\/13060"}],"wp:featuredmedia":[{"embeddable":true,"href":"https:\/\/resonanzio.de\/es\/wp-json\/wp\/v2\/media\/12894"}],"wp:attachment":[{"href":"https:\/\/resonanzio.de\/es\/wp-json\/wp\/v2\/media?parent=12892"}],"wp:term":[{"taxonomy":"product_brand","embeddable":true,"href":"https:\/\/resonanzio.de\/es\/wp-json\/wp\/v2\/product_brand?post=12892"},{"taxonomy":"product_cat","embeddable":true,"href":"https:\/\/resonanzio.de\/es\/wp-json\/wp\/v2\/product_cat?post=12892"},{"taxonomy":"product_tag","embeddable":true,"href":"https:\/\/resonanzio.de\/es\/wp-json\/wp\/v2\/product_tag?post=12892"}],"curies":[{"name":"wp","href":"https:\/\/api.w.org\/{rel}","templated":true}]}}