{"id":12995,"date":"2025-09-28T18:01:14","date_gmt":"2025-09-28T18:01:14","guid":{"rendered":"https:\/\/resonanzio.de\/produkt\/classic-podeste\/"},"modified":"2026-03-28T20:21:57","modified_gmt":"2026-03-28T20:21:57","slug":"podium-classic","status":"publish","type":"product","link":"https:\/\/resonanzio.de\/es\/produkt\/podium-classic\/","title":{"rendered":"P\u00f2dium Classic"},"content":{"rendered":"\t\t<div data-elementor-type=\"wp-post\" data-elementor-id=\"12995\" class=\"elementor elementor-12995 elementor-8438\" data-elementor-post-type=\"product\">\n\t\t\t\t<div class=\"elementor-element elementor-element-743a6d22 e-flex e-con-boxed parallax_section_no qode_elementor_container_no e-con e-parent\" data-id=\"743a6d22\" data-element_type=\"container\" data-e-type=\"container\">\n\t\t\t\t\t<div class=\"e-con-inner\">\n\t\t\t\t<div class=\"elementor-element elementor-element-683a4693 elementor-widget elementor-widget-text-editor\" data-id=\"683a4693\" data-element_type=\"widget\" data-e-type=\"widget\" data-widget_type=\"text-editor.default\">\n\t\t\t\t\t\t\t\t\t<p>\u00a0<\/p><p>A petici\u00f3n, tambi\u00e9n fabricamos tama\u00f1os especiales. La altura de los podios Classic es variable, con una altura m\u00ednima de 12 cm. Los podios Resonanzio Classic se caracterizan por su aspecto natural de madera clara. Tambi\u00e9n tenemos disponible la Black Edition. Tras una consulta individual, pueden fabricarse en un color adaptado a la tonalidad del escenario correspondiente. Para informaci\u00f3n sobre precios, por favor cont\u00e1ctenos.<\/p><p dir=\"ltr\" tabindex=\"-1\" role=\"text\" data-placeholder=\"Translation\" data-ved=\"2ahUKEwjA45-ar8OTAxUwUqQEHUsNJBkQ3ewLegQIDBAX\" aria-label=\"Translated text: Ofrecemos dos tama\u00f1os est\u00e1ndar:\">\u00a0<\/p><p id=\"tw-target-text\" class=\"tw-data-text tw-text-large tw-ta\" dir=\"ltr\" tabindex=\"-1\" role=\"text\" data-placeholder=\"Translation\" data-ved=\"2ahUKEwjA45-ar8OTAxUwUqQEHUsNJBkQ3ewLegQIDBAX\" aria-label=\"Translated text: Ofrecemos dos tama\u00f1os est\u00e1ndar:\"><span class=\"Y2IQFc\" lang=\"es\">Ofrecemos dos tama\u00f1os est\u00e1ndar:<\/span><\/p><table style=\"width: 300px; border: 1px solid #ccc; border-collapse: collapse;\"><tbody><tr><th style=\"border: 1px solid #ccc; padding: 5px;\">\u00a0<\/th><th style=\"border: 1px solid #ccc; padding: 5px;\">Tama\u00f1o 1<\/th><th style=\"border: 1px solid #ccc; padding: 5px;\">Tama\u00f1o 2<\/th><\/tr><tr><td style=\"border: 1px solid #ccc; padding: 5px;\">Longitud<\/td><td style=\"border: 1px solid #ccc; padding: 5px;\">137 cm<\/td><td style=\"border: 1px solid #ccc; padding: 5px;\">127 cm<\/td><\/tr><tr><td style=\"border: 1px solid #ccc; padding: 5px;\">Ancho frente<\/td><td style=\"border: 1px solid #ccc; padding: 5px;\">84 cm<\/td><td style=\"border: 1px solid #ccc; padding: 5px;\">76 cm<\/td><\/tr><tr><td style=\"border: 1px solid #ccc; padding: 5px;\">Ancho trasero<\/td><td style=\"border: 1px solid #ccc; padding: 5px;\">104 cm<\/td><td style=\"border: 1px solid #ccc; padding: 5px;\">94 cm<\/td><\/tr><\/tbody><\/table><p dir=\"ltr\" tabindex=\"-1\" role=\"text\" data-placeholder=\"Translation\" data-ved=\"2ahUKEwjA45-ar8OTAxUwUqQEHUsNJBkQ3ewLegQIDBAX\" aria-label=\"Translated text: P\u00f3ngase en contacto con nosotros para obtener informaci\u00f3n sobre precios.\">\u00a0<\/p><p id=\"tw-target-text\" class=\"tw-data-text tw-text-large tw-ta\" dir=\"ltr\" tabindex=\"-1\" role=\"text\" data-placeholder=\"Translation\" data-ved=\"2ahUKEwjA45-ar8OTAxUwUqQEHUsNJBkQ3ewLegQIDBAX\" aria-label=\"Translated text: P\u00f3ngase en contacto con nosotros para obtener informaci\u00f3n sobre precios.\"><span class=\"Y2IQFc\" lang=\"es\">P\u00f3ngase en contacto con nosotros para obtener informaci\u00f3n sobre precios.<\/span><\/p><p>Email: kontakt@resonanzio.de<\/p><h4>\u00a0<\/h4><h3 style=\"text-align: left;\"><span style=\"color: #c63527;\">Hemos hecho nuevos amigos:<\/span><\/h3>\t\t\t\t\t\t\t\t<\/div>\n\t\t\t\t\t<\/div>\n\t\t\t\t<\/div>\n\t\t<div class=\"elementor-element elementor-element-d679d22 parallax_section_holder e-flex e-con-boxed qode_elementor_container_no e-con e-parent\" data-id=\"d679d22\" data-element_type=\"container\" data-e-type=\"container\" data-settings=\"{&quot;background_background&quot;:&quot;classic&quot;,&quot;qode_parallax_image&quot;:{&quot;url&quot;:&quot;&quot;,&quot;id&quot;:&quot;&quot;,&quot;size&quot;:&quot;&quot;}}\">\n\t\t\t\t\t<div class=\"e-con-inner\">\n\t\t\t\t<div class=\"elementor-element elementor-element-bc26195 elementor-testimonial--layout-image_above elementor-testimonial--mobile-align-center elementor-testimonial--skin-default elementor-testimonial--align-center elementor-arrows-yes elementor-pagination-type-bullets elementor-widget elementor-widget-testimonial-carousel\" data-id=\"bc26195\" data-element_type=\"widget\" data-e-type=\"widget\" data-settings=\"{&quot;speed&quot;:1500,&quot;autoplay_speed&quot;:8000,&quot;show_arrows&quot;:&quot;yes&quot;,&quot;pagination&quot;:&quot;bullets&quot;,&quot;autoplay&quot;:&quot;yes&quot;,&quot;loop&quot;:&quot;yes&quot;,&quot;pause_on_hover&quot;:&quot;yes&quot;,&quot;pause_on_interaction&quot;:&quot;yes&quot;,&quot;space_between&quot;:{&quot;unit&quot;:&quot;px&quot;,&quot;size&quot;:10,&quot;sizes&quot;:[]},&quot;space_between_tablet&quot;:{&quot;unit&quot;:&quot;px&quot;,&quot;size&quot;:10,&quot;sizes&quot;:[]},&quot;space_between_mobile&quot;:{&quot;unit&quot;:&quot;px&quot;,&quot;size&quot;:10,&quot;sizes&quot;:[]}}\" data-widget_type=\"testimonial-carousel.default\">\n\t\t\t\t\t\t\t\t\t\t<div class=\"elementor-main-swiper swiper\" role=\"region\" aria-roledescription=\"carousel\" aria-label=\"Slider\">\n\t\t\t\t<div class=\"swiper-wrapper\">\n\t\t\t\t\t\t\t\t\t\t\t<div class=\"swiper-slide\" role=\"group\" aria-roledescription=\"slide\">\n\t\t\t\t\t\t\t\t\t<div class=\"elementor-testimonial\">\n\t\t\t\t\t\t\t<div class=\"elementor-testimonial__content\">\n\t\t\t\t\t<div class=\"elementor-testimonial__text\">\n\t\t\t\t\t\t\u00a1Es fant\u00e1stico lo bien que se escucha a uno mismo y a los compa\u00f1eros en estas plataformas! \u00a1Los graves n\u00edtidos realzan enormemente el sonido de la orquesta!\t\t\t\t\t<\/div>\n\t\t\t\t\t<cite class=\"elementor-testimonial__cite\"><span class=\"elementor-testimonial__name\">Stefan Preyer<\/span><span class=\"elementor-testimonial__title\">Solo-Kontrabassist Kammerorchester Basel<\/span><\/cite>\t\t\t\t<\/div>\n\t\t\t\t\t\t<div class=\"elementor-testimonial__footer\">\n\t\t\t\t\t\t\t\t\t<div class=\"elementor-testimonial__image\">\n\t\t\t\t\t\t<img decoding=\"async\" src=\"https:\/\/resonanzio.de\/wp-content\/uploads\/2025\/11\/Preyer_Stefan-2.jpeg\" alt=\"Stefan Preyer\">\n\t\t\t\t\t\t\t\t\t\t\t<\/div>\n\t\t\t\t\t\t\t\t\t\t\t<\/div>\n\t\t<\/div>\n\t\t\t\t\t\t\t\t<\/div>\n\t\t\t\t\t\t\t\t\t\t\t<div class=\"swiper-slide\" role=\"group\" aria-roledescription=\"slide\">\n\t\t\t\t\t\t\t\t\t<div class=\"elementor-testimonial\">\n\t\t\t\t\t\t\t<div class=\"elementor-testimonial__content\">\n\t\t\t\t\t<div class=\"elementor-testimonial__text\">\n\t\t\t\t\t\t\n\u00a1Estas plataformas de sonido son realmente fant\u00e1sticas! Ricas en arm\u00f3nicos y con una articulaci\u00f3n excelente. Notamos la diferencia de inmediato: los graves son n\u00edtidos, presentes y transparentes. \u00a1Una aut\u00e9ntica delicia!\t\t\t\t\t<\/div>\n\t\t\t\t\t<cite class=\"elementor-testimonial__cite\"><span class=\"elementor-testimonial__name\">Sir Simon Rattle<\/span><span class=\"elementor-testimonial__title\">Chefdirigent Symphonieorchester des Bayrischen Rundfunks<\/span><\/cite>\t\t\t\t<\/div>\n\t\t\t\t\t\t<div class=\"elementor-testimonial__footer\">\n\t\t\t\t\t\t\t\t\t<div class=\"elementor-testimonial__image\">\n\t\t\t\t\t\t<img decoding=\"async\" src=\"https:\/\/resonanzio.de\/wp-content\/uploads\/2025\/09\/Home-5.jpeg\" alt=\"Sir Simon Rattle\">\n\t\t\t\t\t\t\t\t\t\t\t<\/div>\n\t\t\t\t\t\t\t\t\t\t\t<\/div>\n\t\t<\/div>\n\t\t\t\t\t\t\t\t<\/div>\n\t\t\t\t\t\t\t\t\t\t\t<div class=\"swiper-slide\" role=\"group\" aria-roledescription=\"slide\">\n\t\t\t\t\t\t\t\t\t<div class=\"elementor-testimonial\">\n\t\t\t\t\t\t\t<div class=\"elementor-testimonial__content\">\n\t\t\t\t\t<div class=\"elementor-testimonial__text\">\n\t\t\t\t\t\tLas plataformas Resonanzio son de gran ayuda en nuestra sala de conciertos provisional. \u00a1Ahora se puede escuchar al grupo y a uno mismo con mucha m\u00e1s claridad y transparencia!\t\t\t\t\t<\/div>\n\t\t\t\t\t<cite class=\"elementor-testimonial__cite\"><span class=\"elementor-testimonial__name\">Johannes Seidl<\/span><span class=\"elementor-testimonial__title\">Solo-Kontrabassist G\u00fcrzenich Orchester K\u00f6ln<\/span><\/cite>\t\t\t\t<\/div>\n\t\t\t\t\t\t<div class=\"elementor-testimonial__footer\">\n\t\t\t\t\t\t\t\t\t<div class=\"elementor-testimonial__image\">\n\t\t\t\t\t\t<img decoding=\"async\" src=\"https:\/\/resonanzio.de\/wp-content\/uploads\/2025\/09\/Johannes-Seidl-Guerzenich-Orchester-Koeln-jpeg.jpeg\" alt=\"Johannes Seidl\">\n\t\t\t\t\t\t\t\t\t\t\t<\/div>\n\t\t\t\t\t\t\t\t\t\t\t<\/div>\n\t\t<\/div>\n\t\t\t\t\t\t\t\t<\/div>\n\t\t\t\t\t\t\t\t\t\t\t<div class=\"swiper-slide\" role=\"group\" aria-roledescription=\"slide\">\n\t\t\t\t\t\t\t\t\t<div class=\"elementor-testimonial\">\n\t\t\t\t\t\t\t<div class=\"elementor-testimonial__content\">\n\t\t\t\t\t<div class=\"elementor-testimonial__text\">\n\t\t\t\t\t\tLos instrumentos suenan como si los hubieran reemplazado, \u00a1como si les hubieran instalado un motor nuevo!\t\t\t\t\t<\/div>\n\t\t\t\t\t<cite class=\"elementor-testimonial__cite\"><span class=\"elementor-testimonial__name\">Simon Hartmann<\/span><span class=\"elementor-testimonial__title\">Solo-Kontrabass Oper Z\u00fcrich<\/span><\/cite>\t\t\t\t<\/div>\n\t\t\t\t\t\t<div class=\"elementor-testimonial__footer\">\n\t\t\t\t\t\t\t\t\t<div class=\"elementor-testimonial__image\">\n\t\t\t\t\t\t<img decoding=\"async\" src=\"https:\/\/resonanzio.de\/wp-content\/uploads\/2025\/11\/hartmann_web_dsc3239-1.jpeg\" alt=\"Simon Hartmann\">\n\t\t\t\t\t\t\t\t\t\t\t<\/div>\n\t\t\t\t\t\t\t\t\t\t\t<\/div>\n\t\t<\/div>\n\t\t\t\t\t\t\t\t<\/div>\n\t\t\t\t\t\t\t\t\t\t\t<div class=\"swiper-slide\" role=\"group\" aria-roledescription=\"slide\">\n\t\t\t\t\t\t\t\t\t<div class=\"elementor-testimonial\">\n\t\t\t\t\t\t\t<div class=\"elementor-testimonial__content\">\n\t\t\t\t\t<div class=\"elementor-testimonial__text\">\n\t\t\t\t\t\t\n\u00a1Es fascinante escuchar los graves con tanta claridad y transparencia! \u00a1Qu\u00e9 invento tan incre\u00edble!\t\t\t\t\t<\/div>\n\t\t\t\t\t<cite class=\"elementor-testimonial__cite\"><span class=\"elementor-testimonial__name\">Alondra de la Parra<\/span><span class=\"elementor-testimonial__title\">Dirigentin<\/span><\/cite>\t\t\t\t<\/div>\n\t\t\t\t\t\t<div class=\"elementor-testimonial__footer\">\n\t\t\t\t\t\t\t\t\t<div class=\"elementor-testimonial__image\">\n\t\t\t\t\t\t<img decoding=\"async\" src=\"https:\/\/resonanzio.de\/wp-content\/uploads\/2025\/09\/ADLP-BY-FELIX-BROEDE-09-1440x960-3.jpeg\" alt=\"Alondra de la Parra\">\n\t\t\t\t\t\t\t\t\t\t\t<\/div>\n\t\t\t\t\t\t\t\t\t\t\t<\/div>\n\t\t<\/div>\n\t\t\t\t\t\t\t\t<\/div>\n\t\t\t\t\t\t\t\t\t\t\t<div class=\"swiper-slide\" role=\"group\" aria-roledescription=\"slide\">\n\t\t\t\t\t\t\t\t\t<div class=\"elementor-testimonial\">\n\t\t\t\t\t\t\t<div class=\"elementor-testimonial__content\">\n\t\t\t\t\t<div class=\"elementor-testimonial__text\">\n\t\t\t\t\t\t\u00a1Estos soportes tambi\u00e9n mejoran el sonido de tus instrumentos, aport\u00e1ndoles mayor redondez y resonancia! Matthias Beltinger y su equipo han hecho un trabajo fant\u00e1stico, \u00a1y estamos encantados de tenerlos en nuestra gama de productos!\t\t\t\t\t<\/div>\n\t\t\t\t\t<cite class=\"elementor-testimonial__cite\"><span class=\"elementor-testimonial__name\">Camerata Nordica, Schweden<\/span><\/cite>\t\t\t\t<\/div>\n\t\t\t\t\t\t<div class=\"elementor-testimonial__footer\">\n\t\t\t\t\t\t\t\t\t<div class=\"elementor-testimonial__image\">\n\t\t\t\t\t\t<img decoding=\"async\" src=\"https:\/\/resonanzio.de\/wp-content\/uploads\/2025\/12\/Camerata-Nordica-Cello-podium-chamber-orchestra.jpeg\" alt=\"Camerata Nordica, Schweden\">\n\t\t\t\t\t\t\t\t\t\t\t<\/div>\n\t\t\t\t\t\t\t\t\t\t\t<\/div>\n\t\t<\/div>\n\t\t\t\t\t\t\t\t<\/div>\n\t\t\t\t\t\t\t\t\t\t\t<div class=\"swiper-slide\" role=\"group\" aria-roledescription=\"slide\">\n\t\t\t\t\t\t\t\t\t<div class=\"elementor-testimonial\">\n\t\t\t\t\t\t\t<div class=\"elementor-testimonial__content\">\n\t\t\t\t\t<div class=\"elementor-testimonial__text\">\n\t\t\t\t\t\t\n\u00a1Es incre\u00edble c\u00f3mo ha evolucionado nuestro sonido, lo f\u00e1cil que es tocarlo y lo mucho mejor que suena ahora como grupo!\t\t\t\t\t<\/div>\n\t\t\t\t\t<cite class=\"elementor-testimonial__cite\"><span class=\"elementor-testimonial__name\">Thierry Gavard<\/span><span class=\"elementor-testimonial__title\">Solo-Kontrabassist Philharmonie Luxemburg<\/span><\/cite>\t\t\t\t<\/div>\n\t\t\t\t\t\t<div class=\"elementor-testimonial__footer\">\n\t\t\t\t\t\t\t\t\t<div class=\"elementor-testimonial__image\">\n\t\t\t\t\t\t<img decoding=\"async\" src=\"https:\/\/resonanzio.de\/wp-content\/uploads\/2025\/09\/Thierry-Gavard-Luxemburg-Philharmonie-1.jpeg\" alt=\"Thierry Gavard\">\n\t\t\t\t\t\t\t\t\t\t\t<\/div>\n\t\t\t\t\t\t\t\t\t\t\t<\/div>\n\t\t<\/div>\n\t\t\t\t\t\t\t\t<\/div>\n\t\t\t\t\t\t\t\t\t<\/div>\n\t\t\t\t\t\t\t\t\t\t\t\t\t\t\t<div class=\"elementor-swiper-button elementor-swiper-button-prev\" role=\"button\" tabindex=\"0\" aria-label=\"Previous\">\n\t\t\t\t\t\t\t<svg aria-hidden=\"true\" class=\"e-font-icon-svg e-eicon-chevron-left\" viewBox=\"0 0 1000 1000\" xmlns=\"http:\/\/www.w3.org\/2000\/svg\"><path d=\"M646 125C629 125 613 133 604 142L308 442C296 454 292 471 292 487 292 504 296 521 308 533L604 854C617 867 629 875 646 875 663 875 679 871 692 858 704 846 713 829 713 812 713 796 708 779 692 767L438 487 692 225C700 217 708 204 708 187 708 171 704 154 692 142 675 129 663 125 646 125Z\"><\/path><\/svg>\t\t\t\t\t\t<\/div>\n\t\t\t\t\t\t<div class=\"elementor-swiper-button elementor-swiper-button-next\" role=\"button\" tabindex=\"0\" aria-label=\"Next\">\n\t\t\t\t\t\t\t<svg aria-hidden=\"true\" class=\"e-font-icon-svg e-eicon-chevron-right\" viewBox=\"0 0 1000 1000\" xmlns=\"http:\/\/www.w3.org\/2000\/svg\"><path d=\"M696 533C708 521 713 504 713 487 713 471 708 454 696 446L400 146C388 133 375 125 354 125 338 125 325 129 313 142 300 154 292 171 292 187 292 204 296 221 308 233L563 492 304 771C292 783 288 800 288 817 288 833 296 850 308 863 321 871 338 875 354 875 371 875 388 867 400 854L696 533Z\"><\/path><\/svg>\t\t\t\t\t\t<\/div>\n\t\t\t\t\t\t\t\t\t\t\t\t\t\t\t\t<div class=\"swiper-pagination\"><\/div>\n\t\t\t\t\t\t\t\t\t\t\t\t<\/div>\n\t\t\t\t\t\t\t\t<\/div>\n\t\t\t\t\t<\/div>\n\t\t\t\t<\/div>\n\t\t\t\t<\/div>\n\t\t","protected":false},"excerpt":{"rendered":"<h4><span dir=\"auto\" style=\"vertical-align: inherit; color: #c63527;\"><span dir=\"auto\" style=\"vertical-align: inherit;\">Forma trapezoidal y muy vers\u00e1til<\/span><\/span><\/h4>\n<p>&nbsp;<\/p>\n<p>Ya sea en salas de conciertos, fosos de orquesta o iglesias: nuestros podios de resonancia sirven como soporte ideal para un sonido claro, bien articulado y rico en arm\u00f3nicos. Los podios Classic son f\u00e1ciles de manejar (aprox. 22 kg con una altura de 20 cm) y, como m\u00f3dulos ac\u00fasticos, muy vers\u00e1tiles en su uso.<\/p>\n<p>Un sonido claro, rico en arm\u00f3nicos y bien articulado: este es el resultado de nuestro Resonanzio Classic para grupos de contrabajos y violonchelos.<br \/>\nPara los m\u00fasicos esto significa: una percepci\u00f3n m\u00e1s clara de su propia interpretaci\u00f3n, mejor contacto dentro del grupo y un sonido colectivo definido y diferenciado.<br \/>\nGracias a sus diversos tama\u00f1os, alturas y colores, los Resonanzio Classic pueden utilizarse en salas de conciertos, iglesias y fosos de \u00f3pera.<\/p>\n","protected":false},"featured_media":12818,"template":"","meta":[],"product_brand":[],"product_cat":[384],"product_tag":[],"class_list":{"0":"post-12995","1":"product","2":"type-product","3":"status-publish","4":"has-post-thumbnail","6":"product_cat-resonanzio","8":"first","9":"instock","10":"shipping-taxable","11":"product-type-simple"},"yoast_head":"<!-- This site is optimized with the Yoast SEO plugin v27.3 - https:\/\/yoast.com\/product\/yoast-seo-wordpress\/ -->\n<title>Resonanzio Musikerpodeste | Resonanzpodest | Das Original<\/title>\n<meta name=\"description\" content=\"KlangPodium f\u00fcr Orchester, Konzerts\u00e4le und Kirchen | Cellopodeste | Cellopodium | Musikerpodeste | Kontrabass-Podeste | Transparenter Klang\" \/>\n<meta name=\"robots\" content=\"index, follow, max-snippet:-1, max-image-preview:large, max-video-preview:-1\" \/>\n<link rel=\"canonical\" href=\"https:\/\/resonanzio.de\/es\/produkt\/podium-classic\/\" \/>\n<meta property=\"og:locale\" content=\"es_ES\" \/>\n<meta property=\"og:type\" content=\"article\" \/>\n<meta property=\"og:title\" content=\"Resonanzio Musikerpodeste | Resonanzpodest | Das Original\" \/>\n<meta property=\"og:description\" content=\"KlangPodium f\u00fcr Orchester, Konzerts\u00e4le und Kirchen | Cellopodeste | Cellopodium | Musikerpodeste | Kontrabass-Podeste | Transparenter Klang\" \/>\n<meta property=\"og:url\" content=\"https:\/\/resonanzio.de\/es\/produkt\/podium-classic\/\" \/>\n<meta property=\"og:site_name\" content=\"Resonanzio \u2013 F\u00fcr Orchester und Konzerts\u00e4le\" \/>\n<meta property=\"article:publisher\" content=\"https:\/\/www.facebook.com\/resonanzio\" \/>\n<meta property=\"article:modified_time\" content=\"2026-03-28T20:21:57+00:00\" \/>\n<meta property=\"og:image\" content=\"https:\/\/resonanzio.de\/wp-content\/uploads\/2025\/09\/Klangpodest-Cello-Podium.jpeg\" \/>\n\t<meta property=\"og:image:width\" content=\"500\" \/>\n\t<meta property=\"og:image:height\" content=\"500\" \/>\n\t<meta property=\"og:image:type\" content=\"image\/jpeg\" \/>\n<meta name=\"twitter:card\" content=\"summary_large_image\" \/>\n<meta name=\"twitter:label1\" content=\"Tiempo de lectura\" \/>\n\t<meta name=\"twitter:data1\" content=\"4 minutos\" \/>\n<script type=\"application\/ld+json\" class=\"yoast-schema-graph\">{\"@context\":\"https:\\\/\\\/schema.org\",\"@graph\":[{\"@type\":\"WebPage\",\"@id\":\"https:\\\/\\\/resonanzio.de\\\/es\\\/produkt\\\/podium-classic\\\/\",\"url\":\"https:\\\/\\\/resonanzio.de\\\/es\\\/produkt\\\/podium-classic\\\/\",\"name\":\"Resonanzio Musikerpodeste | Resonanzpodest | Das Original\",\"isPartOf\":{\"@id\":\"https:\\\/\\\/resonanzio.de\\\/en\\\/#website\"},\"primaryImageOfPage\":{\"@id\":\"https:\\\/\\\/resonanzio.de\\\/es\\\/produkt\\\/podium-classic\\\/#primaryimage\"},\"image\":{\"@id\":\"https:\\\/\\\/resonanzio.de\\\/es\\\/produkt\\\/podium-classic\\\/#primaryimage\"},\"thumbnailUrl\":\"https:\\\/\\\/resonanzio.de\\\/wp-content\\\/uploads\\\/2025\\\/09\\\/Klangpodest-Cello-Podium.jpeg\",\"datePublished\":\"2025-09-28T18:01:14+00:00\",\"dateModified\":\"2026-03-28T20:21:57+00:00\",\"description\":\"KlangPodium f\u00fcr Orchester, Konzerts\u00e4le und Kirchen | Cellopodeste | Cellopodium | Musikerpodeste | Kontrabass-Podeste | Transparenter Klang\",\"breadcrumb\":{\"@id\":\"https:\\\/\\\/resonanzio.de\\\/es\\\/produkt\\\/podium-classic\\\/#breadcrumb\"},\"inLanguage\":\"es\",\"potentialAction\":[{\"@type\":\"ReadAction\",\"target\":[\"https:\\\/\\\/resonanzio.de\\\/es\\\/produkt\\\/podium-classic\\\/\"]}]},{\"@type\":\"ImageObject\",\"inLanguage\":\"es\",\"@id\":\"https:\\\/\\\/resonanzio.de\\\/es\\\/produkt\\\/podium-classic\\\/#primaryimage\",\"url\":\"https:\\\/\\\/resonanzio.de\\\/wp-content\\\/uploads\\\/2025\\\/09\\\/Klangpodest-Cello-Podium.jpeg\",\"contentUrl\":\"https:\\\/\\\/resonanzio.de\\\/wp-content\\\/uploads\\\/2025\\\/09\\\/Klangpodest-Cello-Podium.jpeg\",\"width\":500,\"height\":500},{\"@type\":\"BreadcrumbList\",\"@id\":\"https:\\\/\\\/resonanzio.de\\\/es\\\/produkt\\\/podium-classic\\\/#breadcrumb\",\"itemListElement\":[{\"@type\":\"ListItem\",\"position\":1,\"name\":\"Startseite\",\"item\":\"https:\\\/\\\/resonanzio.de\\\/es\\\/\"},{\"@type\":\"ListItem\",\"position\":2,\"name\":\"Produkte default\",\"item\":\"https:\\\/\\\/resonanzio.de\\\/shop\\\/\"},{\"@type\":\"ListItem\",\"position\":3,\"name\":\"P\u00f2dium Classic\"}]},{\"@type\":\"WebSite\",\"@id\":\"https:\\\/\\\/resonanzio.de\\\/en\\\/#website\",\"url\":\"https:\\\/\\\/resonanzio.de\\\/en\\\/\",\"name\":\"Resonanzio \u2013 F\u00fcr Orchester und Konzerts\u00e4le\",\"description\":\"Resonanz-Podeste f\u00fcr Orchester und Konzerts\u00e4le\",\"publisher\":{\"@id\":\"https:\\\/\\\/resonanzio.de\\\/en\\\/#organization\"},\"potentialAction\":[{\"@type\":\"SearchAction\",\"target\":{\"@type\":\"EntryPoint\",\"urlTemplate\":\"https:\\\/\\\/resonanzio.de\\\/en\\\/?s={search_term_string}\"},\"query-input\":{\"@type\":\"PropertyValueSpecification\",\"valueRequired\":true,\"valueName\":\"search_term_string\"}}],\"inLanguage\":\"es\"},{\"@type\":\"Organization\",\"@id\":\"https:\\\/\\\/resonanzio.de\\\/en\\\/#organization\",\"name\":\"Resonanzio \u2013 F\u00fcr Orchester und Konzerts\u00e4le\",\"url\":\"https:\\\/\\\/resonanzio.de\\\/en\\\/\",\"logo\":{\"@type\":\"ImageObject\",\"inLanguage\":\"es\",\"@id\":\"https:\\\/\\\/resonanzio.de\\\/en\\\/#\\\/schema\\\/logo\\\/image\\\/\",\"url\":\"https:\\\/\\\/resonanzio.de\\\/wp-content\\\/uploads\\\/2025\\\/11\\\/Resonanzio_klangpodest_klangpodium_cellopodest-cellopodium_soundpodium_riser.jpeg\",\"contentUrl\":\"https:\\\/\\\/resonanzio.de\\\/wp-content\\\/uploads\\\/2025\\\/11\\\/Resonanzio_klangpodest_klangpodium_cellopodest-cellopodium_soundpodium_riser.jpeg\",\"width\":390,\"height\":514,\"caption\":\"Resonanzio \u2013 F\u00fcr Orchester und Konzerts\u00e4le\"},\"image\":{\"@id\":\"https:\\\/\\\/resonanzio.de\\\/en\\\/#\\\/schema\\\/logo\\\/image\\\/\"},\"sameAs\":[\"https:\\\/\\\/www.facebook.com\\\/resonanzio\",\"https:\\\/\\\/www.instagram.com\\\/resonanzio\\\/\"]}]}<\/script>\n<!-- \/ Yoast SEO plugin. -->","yoast_head_json":{"title":"Resonanzio Musikerpodeste | Resonanzpodest | Das Original","description":"KlangPodium f\u00fcr Orchester, Konzerts\u00e4le und Kirchen | Cellopodeste | Cellopodium | Musikerpodeste | Kontrabass-Podeste | Transparenter Klang","robots":{"index":"index","follow":"follow","max-snippet":"max-snippet:-1","max-image-preview":"max-image-preview:large","max-video-preview":"max-video-preview:-1"},"canonical":"https:\/\/resonanzio.de\/es\/produkt\/podium-classic\/","og_locale":"es_ES","og_type":"article","og_title":"Resonanzio Musikerpodeste | Resonanzpodest | Das Original","og_description":"KlangPodium f\u00fcr Orchester, Konzerts\u00e4le und Kirchen | Cellopodeste | Cellopodium | Musikerpodeste | Kontrabass-Podeste | Transparenter Klang","og_url":"https:\/\/resonanzio.de\/es\/produkt\/podium-classic\/","og_site_name":"Resonanzio \u2013 F\u00fcr Orchester und Konzerts\u00e4le","article_publisher":"https:\/\/www.facebook.com\/resonanzio","article_modified_time":"2026-03-28T20:21:57+00:00","og_image":[{"width":500,"height":500,"url":"https:\/\/resonanzio.de\/wp-content\/uploads\/2025\/09\/Klangpodest-Cello-Podium.jpeg","type":"image\/jpeg"}],"twitter_card":"summary_large_image","twitter_misc":{"Tiempo de lectura":"4 minutos"},"schema":{"@context":"https:\/\/schema.org","@graph":[{"@type":"WebPage","@id":"https:\/\/resonanzio.de\/es\/produkt\/podium-classic\/","url":"https:\/\/resonanzio.de\/es\/produkt\/podium-classic\/","name":"Resonanzio Musikerpodeste | Resonanzpodest | Das Original","isPartOf":{"@id":"https:\/\/resonanzio.de\/en\/#website"},"primaryImageOfPage":{"@id":"https:\/\/resonanzio.de\/es\/produkt\/podium-classic\/#primaryimage"},"image":{"@id":"https:\/\/resonanzio.de\/es\/produkt\/podium-classic\/#primaryimage"},"thumbnailUrl":"https:\/\/resonanzio.de\/wp-content\/uploads\/2025\/09\/Klangpodest-Cello-Podium.jpeg","datePublished":"2025-09-28T18:01:14+00:00","dateModified":"2026-03-28T20:21:57+00:00","description":"KlangPodium f\u00fcr Orchester, Konzerts\u00e4le und Kirchen | Cellopodeste | Cellopodium | Musikerpodeste | Kontrabass-Podeste | Transparenter Klang","breadcrumb":{"@id":"https:\/\/resonanzio.de\/es\/produkt\/podium-classic\/#breadcrumb"},"inLanguage":"es","potentialAction":[{"@type":"ReadAction","target":["https:\/\/resonanzio.de\/es\/produkt\/podium-classic\/"]}]},{"@type":"ImageObject","inLanguage":"es","@id":"https:\/\/resonanzio.de\/es\/produkt\/podium-classic\/#primaryimage","url":"https:\/\/resonanzio.de\/wp-content\/uploads\/2025\/09\/Klangpodest-Cello-Podium.jpeg","contentUrl":"https:\/\/resonanzio.de\/wp-content\/uploads\/2025\/09\/Klangpodest-Cello-Podium.jpeg","width":500,"height":500},{"@type":"BreadcrumbList","@id":"https:\/\/resonanzio.de\/es\/produkt\/podium-classic\/#breadcrumb","itemListElement":[{"@type":"ListItem","position":1,"name":"Startseite","item":"https:\/\/resonanzio.de\/es\/"},{"@type":"ListItem","position":2,"name":"Produkte default","item":"https:\/\/resonanzio.de\/shop\/"},{"@type":"ListItem","position":3,"name":"P\u00f2dium Classic"}]},{"@type":"WebSite","@id":"https:\/\/resonanzio.de\/en\/#website","url":"https:\/\/resonanzio.de\/en\/","name":"Resonanzio \u2013 F\u00fcr Orchester und Konzerts\u00e4le","description":"Resonanz-Podeste f\u00fcr Orchester und Konzerts\u00e4le","publisher":{"@id":"https:\/\/resonanzio.de\/en\/#organization"},"potentialAction":[{"@type":"SearchAction","target":{"@type":"EntryPoint","urlTemplate":"https:\/\/resonanzio.de\/en\/?s={search_term_string}"},"query-input":{"@type":"PropertyValueSpecification","valueRequired":true,"valueName":"search_term_string"}}],"inLanguage":"es"},{"@type":"Organization","@id":"https:\/\/resonanzio.de\/en\/#organization","name":"Resonanzio \u2013 F\u00fcr Orchester und Konzerts\u00e4le","url":"https:\/\/resonanzio.de\/en\/","logo":{"@type":"ImageObject","inLanguage":"es","@id":"https:\/\/resonanzio.de\/en\/#\/schema\/logo\/image\/","url":"https:\/\/resonanzio.de\/wp-content\/uploads\/2025\/11\/Resonanzio_klangpodest_klangpodium_cellopodest-cellopodium_soundpodium_riser.jpeg","contentUrl":"https:\/\/resonanzio.de\/wp-content\/uploads\/2025\/11\/Resonanzio_klangpodest_klangpodium_cellopodest-cellopodium_soundpodium_riser.jpeg","width":390,"height":514,"caption":"Resonanzio \u2013 F\u00fcr Orchester und Konzerts\u00e4le"},"image":{"@id":"https:\/\/resonanzio.de\/en\/#\/schema\/logo\/image\/"},"sameAs":["https:\/\/www.facebook.com\/resonanzio","https:\/\/www.instagram.com\/resonanzio\/"]}]}},"_links":{"self":[{"href":"https:\/\/resonanzio.de\/es\/wp-json\/wp\/v2\/product\/12995","targetHints":{"allow":["GET"]}}],"collection":[{"href":"https:\/\/resonanzio.de\/es\/wp-json\/wp\/v2\/product"}],"about":[{"href":"https:\/\/resonanzio.de\/es\/wp-json\/wp\/v2\/types\/product"}],"version-history":[{"count":10,"href":"https:\/\/resonanzio.de\/es\/wp-json\/wp\/v2\/product\/12995\/revisions"}],"predecessor-version":[{"id":13040,"href":"https:\/\/resonanzio.de\/es\/wp-json\/wp\/v2\/product\/12995\/revisions\/13040"}],"wp:featuredmedia":[{"embeddable":true,"href":"https:\/\/resonanzio.de\/es\/wp-json\/wp\/v2\/media\/12818"}],"wp:attachment":[{"href":"https:\/\/resonanzio.de\/es\/wp-json\/wp\/v2\/media?parent=12995"}],"wp:term":[{"taxonomy":"product_brand","embeddable":true,"href":"https:\/\/resonanzio.de\/es\/wp-json\/wp\/v2\/product_brand?post=12995"},{"taxonomy":"product_cat","embeddable":true,"href":"https:\/\/resonanzio.de\/es\/wp-json\/wp\/v2\/product_cat?post=12995"},{"taxonomy":"product_tag","embeddable":true,"href":"https:\/\/resonanzio.de\/es\/wp-json\/wp\/v2\/product_tag?post=12995"}],"curies":[{"name":"wp","href":"https:\/\/api.w.org\/{rel}","templated":true}]}}